{"id":31922,"date":"2022-11-04T14:00:57","date_gmt":"2022-11-04T13:00:57","guid":{"rendered":"https:\/\/blog.matusz-vad.hu\/?page_id=31922"},"modified":"2022-11-10T13:36:03","modified_gmt":"2022-11-10T12:36:03","slug":"receptek-2","status":"publish","type":"page","link":"https:\/\/blog.matusz-vad.hu\/de\/receptek-2\/","title":{"rendered":"Rezepte"},"content":{"rendered":"<div class=\"matus-fooldal-1 matus-entity-placement\" id=\"matus-2173392060\"><div id=\"matus-2356804839\" style=\"margin-bottom: 30px;\"><a href=\"https:\/\/shop.matusz-vad.hu\/hu\/brand\/12315?utm_source=blog&#038;utm_medium=banner&#038;utm_campaign=heinz_2026_04&#038;ref=blog\" aria-label=\"Matusz-Vad_slider_Heinz_v2\"><img loading=\"lazy\" decoding=\"async\" src=\"https:\/\/blog.matusz-vad.hu\/wp-content\/uploads\/2023\/01\/Matusz-Vad_slider_Heinz_v2.jpg\" alt=\"\"  srcset=\"https:\/\/blog.matusz-vad.hu\/wp-content\/uploads\/2023\/01\/Matusz-Vad_slider_Heinz_v2.jpg 1383w, https:\/\/blog.matusz-vad.hu\/wp-content\/uploads\/2023\/01\/Matusz-Vad_slider_Heinz_v2-300x95.jpg 300w, https:\/\/blog.matusz-vad.hu\/wp-content\/uploads\/2023\/01\/Matusz-Vad_slider_Heinz_v2-1024x324.jpg 1024w, https:\/\/blog.matusz-vad.hu\/wp-content\/uploads\/2023\/01\/Matusz-Vad_slider_Heinz_v2-768x243.jpg 768w, https:\/\/blog.matusz-vad.hu\/wp-content\/uploads\/2023\/01\/Matusz-Vad_slider_Heinz_v2-18x6.jpg 18w, https:\/\/blog.matusz-vad.hu\/wp-content\/uploads\/2023\/01\/Matusz-Vad_slider_Heinz_v2-500x158.jpg 500w, https:\/\/blog.matusz-vad.hu\/wp-content\/uploads\/2023\/01\/Matusz-Vad_slider_Heinz_v2-1000x317.jpg 1000w, https:\/\/blog.matusz-vad.hu\/wp-content\/uploads\/2023\/01\/Matusz-Vad_slider_Heinz_v2-800x253.jpg 800w\" sizes=\"(max-width: 1383px) 100vw, 1383px\" width=\"1383\" height=\"438\"   \/><\/a><\/div><\/div><div class=\"wpb-content-wrapper\"><div class=\"vc_row wpb_row vc_row-fluid\"><div class=\"wpb_column vc_column_container vc_col-sm-8\"><div class=\"vc_column-inner\"><div class=\"wpb_wrapper\">\n<div class=\"vc_grid-container-wrapper vc_clearfix vc_grid-animation-fadeIn\">\n\t<div class=\"vc_grid-container vc_clearfix wpb_content_element vc_masonry_grid\" data-initial-loading-animation=\"fadeIn\" data-vc-grid-settings=\"{&quot;page_id&quot;:31922,&quot;style&quot;:&quot;load-more-masonry&quot;,&quot;action&quot;:&quot;vc_get_vc_grid_data&quot;,&quot;shortcode_id&quot;:&quot;1668083344030-7c5ee227-1f6e-6&quot;,&quot;items_per_page&quot;:&quot;10&quot;,&quot;btn_data&quot;:{&quot;title&quot;:&quot;Tov\\u00e1bb&quot;,&quot;style&quot;:&quot;flat&quot;,&quot;gradient_color_1&quot;:&quot;&quot;,&quot;gradient_color_2&quot;:&quot;&quot;,&quot;gradient_custom_color_1&quot;:&quot;&quot;,&quot;gradient_custom_color_2&quot;:&quot;&quot;,&quot;gradient_text_color&quot;:&quot;&quot;,&quot;custom_background&quot;:&quot;#ededed&quot;,&quot;custom_text&quot;:&quot;#666&quot;,&quot;outline_custom_color&quot;:&quot;#666&quot;,&quot;outline_custom_hover_background&quot;:&quot;#666&quot;,&quot;outline_custom_hover_text&quot;:&quot;#fff&quot;,&quot;shape&quot;:&quot;rounded&quot;,&quot;color&quot;:&quot;danger&quot;,&quot;size&quot;:&quot;md&quot;,&quot;align&quot;:&quot;inline&quot;,&quot;button_block&quot;:&quot;&quot;,&quot;add_icon&quot;:&quot;&quot;,&quot;i_align&quot;:&quot;left&quot;,&quot;i_type&quot;:&quot;fontawesome&quot;,&quot;i_icon_fontawesome&quot;:&quot;fas fa-adjust&quot;,&quot;i_icon_openiconic&quot;:&quot;vc-oi vc-oi-dial&quot;,&quot;i_icon_typicons&quot;:&quot;typcn typcn-adjust-brightness&quot;,&quot;i_icon_entypo&quot;:&quot;entypo-icon entypo-icon-note&quot;,&quot;i_icon_linecons&quot;:&quot;vc_li vc_li-heart&quot;,&quot;i_icon_monosocial&quot;:&quot;&quot;,&quot;i_icon_material&quot;:&quot;&quot;,&quot;i_icon_pixelicons&quot;:&quot;vc_pixel_icon vc_pixel_icon-alert&quot;,&quot;el_id&quot;:&quot;&quot;,&quot;custom_onclick&quot;:&quot;&quot;,&quot;custom_onclick_code&quot;:&quot;&quot;},&quot;tag&quot;:&quot;vc_masonry_grid&quot;}\" data-vc-request=\"https:\/\/blog.matusz-vad.hu\/wp-admin\/admin-ajax.php\" data-vc-post-id=\"31922\" data-vc-public-nonce=\"b7cb5f84ec\">\n\t\t\n\t<\/div>\n<\/div><\/div><\/div><\/div><div class=\"wpb_column vc_column_container vc_col-sm-4\"><div class=\"vc_column-inner\"><div class=\"wpb_wrapper\"><div  class=\"wpb_widgetised_column wpb_content_element\">\n\t\t<div class=\"wpb_wrapper\">\n\t\t\t\n\t\t\t<div class=\"widget matus-widget\"><h3 class=\"widget-title\"><span class=\"fnwp-title-widget\">Partner-Link<\/span><\/h3><div id=\"matus-1115945930\"><a href=\"https:\/\/etlap.online\/\" aria-label=\"logo_etlap.online.fekvo_.red_attetszo_hatter\"><img loading=\"lazy\" decoding=\"async\" src=\"https:\/\/blog.matusz-vad.hu\/wp-content\/uploads\/2023\/05\/logo_etlap.online.fekvo_.piros_attetszo_hatter.png\" alt=\"\"  srcset=\"https:\/\/blog.matusz-vad.hu\/wp-content\/uploads\/2023\/05\/logo_etlap.online.fekvo_.piros_attetszo_hatter.png 500w, https:\/\/blog.matusz-vad.hu\/wp-content\/uploads\/2023\/05\/logo_etlap.online.fekvo_.piros_attetszo_hatter-300x180.png 300w\" sizes=\"auto, (max-width: 500px) 100vw, 500px\" width=\"500\" height=\"300\"   \/><\/a><\/div><\/div><div id=\"media_image-2\" class=\"widget widget_media_image\"><a href=\"https:\/\/chefs.hu\/\"><img loading=\"lazy\" decoding=\"async\" width=\"300\" height=\"208\" src=\"https:\/\/blog.matusz-vad.hu\/wp-content\/uploads\/2023\/05\/chefhu-300x208.jpg\" class=\"image wp-image-36476  attachment-medium size-medium\" alt=\"\" style=\"max-width: 100%; height: auto;\" srcset=\"https:\/\/blog.matusz-vad.hu\/wp-content\/uploads\/2023\/05\/chefhu-300x208.jpg 300w, https:\/\/blog.matusz-vad.hu\/wp-content\/uploads\/2023\/05\/chefhu-500x347.jpg 500w, https:\/\/blog.matusz-vad.hu\/wp-content\/uploads\/2023\/05\/chefhu.jpg 600w\" sizes=\"auto, (max-width: 300px) 100vw, 300px\" \/><\/a><\/div>\t\t<div id=\"mega-posts-2\" class=\"widget fnwp-widget flownews_widget fnwp_mega_posts\">\t\t<h3 class=\"widget-title\"><span class=\"fnwp-title-widget\">Rezepte<\/span><\/h3>\t\t<div class=\"mega-posts fnwp-mega-post-widget-1\">\r\n        \r\n\t\t        <div class=\"box_post\">\r\n        \t<div class=\"container_post ad_one_one\">\r\n            \t<div class=\"img-post fnwp-mega-post-item-0 ad_one_third\">\r\n\t\t\t\t\t<a href=\"https:\/\/blog.matusz-vad.hu\/de\/bogracs-ust-fozoedeny\/\"><img decoding=\"async\" src=\"https:\/\/blog.matusz-vad.hu\/wp-content\/uploads\/2022\/04\/roasted-g8f03d347c_1920.jpg\" alt=\"T\u00e9nyleg van, aki \u00fcstben f\u0151z?\"><\/a>\t\t\t\t\t\t\t\t\t<\/div>\r\n            \t<div class=\"box-info ad_two_third\">\r\n \t\t\t\t\t<h4 class=\"title-post\">\r\n        \t\t\t\t\t\t<a href=\"https:\/\/blog.matusz-vad.hu\/de\/bogracs-ust-fozoedeny\/\" title=\"Kocht jemand wirklich in einem Kessel?\">\t\t\r\n\t\t\t\t\t\t\t\t\tKocht jemand wirklich in einem Kessel?        \t\t\t\t\t\t<\/a>                    \r\n        \t\t\t<\/h4>\r\n               \t\t<span class=\"data\"><i class=\"flownewsicon fa-calendar-o\"><\/i>3. Mai 2022<\/span>\r\n\t\t\t\t<\/div>\r\n            <\/div>\r\n        <\/div>\r\n        \r\n\t\t        <div class=\"box_post\">\r\n        \t<div class=\"container_post ad_one_one\">\r\n            \t<div class=\"img-post fnwp-mega-post-item-1 ad_one_third\">\r\n\t\t\t\t\t<a href=\"https:\/\/blog.matusz-vad.hu\/de\/boren-sult-fogasfile-tepsis-zoldsegekkel\/\"><img decoding=\"async\" src=\"https:\/\/blog.matusz-vad.hu\/wp-content\/uploads\/2022\/05\/19101221_l-300x200.jpg\" alt=\"B\u0151r\u00e9n s\u00fclt fogasfil\u00e9 tepsis z\u00f6lds\u00e9gekkel\"><\/a>\t\t\t\t\t\t\t\t\t<\/div>\r\n            \t<div class=\"box-info ad_two_third\">\r\n \t\t\t\t\t<h4 class=\"title-post\">\r\n        \t\t\t\t\t\t<a href=\"https:\/\/blog.matusz-vad.hu\/de\/boren-sult-fogasfile-tepsis-zoldsegekkel\/\" title=\"Gebratenes Schweinefilet mit Gem\u00fcse\">\t\t\r\n\t\t\t\t\t\t\t\t\tGebratenes Schweinefilet mit Gem\u00fcse        \t\t\t\t\t\t<\/a>                    \r\n        \t\t\t<\/h4>\r\n               \t\t<span class=\"data\"><i class=\"flownewsicon fa-calendar-o\"><\/i>22. Mai 2022<\/span>\r\n\t\t\t\t<\/div>\r\n            <\/div>\r\n        <\/div>\r\n        \r\n\t\t        <div class=\"box_post\">\r\n        \t<div class=\"container_post ad_one_one\">\r\n            \t<div class=\"img-post fnwp-mega-post-item-2 ad_one_third\">\r\n\t\t\t\t\t<a href=\"https:\/\/blog.matusz-vad.hu\/de\/tuskes-pecsenye-ami-szetolvad-a-szajaban\/\"><img decoding=\"async\" src=\"https:\/\/blog.matusz-vad.hu\/wp-content\/uploads\/2022\/05\/pecsenye.jpg\" alt=\"T\u00fcsk\u00e9s pecsenye, ami sz\u00e9tolvad a sz\u00e1jban\"><\/a>\t\t\t\t\t\t\t\t\t<\/div>\r\n            \t<div class=\"box-info ad_two_third\">\r\n \t\t\t\t\t<h4 class=\"title-post\">\r\n        \t\t\t\t\t\t<a href=\"https:\/\/blog.matusz-vad.hu\/de\/tuskes-pecsenye-ami-szetolvad-a-szajaban\/\" title=\"W\u00fcrziges Steak, das auf der Zunge zergeht\">\t\t\r\n\t\t\t\t\t\t\t\t\tW\u00fcrziges Steak, das auf der Zunge zergeht        \t\t\t\t\t\t<\/a>                    \r\n        \t\t\t<\/h4>\r\n               \t\t<span class=\"data\"><i class=\"flownewsicon fa-calendar-o\"><\/i>27. Mai 2022<\/span>\r\n\t\t\t\t<\/div>\r\n            <\/div>\r\n        <\/div>\r\n        \r\n\t\t        <div class=\"box_post\">\r\n        \t<div class=\"container_post ad_one_one\">\r\n            \t<div class=\"img-post fnwp-mega-post-item-3 ad_one_third\">\r\n\t\t\t\t\t<a href=\"https:\/\/blog.matusz-vad.hu\/de\/rokagombas-spagetti-parmezannal\/\"><img decoding=\"async\" src=\"https:\/\/blog.matusz-vad.hu\/wp-content\/uploads\/2022\/05\/thumbnail_image0-1.jpg\" alt=\"R\u00f3kagomb\u00e1s spagetti parmez\u00e1nnal\"><\/a>\t\t\t\t\t\t\t\t\t<\/div>\r\n            \t<div class=\"box-info ad_two_third\">\r\n \t\t\t\t\t<h4 class=\"title-post\">\r\n        \t\t\t\t\t\t<a href=\"https:\/\/blog.matusz-vad.hu\/de\/rokagombas-spagetti-parmezannal\/\" title=\"Spaghetti mit Pfifferlingen und Parmesan\">\t\t\r\n\t\t\t\t\t\t\t\t\tSpaghetti mit Pfifferlingen und Parmesan        \t\t\t\t\t\t<\/a>                    \r\n        \t\t\t<\/h4>\r\n               \t\t<span class=\"data\"><i class=\"flownewsicon fa-calendar-o\"><\/i>Mai 23, 2022<\/span>\r\n\t\t\t\t<\/div>\r\n            <\/div>\r\n        <\/div>\r\n        \r\n\t\t        <div class=\"box_post\">\r\n        \t<div class=\"container_post ad_one_one\">\r\n            \t<div class=\"img-post fnwp-mega-post-item-4 ad_one_third\">\r\n\t\t\t\t\t<a href=\"https:\/\/blog.matusz-vad.hu\/de\/tarkonyos-borjuraguleves\/\"><img decoding=\"async\" src=\"https:\/\/blog.matusz-vad.hu\/wp-content\/uploads\/2022\/05\/thumbnail_52701293_fb-link-4.jpg\" alt=\"\u00a0T\u00e1rkonyos borj\u00faraguleves\u00a0\"><\/a>\t\t\t\t\t\t\t\t\t<\/div>\r\n            \t<div class=\"box-info ad_two_third\">\r\n \t\t\t\t\t<h4 class=\"title-post\">\r\n        \t\t\t\t\t\t<a href=\"https:\/\/blog.matusz-vad.hu\/de\/tarkonyos-borjuraguleves\/\" title=\"\u00a0Kalbsragout mit Estragon\u00a0\">\t\t\r\n\t\t\t\t\t\t\t\t\t\u00a0Kalbsragout mit Estragon\u00a0        \t\t\t\t\t\t<\/a>                    \r\n        \t\t\t<\/h4>\r\n               \t\t<span class=\"data\"><i class=\"flownewsicon fa-calendar-o\"><\/i>30. Mai 2022<\/span>\r\n\t\t\t\t<\/div>\r\n            <\/div>\r\n        <\/div>\r\n        \r\n\t\t\t\t<\/div>\r\n\t\t<\/div><div id=\"widget-fnwp_social-2\" class=\"widget widget_fnwp_social fnwp-widget flownews_widget fnwp_social\"><h3 class=\"widget-title\"><span class=\"fnwp-title-widget\">Folgen Sie uns!<\/span><\/h3>\t\t\t<div class=\"box_social ad_one_one flownews-widget-social-style1\">   \r\n\t\t\t\t\t\t\t<div class=\"box-icon-social ad_one_third facebook\"><a href=\"https:\/\/www.facebook.com\/MatuszVad\/\" class=\"flownewsicon fa-facebook-official\"><\/a><p class=\"text-social\">FACEBOOK<\/p><\/div><div class=\"box-icon-social ad_one_third instagram\"><a href=\"https:\/\/www.instagram.com\/matuszvad\/\" class=\"flownewsicon fa-instagram\"><\/a><p class=\"text-social\">INSTAGRAM<\/p><\/div><div class=\"box-icon-social ad_one_third youtube\"><a href=\"https:\/\/www.youtube.com\/user\/matuszvad\" class=\"flownewsicon fa-youtube\"><\/a><p class=\"text-social\">YOUTUBE<\/p><\/div>\t\t\t             <div class=\"clearfix\"><\/div>\r\n            <\/div>\r\n\t\t<\/div>\n\t\t<\/div>\n\t<\/div>\n<\/div><\/div><\/div><\/div>\n<\/div><div class=\"matus-fooldal-3 matus-entity-placement\" id=\"matus-764598384\"><div id=\"matus-3744977526\" style=\"margin-bottom: 30px;\"><a href=\"https:\/\/shop.matusz-vad.hu\/hu\/brand\/12315?utm_source=blog&#038;utm_medium=banner&#038;utm_campaign=heinz_2026_04&#038;ref=blog\" aria-label=\"Matusz-Vad_slider_Heinz_v2\"><img loading=\"lazy\" decoding=\"async\" src=\"https:\/\/blog.matusz-vad.hu\/wp-content\/uploads\/2023\/01\/Matusz-Vad_slider_Heinz_v2.jpg\" alt=\"\"  srcset=\"https:\/\/blog.matusz-vad.hu\/wp-content\/uploads\/2023\/01\/Matusz-Vad_slider_Heinz_v2.jpg 1383w, https:\/\/blog.matusz-vad.hu\/wp-content\/uploads\/2023\/01\/Matusz-Vad_slider_Heinz_v2-300x95.jpg 300w, https:\/\/blog.matusz-vad.hu\/wp-content\/uploads\/2023\/01\/Matusz-Vad_slider_Heinz_v2-1024x324.jpg 1024w, https:\/\/blog.matusz-vad.hu\/wp-content\/uploads\/2023\/01\/Matusz-Vad_slider_Heinz_v2-768x243.jpg 768w, https:\/\/blog.matusz-vad.hu\/wp-content\/uploads\/2023\/01\/Matusz-Vad_slider_Heinz_v2-18x6.jpg 18w, https:\/\/blog.matusz-vad.hu\/wp-content\/uploads\/2023\/01\/Matusz-Vad_slider_Heinz_v2-500x158.jpg 500w, https:\/\/blog.matusz-vad.hu\/wp-content\/uploads\/2023\/01\/Matusz-Vad_slider_Heinz_v2-1000x317.jpg 1000w, https:\/\/blog.matusz-vad.hu\/wp-content\/uploads\/2023\/01\/Matusz-Vad_slider_Heinz_v2-800x253.jpg 800w\" sizes=\"(max-width: 1383px) 100vw, 1383px\" width=\"1383\" height=\"438\"   \/><\/a><\/div><\/div>","protected":false},"excerpt":{"rendered":"Igaz, hogy ny\u00e1ron kev\u00e9sb\u00e9 k\u00edv\u00e1njuk a forr\u00f3 levest, de ennek a t\u00e1rkonyos el\u0151\u00e9telnek a citrusoss\u00e1ga m\u00e9g a nagy melegben is felfriss\u00edthet minket. Hozz\u00e1val\u00f3k 4 f\u0151re 80 dkg borj\u00facomb 8 dkg sert\u00e9szs\u00edr 15 dkg v\u00f6r\u00f6shagyma 20 dkg s\u00e1rgar\u00e9pa 15 dkg feh\u00e9rr\u00e9pa 1.5 l v\u00edz 2 dl feh\u00e9rbor 2 gerezd fokhagyma S\u00f3, bors, t\u00e1rkony \u00edzl\u00e9s szerint 1.5<a class=\"article-read-more\" href=\"https:\/\/blog.matusz-vad.hu\/de\/tarkonyos-borjuraguleves\/\"><i class=\"flownewsicon fa-angle-double-right\"><\/i><\/a>","protected":false},"author":14,"featured_media":0,"parent":0,"menu_order":0,"comment_status":"closed","ping_status":"closed","template":"","meta":{"footnotes":""},"class_list":["post-31922","page","type-page","status-publish","hentry"],"yoast_head":"<!-- This site is optimized with the Yoast SEO Premium plugin v27.5 (Yoast SEO v27.5) - https:\/\/yoast.com\/product\/yoast-seo-premium-wordpress\/ -->\n<title>Receptek - Matusz-Vad Blog<\/title>\n<meta name=\"robots\" content=\"index, follow, max-snippet:-1, max-image-preview:large, max-video-preview:-1\" \/>\n<link rel=\"canonical\" href=\"https:\/\/blog.matusz-vad.hu\/de\/receptek-2\/\" \/>\n<meta property=\"og:locale\" content=\"de_DE\" \/>\n<meta property=\"og:type\" content=\"article\" \/>\n<meta property=\"og:title\" content=\"Receptek\" \/>\n<meta property=\"og:url\" content=\"https:\/\/blog.matusz-vad.hu\/de\/receptek-2\/\" \/>\n<meta property=\"og:site_name\" content=\"Matusz-Vad Blog\" \/>\n<meta property=\"article:publisher\" content=\"https:\/\/www.facebook.com\/MatuszVad\" \/>\n<meta property=\"article:modified_time\" content=\"2022-11-10T12:36:03+00:00\" \/>\n<meta name=\"twitter:card\" content=\"summary_large_image\" \/>\n<meta name=\"twitter:label1\" content=\"Gesch\u00e4tzte Lesezeit\" \/>\n\t<meta name=\"twitter:data1\" content=\"1 Minute\" \/>\n<script type=\"application\/ld+json\" class=\"yoast-schema-graph\">{\"@context\":\"https:\\\/\\\/schema.org\",\"@graph\":[{\"@type\":\"WebPage\",\"@id\":\"https:\\\/\\\/blog.matusz-vad.hu\\\/receptek-2\\\/\",\"url\":\"https:\\\/\\\/blog.matusz-vad.hu\\\/receptek-2\\\/\",\"name\":\"Receptek - Matusz-Vad Blog\",\"isPartOf\":{\"@id\":\"https:\\\/\\\/blog.matusz-vad.hu\\\/#website\"},\"datePublished\":\"2022-11-04T13:00:57+00:00\",\"dateModified\":\"2022-11-10T12:36:03+00:00\",\"breadcrumb\":{\"@id\":\"https:\\\/\\\/blog.matusz-vad.hu\\\/receptek-2\\\/#breadcrumb\"},\"inLanguage\":\"de-AT\",\"potentialAction\":[{\"@type\":\"ReadAction\",\"target\":[\"https:\\\/\\\/blog.matusz-vad.hu\\\/receptek-2\\\/\"]}]},{\"@type\":\"BreadcrumbList\",\"@id\":\"https:\\\/\\\/blog.matusz-vad.hu\\\/receptek-2\\\/#breadcrumb\",\"itemListElement\":[{\"@type\":\"ListItem\",\"position\":1,\"name\":\"Kezd\u0151lap\",\"item\":\"https:\\\/\\\/blog.matusz-vad.hu\\\/\"},{\"@type\":\"ListItem\",\"position\":2,\"name\":\"Receptek\"}]},{\"@type\":\"WebSite\",\"@id\":\"https:\\\/\\\/blog.matusz-vad.hu\\\/#website\",\"url\":\"https:\\\/\\\/blog.matusz-vad.hu\\\/\",\"name\":\"Matusz-Vad Blog\",\"description\":\"Inspir\u00e1ci\u00f3s magazin a gasztron\u00f3mia szerepl\u0151i r\u00e9sz\u00e9re\",\"publisher\":{\"@id\":\"https:\\\/\\\/blog.matusz-vad.hu\\\/#organization\"},\"potentialAction\":[{\"@type\":\"SearchAction\",\"target\":{\"@type\":\"EntryPoint\",\"urlTemplate\":\"https:\\\/\\\/blog.matusz-vad.hu\\\/?s={search_term_string}\"},\"query-input\":{\"@type\":\"PropertyValueSpecification\",\"valueRequired\":true,\"valueName\":\"search_term_string\"}}],\"inLanguage\":\"de-AT\"},{\"@type\":\"Organization\",\"@id\":\"https:\\\/\\\/blog.matusz-vad.hu\\\/#organization\",\"name\":\"Matusz-Vad Blog\",\"url\":\"https:\\\/\\\/blog.matusz-vad.hu\\\/\",\"logo\":{\"@type\":\"ImageObject\",\"inLanguage\":\"de-AT\",\"@id\":\"https:\\\/\\\/blog.matusz-vad.hu\\\/#\\\/schema\\\/logo\\\/image\\\/\",\"url\":\"https:\\\/\\\/blog.matusz-vad.hu\\\/wp-content\\\/uploads\\\/2021\\\/09\\\/cropped-Matusz_logo_teljes.jpg\",\"contentUrl\":\"https:\\\/\\\/blog.matusz-vad.hu\\\/wp-content\\\/uploads\\\/2021\\\/09\\\/cropped-Matusz_logo_teljes.jpg\",\"width\":801,\"height\":338,\"caption\":\"Matusz-Vad Blog\"},\"image\":{\"@id\":\"https:\\\/\\\/blog.matusz-vad.hu\\\/#\\\/schema\\\/logo\\\/image\\\/\"},\"sameAs\":[\"https:\\\/\\\/www.facebook.com\\\/MatuszVad\",\"https:\\\/\\\/www.linkedin.com\\\/company\\\/14790524\\\/admin\\\/\",\"https:\\\/\\\/www.facebook.com\\\/GourmetMarketPoweredByMatusz\"]}]}<\/script>\n<!-- \/ Yoast SEO Premium plugin. -->","yoast_head_json":{"title":"Receptek - Matusz-Vad Blog","robots":{"index":"index","follow":"follow","max-snippet":"max-snippet:-1","max-image-preview":"max-image-preview:large","max-video-preview":"max-video-preview:-1"},"canonical":"https:\/\/blog.matusz-vad.hu\/de\/receptek-2\/","og_locale":"de_DE","og_type":"article","og_title":"Receptek","og_url":"https:\/\/blog.matusz-vad.hu\/de\/receptek-2\/","og_site_name":"Matusz-Vad Blog","article_publisher":"https:\/\/www.facebook.com\/MatuszVad","article_modified_time":"2022-11-10T12:36:03+00:00","twitter_card":"summary_large_image","twitter_misc":{"Gesch\u00e4tzte Lesezeit":"1 Minute"},"schema":{"@context":"https:\/\/schema.org","@graph":[{"@type":"WebPage","@id":"https:\/\/blog.matusz-vad.hu\/receptek-2\/","url":"https:\/\/blog.matusz-vad.hu\/receptek-2\/","name":"Receptek - Matusz-Vad Blog","isPartOf":{"@id":"https:\/\/blog.matusz-vad.hu\/#website"},"datePublished":"2022-11-04T13:00:57+00:00","dateModified":"2022-11-10T12:36:03+00:00","breadcrumb":{"@id":"https:\/\/blog.matusz-vad.hu\/receptek-2\/#breadcrumb"},"inLanguage":"de-AT","potentialAction":[{"@type":"ReadAction","target":["https:\/\/blog.matusz-vad.hu\/receptek-2\/"]}]},{"@type":"BreadcrumbList","@id":"https:\/\/blog.matusz-vad.hu\/receptek-2\/#breadcrumb","itemListElement":[{"@type":"ListItem","position":1,"name":"Kezd\u0151lap","item":"https:\/\/blog.matusz-vad.hu\/"},{"@type":"ListItem","position":2,"name":"Receptek"}]},{"@type":"WebSite","@id":"https:\/\/blog.matusz-vad.hu\/#website","url":"https:\/\/blog.matusz-vad.hu\/","name":"Matusz-Vad Blog","description":"Inspirierendes Magazin f\u00fcr Gastronomie-Profis","publisher":{"@id":"https:\/\/blog.matusz-vad.hu\/#organization"},"potentialAction":[{"@type":"SearchAction","target":{"@type":"EntryPoint","urlTemplate":"https:\/\/blog.matusz-vad.hu\/?s={search_term_string}"},"query-input":{"@type":"PropertyValueSpecification","valueRequired":true,"valueName":"search_term_string"}}],"inLanguage":"de-AT"},{"@type":"Organization","@id":"https:\/\/blog.matusz-vad.hu\/#organization","name":"Matusz-Vad Blog","url":"https:\/\/blog.matusz-vad.hu\/","logo":{"@type":"ImageObject","inLanguage":"de-AT","@id":"https:\/\/blog.matusz-vad.hu\/#\/schema\/logo\/image\/","url":"https:\/\/blog.matusz-vad.hu\/wp-content\/uploads\/2021\/09\/cropped-Matusz_logo_teljes.jpg","contentUrl":"https:\/\/blog.matusz-vad.hu\/wp-content\/uploads\/2021\/09\/cropped-Matusz_logo_teljes.jpg","width":801,"height":338,"caption":"Matusz-Vad Blog"},"image":{"@id":"https:\/\/blog.matusz-vad.hu\/#\/schema\/logo\/image\/"},"sameAs":["https:\/\/www.facebook.com\/MatuszVad","https:\/\/www.linkedin.com\/company\/14790524\/admin\/","https:\/\/www.facebook.com\/GourmetMarketPoweredByMatusz"]}]}},"jetpack-related-posts":[],"jetpack_sharing_enabled":true,"_links":{"self":[{"href":"https:\/\/blog.matusz-vad.hu\/de\/wp-json\/wp\/v2\/pages\/31922","targetHints":{"allow":["GET"]}}],"collection":[{"href":"https:\/\/blog.matusz-vad.hu\/de\/wp-json\/wp\/v2\/pages"}],"about":[{"href":"https:\/\/blog.matusz-vad.hu\/de\/wp-json\/wp\/v2\/types\/page"}],"author":[{"embeddable":true,"href":"https:\/\/blog.matusz-vad.hu\/de\/wp-json\/wp\/v2\/users\/14"}],"replies":[{"embeddable":true,"href":"https:\/\/blog.matusz-vad.hu\/de\/wp-json\/wp\/v2\/comments?post=31922"}],"version-history":[{"count":7,"href":"https:\/\/blog.matusz-vad.hu\/de\/wp-json\/wp\/v2\/pages\/31922\/revisions"}],"predecessor-version":[{"id":32004,"href":"https:\/\/blog.matusz-vad.hu\/de\/wp-json\/wp\/v2\/pages\/31922\/revisions\/32004"}],"wp:attachment":[{"href":"https:\/\/blog.matusz-vad.hu\/de\/wp-json\/wp\/v2\/media?parent=31922"}],"curies":[{"name":"wp","href":"https:\/\/api.w.org\/{rel}","templated":true}]}}