{"id":6114,"date":"2021-09-25T05:46:55","date_gmt":"2021-09-25T03:46:55","guid":{"rendered":"https:\/\/blog.matusz-vad.hu\/?page_id=6114"},"modified":"2022-11-04T14:04:04","modified_gmt":"2022-11-04T13:04:04","slug":"receptek","status":"publish","type":"page","link":"https:\/\/blog.matusz-vad.hu\/de\/receptek\/","title":{"rendered":"Rezepte alt"},"content":{"rendered":"<div class=\"matus-fooldal-1 matus-entity-placement\" id=\"matus-1289999139\"><div id=\"matus-1163503837\" style=\"margin-bottom: 30px;\"><a href=\"https:\/\/shop.matusz-vad.hu\/hu\/brand\/12315?utm_source=blog&#038;utm_medium=banner&#038;utm_campaign=heinz_2026_04&#038;ref=blog\" aria-label=\"Matusz-Vad_slider_Heinz_v2\"><img loading=\"lazy\" decoding=\"async\" src=\"https:\/\/blog.matusz-vad.hu\/wp-content\/uploads\/2023\/01\/Matusz-Vad_slider_Heinz_v2.jpg\" alt=\"\"  srcset=\"https:\/\/blog.matusz-vad.hu\/wp-content\/uploads\/2023\/01\/Matusz-Vad_slider_Heinz_v2.jpg 1383w, https:\/\/blog.matusz-vad.hu\/wp-content\/uploads\/2023\/01\/Matusz-Vad_slider_Heinz_v2-300x95.jpg 300w, https:\/\/blog.matusz-vad.hu\/wp-content\/uploads\/2023\/01\/Matusz-Vad_slider_Heinz_v2-1024x324.jpg 1024w, https:\/\/blog.matusz-vad.hu\/wp-content\/uploads\/2023\/01\/Matusz-Vad_slider_Heinz_v2-768x243.jpg 768w, https:\/\/blog.matusz-vad.hu\/wp-content\/uploads\/2023\/01\/Matusz-Vad_slider_Heinz_v2-18x6.jpg 18w, https:\/\/blog.matusz-vad.hu\/wp-content\/uploads\/2023\/01\/Matusz-Vad_slider_Heinz_v2-500x158.jpg 500w, https:\/\/blog.matusz-vad.hu\/wp-content\/uploads\/2023\/01\/Matusz-Vad_slider_Heinz_v2-1000x317.jpg 1000w, https:\/\/blog.matusz-vad.hu\/wp-content\/uploads\/2023\/01\/Matusz-Vad_slider_Heinz_v2-800x253.jpg 800w\" sizes=\"(max-width: 1383px) 100vw, 1383px\" width=\"1383\" height=\"438\"   \/><\/a><\/div><\/div><p>Rezepte\t\t\t\t<\/p>\n<h2>\n\t\t\t\t\t\tMatusz-vad\t\t\t\t\t<\/h2>\n<p>\t\t\t\t\t\tPartner f\u00fcr erfolgreiche Gastfreundschaft!<br \/>\n<br \/>Gro\u00dfhandel mit Tiefk\u00fchlkost.<br \/>\n\t\t\t\t\t<a href=\"https:\/\/shop.matusz-vad.hu\/hu?utm_source=blog&#038;utm_medium=banner&#038;utm_campaign=matusz-altalanos\" target=\"_blank\" rel=\"noopener\"><br \/>\n\t\t\t\t\t\tIch werde pr\u00fcfen\t\t\t\t\t<\/a><br \/>\n\t\t\t\tDas k\u00f6nnte auch interessant sein\t\t\t\t<\/p>\n<article>\n                        <a href=\"https:\/\/blog.matusz-vad.hu\/de\/husfeldolgozas-vezir-hus-bakony-zirc-sikeres-elelmiszergyartas\/\"><\/a><br \/>\n                            <img decoding=\"async\" src=\"https:\/\/blog.matusz-vad.hu\/wp-content\/uploads\/2022\/03\/image_50732545-300x225.jpg\" alt=\"\"><\/p>\n<header>\n<h2><a href=\"https:\/\/blog.matusz-vad.hu\/de\/husfeldolgozas-vezir-hus-bakony-zirc-sikeres-elelmiszergyartas\/\" title=\"Was macht einen Fleischverarbeiter dort erfolgreich, wo es noch nie eine Tradition der Lebensmittelproduktion gab?\ufffc\">Was macht einen Fleischverarbeiter dort erfolgreich, wo es noch nie eine Tradition der Lebensmittelproduktion gab?\ufffc<\/a><\/h2>\n<\/header>\n<\/article>\n<article>\n                        <a href=\"https:\/\/blog.matusz-vad.hu\/de\/borjulabszar-krumplipurevel-recept-borju-osso-bucco\/\"><\/a><br \/>\n                            <img decoding=\"async\" src=\"https:\/\/blog.matusz-vad.hu\/wp-content\/uploads\/2022\/03\/Occo-Bucco-300x200.jpg\" alt=\"\"><\/p>\n<header>\n<h2><a href=\"https:\/\/blog.matusz-vad.hu\/de\/borjulabszar-krumplipurevel-recept-borju-osso-bucco\/\" title=\"Rinderhaxe (Osso Bucco) mit cremigem Parmesan-Kartoffelp\u00fcree\">Rinderhaxe (Osso Bucco) mit cremigem Parmesan-Kartoffelp\u00fcree<\/a><\/h2>\n<\/header>\n<\/article>\n<p>\t\t\t\tWerfen Sie einen Blick in unsere Zeitung<br \/>\n\t\t\t\t\t<a href=\"https:\/\/shop.matusz-vad.hu\/hu\/online-panorama\" target=\"_blank\" rel=\"noopener\"><br \/>\n\t\t\t\t\t\t\t\t<\/a><\/p>\n<h3>Unsere Rezepte<\/h3>\n<article>\n        <a href=\"https:\/\/blog.matusz-vad.hu\/de\/borjulabszar-krumplipurevel-recept-borju-osso-bucco\/\"><\/a><br \/>\n                    <img decoding=\"async\" src=\"https:\/\/blog.matusz-vad.hu\/wp-content\/uploads\/2022\/03\/Occo-Bucco-300x200.jpg\" alt=\"\"><br \/>\n                    <a href=\"https:\/\/blog.matusz-vad.hu\/de\/borjulabszar-krumplipurevel-recept-borju-osso-bucco\/\"><\/a><\/p>\n<header>\n<h2><a href=\"https:\/\/blog.matusz-vad.hu\/de\/borjulabszar-krumplipurevel-recept-borju-osso-bucco\/\" title=\"Rinderhaxe (Osso Bucco) mit cremigem Parmesan-Kartoffelp\u00fcree\">Rinderhaxe (Osso Bucco) mit cremigem Parmesan-Kartoffelp\u00fcree<\/a><\/h2>\n<\/header>\n<p>            <a href=\"https:\/\/blog.matusz-vad.hu\/de\/borjulabszar-krumplipurevel-recept-borju-osso-bucco\/\"><\/a><br \/>\n        <\/article>\n<article>\n        <a href=\"https:\/\/blog.matusz-vad.hu\/de\/tokeletes-nonapi-fogas-prisztoka-tibortol\/\"><\/a><br \/>\n                    <img decoding=\"async\" src=\"https:\/\/blog.matusz-vad.hu\/wp-content\/uploads\/2022\/03\/bejgliben-facanmell-Prisztoka-300x271.jpg\" alt=\"\"><br \/>\n                    <a href=\"https:\/\/blog.matusz-vad.hu\/de\/tokeletes-nonapi-fogas-prisztoka-tibortol\/\"><\/a><\/p>\n<header>\n<h2><a href=\"https:\/\/blog.matusz-vad.hu\/de\/tokeletes-nonapi-fogas-prisztoka-tibortol\/\" title=\"Der perfekte WOMEN&#039;S DAY BREAK von Tibor Prist\u00f3ka\">Der perfekte WOMEN'S DAY BREAK von Tibor Prist\u00f3ka<\/a><\/h2>\n<\/header>\n<p>            <a href=\"https:\/\/blog.matusz-vad.hu\/de\/tokeletes-nonapi-fogas-prisztoka-tibortol\/\"><\/a><br \/>\n        <\/article>\n<article>\n        <a href=\"https:\/\/blog.matusz-vad.hu\/de\/rantott-bekacomb-recept\/\"><\/a><br \/>\n                    <img decoding=\"async\" src=\"https:\/\/blog.matusz-vad.hu\/wp-content\/uploads\/2022\/03\/rantott_bekacomb-300x200.jpg\" alt=\"\"><br \/>\n                    <a href=\"https:\/\/blog.matusz-vad.hu\/de\/rantott-bekacomb-recept\/\"><\/a><\/p>\n<header>\n<h2><a href=\"https:\/\/blog.matusz-vad.hu\/de\/rantott-bekacomb-recept\/\" title=\"Gebratene Froschschenkel mit Dip-Sauce\">Gebratene Froschschenkel mit Dip-Sauce<\/a><\/h2>\n<\/header>\n<p>            <a href=\"https:\/\/blog.matusz-vad.hu\/de\/rantott-bekacomb-recept\/\"><\/a><br \/>\n        <\/article>\n<article>\n        <a href=\"https:\/\/blog.matusz-vad.hu\/de\/tokeletes-bableves-fustolt-csulokkel-recept\/\"><\/a><br \/>\n                    <img decoding=\"async\" src=\"https:\/\/blog.matusz-vad.hu\/wp-content\/uploads\/2022\/03\/image0-4-300x200.jpeg\" alt=\"\"><br \/>\n                    <a href=\"https:\/\/blog.matusz-vad.hu\/de\/tokeletes-bableves-fustolt-csulokkel-recept\/\"><\/a><\/p>\n<header>\n<h2><a href=\"https:\/\/blog.matusz-vad.hu\/de\/tokeletes-bableves-fustolt-csulokkel-recept\/\" title=\"Die perfekte Bohnensuppe mit ger\u00e4ucherten Keulen\">Die perfekte Bohnensuppe mit ger\u00e4ucherten Keulen<\/a><\/h2>\n<\/header>\n<p>            <a href=\"https:\/\/blog.matusz-vad.hu\/de\/tokeletes-bableves-fustolt-csulokkel-recept\/\"><\/a><br \/>\n        <\/article>\n<article>\n        <a href=\"https:\/\/blog.matusz-vad.hu\/de\/igazi-szalagos-fank-receptje-tortenete-naphagyomany\/\"><\/a><br \/>\n                    <img decoding=\"async\" src=\"https:\/\/blog.matusz-vad.hu\/wp-content\/uploads\/2022\/02\/fa\u0301nk-300x150.jpg\" alt=\"\"><br \/>\n                    <a href=\"https:\/\/blog.matusz-vad.hu\/de\/igazi-szalagos-fank-receptje-tortenete-naphagyomany\/\"><\/a><\/p>\n<header>\n<h2><a href=\"https:\/\/blog.matusz-vad.hu\/de\/igazi-szalagos-fank-receptje-tortenete-naphagyomany\/\" title=\"Der echte Krapfen - Rezept und Geschichte\">Der echte Krapfen - Rezept und Geschichte<\/a><\/h2>\n<\/header>\n<p>            <a href=\"https:\/\/blog.matusz-vad.hu\/de\/igazi-szalagos-fank-receptje-tortenete-naphagyomany\/\"><\/a><br \/>\n        <\/article>\n<p>                        <!-- Add Pagination --><\/p>\n<h2>\n\t\t\t\tNeueste Beitr\u00e4ge\t\t\t\t<\/h2>\n<article data-id=\"12040\">\n<header>\n<h2><a\n                        href=\"https:\/\/blog.matusz-vad.hu\/de\/husfeldolgozas-vezir-hus-bakony-zirc-sikeres-elelmiszergyartas\/\"\n                        title=\"Was macht einen Fleischverarbeiter dort erfolgreich, wo es noch nie eine Tradition der Lebensmittelproduktion gab?\ufffc\">Was macht einen Fleischverarbeiter dort erfolgreich, wo es noch nie eine Tradition der Lebensmittelproduktion gab?\ufffc<\/a><\/h2>\n<\/header>\n<\/article>\n<article data-id=\"11778\">\n<header>\n<h2><a\n                        href=\"https:\/\/blog.matusz-vad.hu\/de\/borjulabszar-krumplipurevel-recept-borju-osso-bucco\/\"\n                        title=\"Rinderhaxe (Osso Bucco) mit cremigem Parmesan-Kartoffelp\u00fcree\">Rinderhaxe (Osso Bucco) mit cremigem Parmesan-Kartoffelp\u00fcree<\/a><\/h2>\n<\/header>\n<\/article>\n<article data-id=\"11960\">\n<header>\n<h2><a\n                        href=\"https:\/\/blog.matusz-vad.hu\/de\/homar-inyencseg-de-nem-volt-mindig-az\/\"\n                        title=\"Hummer - eine Delikatesse, aber nicht immer\">Hummer - eine Delikatesse, aber nicht immer<\/a><\/h2>\n<\/header>\n<\/article>\n<article data-id=\"11926\">\n<header>\n<h2><a\n                        href=\"https:\/\/blog.matusz-vad.hu\/de\/keke-peneszes-sajtok-egeszsegesek\/\"\n                        title=\"Welches ist der Schimmelpilz, der sich ausbreitet?\">Welches ist der Schimmelpilz, der sich ausbreitet?<\/a><\/h2>\n<\/header>\n<\/article>\n<h2>\n\t\t\t\tArchiv unter\t\t\t\t<\/h2>\n<div class=\"matus-fooldal-3 matus-entity-placement\" id=\"matus-1395667823\"><div id=\"matus-2367857259\" style=\"margin-bottom: 30px;\"><a href=\"https:\/\/shop.matusz-vad.hu\/hu\/brand\/12315?utm_source=blog&#038;utm_medium=banner&#038;utm_campaign=heinz_2026_04&#038;ref=blog\" aria-label=\"Matusz-Vad_slider_Heinz_v2\"><img loading=\"lazy\" decoding=\"async\" src=\"https:\/\/blog.matusz-vad.hu\/wp-content\/uploads\/2023\/01\/Matusz-Vad_slider_Heinz_v2.jpg\" alt=\"\"  srcset=\"https:\/\/blog.matusz-vad.hu\/wp-content\/uploads\/2023\/01\/Matusz-Vad_slider_Heinz_v2.jpg 1383w, https:\/\/blog.matusz-vad.hu\/wp-content\/uploads\/2023\/01\/Matusz-Vad_slider_Heinz_v2-300x95.jpg 300w, https:\/\/blog.matusz-vad.hu\/wp-content\/uploads\/2023\/01\/Matusz-Vad_slider_Heinz_v2-1024x324.jpg 1024w, https:\/\/blog.matusz-vad.hu\/wp-content\/uploads\/2023\/01\/Matusz-Vad_slider_Heinz_v2-768x243.jpg 768w, https:\/\/blog.matusz-vad.hu\/wp-content\/uploads\/2023\/01\/Matusz-Vad_slider_Heinz_v2-18x6.jpg 18w, https:\/\/blog.matusz-vad.hu\/wp-content\/uploads\/2023\/01\/Matusz-Vad_slider_Heinz_v2-500x158.jpg 500w, https:\/\/blog.matusz-vad.hu\/wp-content\/uploads\/2023\/01\/Matusz-Vad_slider_Heinz_v2-1000x317.jpg 1000w, https:\/\/blog.matusz-vad.hu\/wp-content\/uploads\/2023\/01\/Matusz-Vad_slider_Heinz_v2-800x253.jpg 800w\" sizes=\"(max-width: 1383px) 100vw, 1383px\" width=\"1383\" height=\"438\"   \/><\/a><\/div><\/div>","protected":false},"excerpt":{"rendered":"<p>Receptek Matusz-vad Partner a sikeres vend\u00e9gl\u00e1t\u00e1sban! Fagyasztott \u00e9lelmiszer nagykereskedelem. Megn\u00e9zem Ez is \u00e9rdekes lehet Mit\u0151l lesz sikeres egy h\u00fasfeldolgoz\u00f3 ott, ahol sosem volt hagyom\u00e1nya az \u00e9lelmiszergy\u00e1rt\u00e1snak?\ufffc Borj\u00fal\u00e1bsz\u00e1r (osso bucco) kr\u00e9mes, parmez\u00e1nos krumplip\u00fcr\u00e9vel Lapozzon bele \u00fajs\u00e1gunkba Receptjeink Borj\u00fal\u00e1bsz\u00e1r (osso bucco) kr\u00e9mes, parmez\u00e1nos krumplip\u00fcr\u00e9vel T\u00f6k\u00e9letes N\u0150NAPI FOG\u00c1S Priszt\u00f3ka Tibort\u00f3l R\u00e1ntott b\u00e9kacomb m\u00e1rtogat\u00f3ssal A t\u00f6k\u00e9letes bableves f\u00fcst\u00f6lt cs\u00fcl\u00f6kkel<a class=\"article-read-more\" href=\"https:\/\/blog.matusz-vad.hu\/de\/receptek\/\"><i class=\"flownewsicon fa-angle-double-right\"><\/i><\/a><\/p>","protected":false},"author":14,"featured_media":0,"parent":0,"menu_order":0,"comment_status":"closed","ping_status":"closed","template":"","meta":{"footnotes":""},"class_list":["post-6114","page","type-page","status-publish","hentry"],"yoast_head":"<!-- This site is optimized with the Yoast SEO Premium plugin v27.5 (Yoast SEO v27.5) - https:\/\/yoast.com\/product\/yoast-seo-premium-wordpress\/ -->\n<title>Receptek r\u00e9gi - Matusz-Vad Blog<\/title>\n<meta name=\"robots\" content=\"index, follow, max-snippet:-1, max-image-preview:large, max-video-preview:-1\" \/>\n<link rel=\"canonical\" href=\"https:\/\/blog.matusz-vad.hu\/de\/receptek\/\" \/>\n<meta property=\"og:locale\" content=\"de_DE\" \/>\n<meta property=\"og:type\" content=\"article\" \/>\n<meta property=\"og:title\" content=\"Receptek r\u00e9gi\" \/>\n<meta property=\"og:description\" content=\"Receptek Matusz-vad Partner a sikeres vend\u00e9gl\u00e1t\u00e1sban! Fagyasztott \u00e9lelmiszer nagykereskedelem. Megn\u00e9zem Ez is \u00e9rdekes lehet Mit\u0151l lesz sikeres egy h\u00fasfeldolgoz\u00f3 ott, ahol sosem volt hagyom\u00e1nya az \u00e9lelmiszergy\u00e1rt\u00e1snak?\ufffc Borj\u00fal\u00e1bsz\u00e1r (osso bucco) kr\u00e9mes, parmez\u00e1nos krumplip\u00fcr\u00e9vel Lapozzon bele \u00fajs\u00e1gunkba Receptjeink Borj\u00fal\u00e1bsz\u00e1r (osso bucco) kr\u00e9mes, parmez\u00e1nos krumplip\u00fcr\u00e9vel T\u00f6k\u00e9letes N\u0150NAPI FOG\u00c1S Priszt\u00f3ka Tibort\u00f3l R\u00e1ntott b\u00e9kacomb m\u00e1rtogat\u00f3ssal A t\u00f6k\u00e9letes bableves f\u00fcst\u00f6lt cs\u00fcl\u00f6kkel\" \/>\n<meta property=\"og:url\" content=\"https:\/\/blog.matusz-vad.hu\/de\/receptek\/\" \/>\n<meta property=\"og:site_name\" content=\"Matusz-Vad Blog\" \/>\n<meta property=\"article:publisher\" content=\"https:\/\/www.facebook.com\/MatuszVad\" \/>\n<meta property=\"article:modified_time\" content=\"2022-11-04T13:04:04+00:00\" \/>\n<meta property=\"og:image\" content=\"https:\/\/blog.matusz-vad.hu\/wp-content\/uploads\/2022\/03\/image_50732545-300x225.jpg\" \/>\n<meta name=\"twitter:card\" content=\"summary_large_image\" \/>\n<meta name=\"twitter:label1\" content=\"Gesch\u00e4tzte Lesezeit\" \/>\n\t<meta name=\"twitter:data1\" content=\"5 Minuten\" \/>\n<script type=\"application\/ld+json\" class=\"yoast-schema-graph\">{\"@context\":\"https:\\\/\\\/schema.org\",\"@graph\":[{\"@type\":\"WebPage\",\"@id\":\"https:\\\/\\\/blog.matusz-vad.hu\\\/receptek\\\/\",\"url\":\"https:\\\/\\\/blog.matusz-vad.hu\\\/receptek\\\/\",\"name\":\"Receptek r\u00e9gi - Matusz-Vad Blog\",\"isPartOf\":{\"@id\":\"https:\\\/\\\/blog.matusz-vad.hu\\\/#website\"},\"primaryImageOfPage\":{\"@id\":\"https:\\\/\\\/blog.matusz-vad.hu\\\/receptek\\\/#primaryimage\"},\"image\":{\"@id\":\"https:\\\/\\\/blog.matusz-vad.hu\\\/receptek\\\/#primaryimage\"},\"thumbnailUrl\":\"https:\\\/\\\/blog.matusz-vad.hu\\\/wp-content\\\/uploads\\\/2022\\\/03\\\/image_50732545-300x225.jpg\",\"datePublished\":\"2021-09-25T03:46:55+00:00\",\"dateModified\":\"2022-11-04T13:04:04+00:00\",\"breadcrumb\":{\"@id\":\"https:\\\/\\\/blog.matusz-vad.hu\\\/receptek\\\/#breadcrumb\"},\"inLanguage\":\"de-AT\",\"potentialAction\":[{\"@type\":\"ReadAction\",\"target\":[\"https:\\\/\\\/blog.matusz-vad.hu\\\/receptek\\\/\"]}]},{\"@type\":\"ImageObject\",\"inLanguage\":\"de-AT\",\"@id\":\"https:\\\/\\\/blog.matusz-vad.hu\\\/receptek\\\/#primaryimage\",\"url\":\"https:\\\/\\\/blog.matusz-vad.hu\\\/wp-content\\\/uploads\\\/2022\\\/03\\\/image_50732545-300x225.jpg\",\"contentUrl\":\"https:\\\/\\\/blog.matusz-vad.hu\\\/wp-content\\\/uploads\\\/2022\\\/03\\\/image_50732545-300x225.jpg\"},{\"@type\":\"BreadcrumbList\",\"@id\":\"https:\\\/\\\/blog.matusz-vad.hu\\\/receptek\\\/#breadcrumb\",\"itemListElement\":[{\"@type\":\"ListItem\",\"position\":1,\"name\":\"Kezd\u0151lap\",\"item\":\"https:\\\/\\\/blog.matusz-vad.hu\\\/\"},{\"@type\":\"ListItem\",\"position\":2,\"name\":\"Receptek r\u00e9gi\"}]},{\"@type\":\"WebSite\",\"@id\":\"https:\\\/\\\/blog.matusz-vad.hu\\\/#website\",\"url\":\"https:\\\/\\\/blog.matusz-vad.hu\\\/\",\"name\":\"Matusz-Vad Blog\",\"description\":\"Inspir\u00e1ci\u00f3s magazin a gasztron\u00f3mia szerepl\u0151i r\u00e9sz\u00e9re\",\"publisher\":{\"@id\":\"https:\\\/\\\/blog.matusz-vad.hu\\\/#organization\"},\"potentialAction\":[{\"@type\":\"SearchAction\",\"target\":{\"@type\":\"EntryPoint\",\"urlTemplate\":\"https:\\\/\\\/blog.matusz-vad.hu\\\/?s={search_term_string}\"},\"query-input\":{\"@type\":\"PropertyValueSpecification\",\"valueRequired\":true,\"valueName\":\"search_term_string\"}}],\"inLanguage\":\"de-AT\"},{\"@type\":\"Organization\",\"@id\":\"https:\\\/\\\/blog.matusz-vad.hu\\\/#organization\",\"name\":\"Matusz-Vad Blog\",\"url\":\"https:\\\/\\\/blog.matusz-vad.hu\\\/\",\"logo\":{\"@type\":\"ImageObject\",\"inLanguage\":\"de-AT\",\"@id\":\"https:\\\/\\\/blog.matusz-vad.hu\\\/#\\\/schema\\\/logo\\\/image\\\/\",\"url\":\"https:\\\/\\\/blog.matusz-vad.hu\\\/wp-content\\\/uploads\\\/2021\\\/09\\\/cropped-Matusz_logo_teljes.jpg\",\"contentUrl\":\"https:\\\/\\\/blog.matusz-vad.hu\\\/wp-content\\\/uploads\\\/2021\\\/09\\\/cropped-Matusz_logo_teljes.jpg\",\"width\":801,\"height\":338,\"caption\":\"Matusz-Vad Blog\"},\"image\":{\"@id\":\"https:\\\/\\\/blog.matusz-vad.hu\\\/#\\\/schema\\\/logo\\\/image\\\/\"},\"sameAs\":[\"https:\\\/\\\/www.facebook.com\\\/MatuszVad\",\"https:\\\/\\\/www.linkedin.com\\\/company\\\/14790524\\\/admin\\\/\",\"https:\\\/\\\/www.facebook.com\\\/GourmetMarketPoweredByMatusz\"]}]}<\/script>\n<!-- \/ Yoast SEO Premium plugin. -->","yoast_head_json":{"title":"Receptek r\u00e9gi - Matusz-Vad Blog","robots":{"index":"index","follow":"follow","max-snippet":"max-snippet:-1","max-image-preview":"max-image-preview:large","max-video-preview":"max-video-preview:-1"},"canonical":"https:\/\/blog.matusz-vad.hu\/de\/receptek\/","og_locale":"de_DE","og_type":"article","og_title":"Receptek r\u00e9gi","og_description":"Receptek Matusz-vad Partner a sikeres vend\u00e9gl\u00e1t\u00e1sban! Fagyasztott \u00e9lelmiszer nagykereskedelem. Megn\u00e9zem Ez is \u00e9rdekes lehet Mit\u0151l lesz sikeres egy h\u00fasfeldolgoz\u00f3 ott, ahol sosem volt hagyom\u00e1nya az \u00e9lelmiszergy\u00e1rt\u00e1snak?\ufffc Borj\u00fal\u00e1bsz\u00e1r (osso bucco) kr\u00e9mes, parmez\u00e1nos krumplip\u00fcr\u00e9vel Lapozzon bele \u00fajs\u00e1gunkba Receptjeink Borj\u00fal\u00e1bsz\u00e1r (osso bucco) kr\u00e9mes, parmez\u00e1nos krumplip\u00fcr\u00e9vel T\u00f6k\u00e9letes N\u0150NAPI FOG\u00c1S Priszt\u00f3ka Tibort\u00f3l R\u00e1ntott b\u00e9kacomb m\u00e1rtogat\u00f3ssal A t\u00f6k\u00e9letes bableves f\u00fcst\u00f6lt cs\u00fcl\u00f6kkel","og_url":"https:\/\/blog.matusz-vad.hu\/de\/receptek\/","og_site_name":"Matusz-Vad Blog","article_publisher":"https:\/\/www.facebook.com\/MatuszVad","article_modified_time":"2022-11-04T13:04:04+00:00","og_image":[{"url":"https:\/\/blog.matusz-vad.hu\/wp-content\/uploads\/2022\/03\/image_50732545-300x225.jpg","type":"","width":"","height":""}],"twitter_card":"summary_large_image","twitter_misc":{"Gesch\u00e4tzte Lesezeit":"5 Minuten"},"schema":{"@context":"https:\/\/schema.org","@graph":[{"@type":"WebPage","@id":"https:\/\/blog.matusz-vad.hu\/receptek\/","url":"https:\/\/blog.matusz-vad.hu\/receptek\/","name":"Receptek r\u00e9gi - Matusz-Vad Blog","isPartOf":{"@id":"https:\/\/blog.matusz-vad.hu\/#website"},"primaryImageOfPage":{"@id":"https:\/\/blog.matusz-vad.hu\/receptek\/#primaryimage"},"image":{"@id":"https:\/\/blog.matusz-vad.hu\/receptek\/#primaryimage"},"thumbnailUrl":"https:\/\/blog.matusz-vad.hu\/wp-content\/uploads\/2022\/03\/image_50732545-300x225.jpg","datePublished":"2021-09-25T03:46:55+00:00","dateModified":"2022-11-04T13:04:04+00:00","breadcrumb":{"@id":"https:\/\/blog.matusz-vad.hu\/receptek\/#breadcrumb"},"inLanguage":"de-AT","potentialAction":[{"@type":"ReadAction","target":["https:\/\/blog.matusz-vad.hu\/receptek\/"]}]},{"@type":"ImageObject","inLanguage":"de-AT","@id":"https:\/\/blog.matusz-vad.hu\/receptek\/#primaryimage","url":"https:\/\/blog.matusz-vad.hu\/wp-content\/uploads\/2022\/03\/image_50732545-300x225.jpg","contentUrl":"https:\/\/blog.matusz-vad.hu\/wp-content\/uploads\/2022\/03\/image_50732545-300x225.jpg"},{"@type":"BreadcrumbList","@id":"https:\/\/blog.matusz-vad.hu\/receptek\/#breadcrumb","itemListElement":[{"@type":"ListItem","position":1,"name":"Kezd\u0151lap","item":"https:\/\/blog.matusz-vad.hu\/"},{"@type":"ListItem","position":2,"name":"Receptek r\u00e9gi"}]},{"@type":"WebSite","@id":"https:\/\/blog.matusz-vad.hu\/#website","url":"https:\/\/blog.matusz-vad.hu\/","name":"Matusz-Vad Blog","description":"Inspirierendes Magazin f\u00fcr Gastronomie-Profis","publisher":{"@id":"https:\/\/blog.matusz-vad.hu\/#organization"},"potentialAction":[{"@type":"SearchAction","target":{"@type":"EntryPoint","urlTemplate":"https:\/\/blog.matusz-vad.hu\/?s={search_term_string}"},"query-input":{"@type":"PropertyValueSpecification","valueRequired":true,"valueName":"search_term_string"}}],"inLanguage":"de-AT"},{"@type":"Organization","@id":"https:\/\/blog.matusz-vad.hu\/#organization","name":"Matusz-Vad Blog","url":"https:\/\/blog.matusz-vad.hu\/","logo":{"@type":"ImageObject","inLanguage":"de-AT","@id":"https:\/\/blog.matusz-vad.hu\/#\/schema\/logo\/image\/","url":"https:\/\/blog.matusz-vad.hu\/wp-content\/uploads\/2021\/09\/cropped-Matusz_logo_teljes.jpg","contentUrl":"https:\/\/blog.matusz-vad.hu\/wp-content\/uploads\/2021\/09\/cropped-Matusz_logo_teljes.jpg","width":801,"height":338,"caption":"Matusz-Vad Blog"},"image":{"@id":"https:\/\/blog.matusz-vad.hu\/#\/schema\/logo\/image\/"},"sameAs":["https:\/\/www.facebook.com\/MatuszVad","https:\/\/www.linkedin.com\/company\/14790524\/admin\/","https:\/\/www.facebook.com\/GourmetMarketPoweredByMatusz"]}]}},"jetpack-related-posts":[],"jetpack_sharing_enabled":true,"_links":{"self":[{"href":"https:\/\/blog.matusz-vad.hu\/de\/wp-json\/wp\/v2\/pages\/6114","targetHints":{"allow":["GET"]}}],"collection":[{"href":"https:\/\/blog.matusz-vad.hu\/de\/wp-json\/wp\/v2\/pages"}],"about":[{"href":"https:\/\/blog.matusz-vad.hu\/de\/wp-json\/wp\/v2\/types\/page"}],"author":[{"embeddable":true,"href":"https:\/\/blog.matusz-vad.hu\/de\/wp-json\/wp\/v2\/users\/14"}],"replies":[{"embeddable":true,"href":"https:\/\/blog.matusz-vad.hu\/de\/wp-json\/wp\/v2\/comments?post=6114"}],"version-history":[{"count":48,"href":"https:\/\/blog.matusz-vad.hu\/de\/wp-json\/wp\/v2\/pages\/6114\/revisions"}],"predecessor-version":[{"id":31927,"href":"https:\/\/blog.matusz-vad.hu\/de\/wp-json\/wp\/v2\/pages\/6114\/revisions\/31927"}],"wp:attachment":[{"href":"https:\/\/blog.matusz-vad.hu\/de\/wp-json\/wp\/v2\/media?parent=6114"}],"curies":[{"name":"wp","href":"https:\/\/api.w.org\/{rel}","templated":true}]}}