{"id":7319,"date":"2021-10-31T07:41:06","date_gmt":"2021-10-31T07:41:06","guid":{"rendered":"https:\/\/blog.matusz-vad.hu\/?page_id=7319"},"modified":"2021-10-31T07:45:48","modified_gmt":"2021-10-31T07:45:48","slug":"impresszum-2","status":"publish","type":"page","link":"https:\/\/blog.matusz-vad.hu\/de\/impresszum-2\/","title":{"rendered":"Impresszum"},"content":{"rendered":"<div class=\"matus-fooldal-1 matus-entity-placement\" id=\"matus-1017242530\"><div id=\"matus-2027630775\" style=\"margin-bottom: 30px;\"><a href=\"https:\/\/shop.matusz-vad.hu\/hu\/tag\/12817?utm_source=blog&#038;utm_medium=banner&#038;utm_campaign=gergely_2026_03&#038;ref=blog\" aria-label=\"gergely_MV_slider_1383x438px\"><img loading=\"lazy\" decoding=\"async\" src=\"https:\/\/blog.matusz-vad.hu\/wp-content\/uploads\/2023\/01\/gergely_MV_slider_1383x438px.jpg\" alt=\"\"  srcset=\"https:\/\/blog.matusz-vad.hu\/wp-content\/uploads\/2023\/01\/gergely_MV_slider_1383x438px.jpg 1383w, https:\/\/blog.matusz-vad.hu\/wp-content\/uploads\/2023\/01\/gergely_MV_slider_1383x438px-300x95.jpg 300w, https:\/\/blog.matusz-vad.hu\/wp-content\/uploads\/2023\/01\/gergely_MV_slider_1383x438px-1024x324.jpg 1024w, https:\/\/blog.matusz-vad.hu\/wp-content\/uploads\/2023\/01\/gergely_MV_slider_1383x438px-768x243.jpg 768w, https:\/\/blog.matusz-vad.hu\/wp-content\/uploads\/2023\/01\/gergely_MV_slider_1383x438px-500x158.jpg 500w, https:\/\/blog.matusz-vad.hu\/wp-content\/uploads\/2023\/01\/gergely_MV_slider_1383x438px-1000x317.jpg 1000w, https:\/\/blog.matusz-vad.hu\/wp-content\/uploads\/2023\/01\/gergely_MV_slider_1383x438px-800x253.jpg 800w\" sizes=\"(max-width: 1383px) 100vw, 1383px\" width=\"1383\" height=\"438\"   \/><\/a><\/div><\/div><h2>Impresszum<\/h2>\n<p><em>A Magazint szerkeszti \u00e9s kiadja: Matusz-Vad Zrt. <\/em><\/p>\n<p><em>Sz\u00e9khelye: 1103 Budapest K\u0151\u00e9r u 3\/a. <\/em><\/p>\n<p><em>A kiad\u00e1s\u00e9rt felel\u0151s: Matusz Bal\u00e1zs eln\u00f6k-vez\u00e9rigazgat\u00f3<\/em><\/p>\n<p><em>Szerkeszt\u00e9s\u00e9rt felel\u0151s: Matusz Patrik +36703707071\u00a0<a href=\"mailto:MatuszPatrik@matusz-vad.hu\">MatuszPatrik@matusz-vad.hu<\/a>\u00a0<\/em><\/p>\n<p><em>ad\u00f3sz\u00e1m: HU 14651245-2-42 <\/em><\/p>\n<p><em>C\u00e9gjegyz\u00e9k sz\u00e1m: Gy\u0151ri C\u00e9gb\u00edr\u00f3s\u00e1g 01-10-048495<\/em>\u00a0<\/p>\n<p>Nyilv\u00e1ntart\u00e1sba vev\u0151 MNHH \u00fcgyiratsz\u00e1m: CE\/15781\/2021.<\/p>\n<p>\t\t\t\tLapozzon bele \u00fajs\u00e1gunkba<br \/>\n\t\t\t\t\t<a href=\"https:\/\/shop.matusz-vad.hu\/hu\/online-panorama\" target=\"_blank\" rel=\"noopener\"><br \/>\n\t\t\t\t\t\tMegn\u00e9zem\t\t\t\t\t<\/a><\/p>\n<h3>Receptjeink<\/h3>\n<article>\n        <a href=\"https:\/\/blog.matusz-vad.hu\/de\/roze-kacsamell-edesburgonya-tocsnival-kacsabor-ropogossal-erdei-gombamartassal\/\"><\/a><br \/>\n                    <img decoding=\"async\" src=\"https:\/\/blog.matusz-vad.hu\/wp-content\/uploads\/2021\/10\/Videohoz-kacsamell-scaled-1-300x169.jpg\" alt=\"\"><br \/>\n                    <a href=\"https:\/\/blog.matusz-vad.hu\/de\/roze-kacsamell-edesburgonya-tocsnival-kacsabor-ropogossal-erdei-gombamartassal\/\"><\/a><\/p>\n<header>\n<h2><a href=\"https:\/\/blog.matusz-vad.hu\/de\/roze-kacsamell-edesburgonya-tocsnival-kacsabor-ropogossal-erdei-gombamartassal\/\" title=\"Roz\u00e9 kacsamell \u00e9desburgonya t\u00f3csnival, kacsab\u0151r ropog\u00f3ssal, erdei gombam\u00e1rt\u00e1ssal\">Roz\u00e9 kacsamell \u00e9desburgonya t\u00f3csnival, kacsab\u0151r ropog\u00f3ssal, erdei gombam\u00e1rt\u00e1ssal<\/a><\/h2>\n<\/header>\n<p>            <a href=\"https:\/\/blog.matusz-vad.hu\/de\/roze-kacsamell-edesburgonya-tocsnival-kacsabor-ropogossal-erdei-gombamartassal\/\"><\/a><br \/>\n        <\/article>\n<article>\n        <a href=\"https:\/\/blog.matusz-vad.hu\/de\/vorosboros-szarvasragu-varganyaval-es-petrezselymes-ujburgonyaval\/\"><\/a><br \/>\n                    <img decoding=\"async\" src=\"https:\/\/blog.matusz-vad.hu\/wp-content\/uploads\/2021\/10\/DSC_0395a-ma\u0301solat-scaled-1-200x300.jpg\" alt=\"\"><br \/>\n                    <a href=\"https:\/\/blog.matusz-vad.hu\/de\/vorosboros-szarvasragu-varganyaval-es-petrezselymes-ujburgonyaval\/\"><\/a><\/p>\n<header>\n<h2><a href=\"https:\/\/blog.matusz-vad.hu\/de\/vorosboros-szarvasragu-varganyaval-es-petrezselymes-ujburgonyaval\/\" title=\"Rotwein-Hirsch-Ragout mit Kr\u00e4hen und Petersilienkartoffeln\">Rotwein-Hirsch-Ragout mit Kr\u00e4hen und Petersilienkartoffeln<\/a><\/h2>\n<\/header>\n<p>            <a href=\"https:\/\/blog.matusz-vad.hu\/de\/vorosboros-szarvasragu-varganyaval-es-petrezselymes-ujburgonyaval\/\"><\/a><br \/>\n        <\/article>\n<article>\n        <a href=\"https:\/\/blog.matusz-vad.hu\/de\/marton-napi-libacomb-almas-parolt-lila-kaposztaval-krokettel\/\"><\/a><br \/>\n                    <img decoding=\"async\" src=\"https:\/\/blog.matusz-vad.hu\/wp-content\/uploads\/2021\/09\/sous_vide_libacomb1-1-scaled-1-300x200.jpg\" alt=\"\"><br \/>\n                    <a href=\"https:\/\/blog.matusz-vad.hu\/de\/marton-napi-libacomb-almas-parolt-lila-kaposztaval-krokettel\/\"><\/a><\/p>\n<header>\n<h2><a href=\"https:\/\/blog.matusz-vad.hu\/de\/marton-napi-libacomb-almas-parolt-lila-kaposztaval-krokettel\/\" title=\"G\u00e4nsekeulen zum Martinstag mit geschmortem Apfel-Lila-Kraut und Kroketten\">G\u00e4nsekeulen zum Martinstag mit geschmortem Apfel-Lila-Kraut und Kroketten<\/a><\/h2>\n<\/header>\n<p>            <a href=\"https:\/\/blog.matusz-vad.hu\/de\/marton-napi-libacomb-almas-parolt-lila-kaposztaval-krokettel\/\"><\/a><br \/>\n        <\/article>\n<article>\n        <a href=\"https:\/\/blog.matusz-vad.hu\/de\/tokehal-vajtokkel\/\"><\/a><br \/>\n                    <img decoding=\"async\" src=\"https:\/\/blog.matusz-vad.hu\/wp-content\/uploads\/2021\/06\/751417EB-5A0E-4145-98F9-ADFDBF92E2E3-scaled-1-300x199.jpeg\" alt=\"\"><br \/>\n                    <a href=\"https:\/\/blog.matusz-vad.hu\/de\/tokehal-vajtokkel\/\"><\/a><\/p>\n<header>\n<h2><a href=\"https:\/\/blog.matusz-vad.hu\/de\/tokehal-vajtokkel\/\" title=\"Kabeljau mit Butterblume\">Kabeljau mit Butterblume<\/a><\/h2>\n<\/header>\n<p>            <a href=\"https:\/\/blog.matusz-vad.hu\/de\/tokehal-vajtokkel\/\"><\/a><br \/>\n        <\/article>\n<article>\n        <a href=\"https:\/\/blog.matusz-vad.hu\/de\/baranyborda-sargarepa-macn-cheese-ropogos\/\"><\/a><br \/>\n                    <img decoding=\"async\" src=\"https:\/\/blog.matusz-vad.hu\/wp-content\/uploads\/2021\/06\/0A5E9BBA-024C-41BA-AD5C-FF69FB6BB8A7-scaled-1-300x200.jpeg\" alt=\"\"><br \/>\n                    <a href=\"https:\/\/blog.matusz-vad.hu\/de\/baranyborda-sargarepa-macn-cheese-ropogos\/\"><\/a><\/p>\n<header>\n<h2><a href=\"https:\/\/blog.matusz-vad.hu\/de\/baranyborda-sargarepa-macn-cheese-ropogos\/\" title=\"Lammkoteletts, Karotten, Mac&#039;n Cheese knusprig\">Lammkoteletts, Karotten, Mac'n Cheese knusprig<\/a><\/h2>\n<\/header>\n<p>            <a href=\"https:\/\/blog.matusz-vad.hu\/de\/baranyborda-sargarepa-macn-cheese-ropogos\/\"><\/a><br \/>\n        <\/article>\n<p>                        <!-- Add Pagination --><\/p>\n<h2>\n\t\t\t\tLegut\u00f3bbi bejegyz\u00e9sek\t\t\t\t<\/h2>\n<article data-id=\"7226\">\n<header>\n<h2><a\n                        href=\"https:\/\/blog.matusz-vad.hu\/de\/roze-kacsamell-edesburgonya-tocsnival-kacsabor-ropogossal-erdei-gombamartassal\/\"\n                        title=\"Roz\u00e9 kacsamell \u00e9desburgonya t\u00f3csnival, kacsab\u0151r ropog\u00f3ssal, erdei gombam\u00e1rt\u00e1ssal\">Roz\u00e9 kacsamell \u00e9desburgonya t\u00f3csnival, kacsab\u0151r ropog\u00f3ssal, erdei gombam\u00e1rt\u00e1ssal<\/a><\/h2>\n<\/header>\n<\/article>\n<article data-id=\"7040\">\n<header>\n<h2><a\n                        href=\"https:\/\/blog.matusz-vad.hu\/de\/alapanyag-bocuse-szakacs-2021\/\"\n                        title=\"Was haben Karpfen, Mangalica und rote Paprika gemeinsam?\">Was haben Karpfen, Mangalica und rote Paprika gemeinsam?<\/a><\/h2>\n<\/header>\n<\/article>\n<article data-id=\"6414\">\n<header>\n<h2><a\n                        href=\"https:\/\/blog.matusz-vad.hu\/de\/vorosboros-szarvasragu-varganyaval-es-petrezselymes-ujburgonyaval\/\"\n                        title=\"Rotwein-Hirsch-Ragout mit Kr\u00e4hen und Petersilienkartoffeln\">Rotwein-Hirsch-Ragout mit Kr\u00e4hen und Petersilienkartoffeln<\/a><\/h2>\n<\/header>\n<\/article>\n<article data-id=\"7058\">\n<header>\n<h2><a\n                        href=\"https:\/\/blog.matusz-vad.hu\/de\/sefek-sefe-tv2-nyertes\/\"\n                        title=\"Wie kann man den Chefs Chef gewinnen? So geht&#039;s!\">Wie kann man den Chefs Chef gewinnen? So geht's!<\/a><\/h2>\n<\/header>\n<\/article>\n<h2>\n\t\t\t\tArch\u00edvum\t\t\t\t<\/h2>\n<div class=\"matus-fooldal-3 matus-entity-placement\" id=\"matus-1079638901\"><div id=\"matus-3475823007\" style=\"margin-bottom: 30px;\"><a href=\"https:\/\/shop.matusz-vad.hu\/hu\/tag\/12817?utm_source=blog&#038;utm_medium=banner&#038;utm_campaign=gergely_2026_03&#038;ref=blog\" aria-label=\"gergely_MV_slider_1383x438px\"><img loading=\"lazy\" decoding=\"async\" src=\"https:\/\/blog.matusz-vad.hu\/wp-content\/uploads\/2023\/01\/gergely_MV_slider_1383x438px.jpg\" alt=\"\"  srcset=\"https:\/\/blog.matusz-vad.hu\/wp-content\/uploads\/2023\/01\/gergely_MV_slider_1383x438px.jpg 1383w, https:\/\/blog.matusz-vad.hu\/wp-content\/uploads\/2023\/01\/gergely_MV_slider_1383x438px-300x95.jpg 300w, https:\/\/blog.matusz-vad.hu\/wp-content\/uploads\/2023\/01\/gergely_MV_slider_1383x438px-1024x324.jpg 1024w, https:\/\/blog.matusz-vad.hu\/wp-content\/uploads\/2023\/01\/gergely_MV_slider_1383x438px-768x243.jpg 768w, https:\/\/blog.matusz-vad.hu\/wp-content\/uploads\/2023\/01\/gergely_MV_slider_1383x438px-500x158.jpg 500w, https:\/\/blog.matusz-vad.hu\/wp-content\/uploads\/2023\/01\/gergely_MV_slider_1383x438px-1000x317.jpg 1000w, https:\/\/blog.matusz-vad.hu\/wp-content\/uploads\/2023\/01\/gergely_MV_slider_1383x438px-800x253.jpg 800w\" sizes=\"(max-width: 1383px) 100vw, 1383px\" width=\"1383\" height=\"438\"   \/><\/a><\/div><\/div>","protected":false},"excerpt":{"rendered":"<p>Impresszum A Magazint szerkeszti \u00e9s kiadja: Matusz-Vad Zrt. Sz\u00e9khelye: 1103 Budapest K\u0151\u00e9r u 3\/a. A kiad\u00e1s\u00e9rt felel\u0151s: Matusz Bal\u00e1zs eln\u00f6k-vez\u00e9rigazgat\u00f3 Szerkeszt\u00e9s\u00e9rt felel\u0151s: Matusz Patrik +36703707071\u00a0MatuszPatrik@matusz-vad.hu\u00a0 ad\u00f3sz\u00e1m: HU 14651245-2-42 C\u00e9gjegyz\u00e9k sz\u00e1m: Gy\u0151ri C\u00e9gb\u00edr\u00f3s\u00e1g 01-10-048495\u00a0 Nyilv\u00e1ntart\u00e1sba vev\u0151 MNHH \u00fcgyiratsz\u00e1m: CE\/15781\/2021. Lapozzon bele \u00fajs\u00e1gunkba Megn\u00e9zem Receptjeink Roz\u00e9 kacsamell \u00e9desburgonya t\u00f3csnival, kacsab\u0151r ropog\u00f3ssal, erdei gombam\u00e1rt\u00e1ssal V\u00f6r\u00f6sboros szarvasragu varg\u00e1ny\u00e1val \u00e9s<a class=\"article-read-more\" href=\"https:\/\/blog.matusz-vad.hu\/de\/impresszum-2\/\"><i class=\"flownewsicon fa-angle-double-right\"><\/i><\/a><\/p>","protected":false},"author":14,"featured_media":0,"parent":0,"menu_order":0,"comment_status":"closed","ping_status":"closed","template":"elementor_header_footer","meta":{"footnotes":""},"class_list":["post-7319","page","type-page","status-publish","hentry"],"yoast_head":"<!-- This site is optimized with the Yoast SEO Premium plugin v27.3 (Yoast SEO v27.3) - https:\/\/yoast.com\/product\/yoast-seo-premium-wordpress\/ -->\n<title>Impresszum - Matusz-Vad Blog<\/title>\n<meta name=\"robots\" content=\"index, follow, max-snippet:-1, max-image-preview:large, max-video-preview:-1\" \/>\n<link rel=\"canonical\" href=\"https:\/\/blog.matusz-vad.hu\/de\/impresszum-2\/\" \/>\n<meta property=\"og:locale\" content=\"de_DE\" \/>\n<meta property=\"og:type\" content=\"article\" \/>\n<meta property=\"og:title\" content=\"Impresszum\" \/>\n<meta property=\"og:description\" content=\"Impresszum A Magazint szerkeszti \u00e9s kiadja: Matusz-Vad Zrt. Sz\u00e9khelye: 1103 Budapest K\u0151\u00e9r u 3\/a. A kiad\u00e1s\u00e9rt felel\u0151s: Matusz Bal\u00e1zs eln\u00f6k-vez\u00e9rigazgat\u00f3 Szerkeszt\u00e9s\u00e9rt felel\u0151s: Matusz Patrik +36703707071\u00a0MatuszPatrik@matusz-vad.hu\u00a0 ad\u00f3sz\u00e1m: HU 14651245-2-42 C\u00e9gjegyz\u00e9k sz\u00e1m: Gy\u0151ri C\u00e9gb\u00edr\u00f3s\u00e1g 01-10-048495\u00a0 Nyilv\u00e1ntart\u00e1sba vev\u0151 MNHH \u00fcgyiratsz\u00e1m: CE\/15781\/2021. Lapozzon bele \u00fajs\u00e1gunkba Megn\u00e9zem Receptjeink Roz\u00e9 kacsamell \u00e9desburgonya t\u00f3csnival, kacsab\u0151r ropog\u00f3ssal, erdei gombam\u00e1rt\u00e1ssal V\u00f6r\u00f6sboros szarvasragu varg\u00e1ny\u00e1val \u00e9s\" \/>\n<meta property=\"og:url\" content=\"https:\/\/blog.matusz-vad.hu\/de\/impresszum-2\/\" \/>\n<meta property=\"og:site_name\" content=\"Matusz-Vad Blog\" \/>\n<meta property=\"article:publisher\" content=\"https:\/\/www.facebook.com\/MatuszVad\" \/>\n<meta property=\"article:modified_time\" content=\"2021-10-31T07:45:48+00:00\" \/>\n<meta property=\"og:image\" content=\"https:\/\/blog.matusz-vad.hu\/wp-content\/uploads\/2021\/10\/Videohoz-kacsamell-scaled-1-300x169.jpg\" \/>\n<meta name=\"twitter:card\" content=\"summary_large_image\" \/>\n<meta name=\"twitter:label1\" content=\"Gesch\u00e4tzte Lesezeit\" \/>\n\t<meta name=\"twitter:data1\" content=\"3 Minuten\" \/>\n<script type=\"application\/ld+json\" class=\"yoast-schema-graph\">{\"@context\":\"https:\\\/\\\/schema.org\",\"@graph\":[{\"@type\":\"WebPage\",\"@id\":\"https:\\\/\\\/blog.matusz-vad.hu\\\/impresszum-2\\\/\",\"url\":\"https:\\\/\\\/blog.matusz-vad.hu\\\/impresszum-2\\\/\",\"name\":\"Impresszum - Matusz-Vad Blog\",\"isPartOf\":{\"@id\":\"https:\\\/\\\/blog.matusz-vad.hu\\\/#website\"},\"primaryImageOfPage\":{\"@id\":\"https:\\\/\\\/blog.matusz-vad.hu\\\/impresszum-2\\\/#primaryimage\"},\"image\":{\"@id\":\"https:\\\/\\\/blog.matusz-vad.hu\\\/impresszum-2\\\/#primaryimage\"},\"thumbnailUrl\":\"https:\\\/\\\/blog.matusz-vad.hu\\\/wp-content\\\/uploads\\\/2021\\\/10\\\/Videohoz-kacsamell-scaled-1-300x169.jpg\",\"datePublished\":\"2021-10-31T07:41:06+00:00\",\"dateModified\":\"2021-10-31T07:45:48+00:00\",\"breadcrumb\":{\"@id\":\"https:\\\/\\\/blog.matusz-vad.hu\\\/impresszum-2\\\/#breadcrumb\"},\"inLanguage\":\"de-AT\",\"potentialAction\":[{\"@type\":\"ReadAction\",\"target\":[\"https:\\\/\\\/blog.matusz-vad.hu\\\/impresszum-2\\\/\"]}]},{\"@type\":\"ImageObject\",\"inLanguage\":\"de-AT\",\"@id\":\"https:\\\/\\\/blog.matusz-vad.hu\\\/impresszum-2\\\/#primaryimage\",\"url\":\"https:\\\/\\\/blog.matusz-vad.hu\\\/wp-content\\\/uploads\\\/2021\\\/10\\\/Videohoz-kacsamell-scaled-1-300x169.jpg\",\"contentUrl\":\"https:\\\/\\\/blog.matusz-vad.hu\\\/wp-content\\\/uploads\\\/2021\\\/10\\\/Videohoz-kacsamell-scaled-1-300x169.jpg\"},{\"@type\":\"BreadcrumbList\",\"@id\":\"https:\\\/\\\/blog.matusz-vad.hu\\\/impresszum-2\\\/#breadcrumb\",\"itemListElement\":[{\"@type\":\"ListItem\",\"position\":1,\"name\":\"Kezd\u0151lap\",\"item\":\"https:\\\/\\\/blog.matusz-vad.hu\\\/\"},{\"@type\":\"ListItem\",\"position\":2,\"name\":\"Impresszum\"}]},{\"@type\":\"WebSite\",\"@id\":\"https:\\\/\\\/blog.matusz-vad.hu\\\/#website\",\"url\":\"https:\\\/\\\/blog.matusz-vad.hu\\\/\",\"name\":\"Matusz-Vad Blog\",\"description\":\"Inspir\u00e1ci\u00f3s magazin a gasztron\u00f3mia szerepl\u0151i r\u00e9sz\u00e9re\",\"publisher\":{\"@id\":\"https:\\\/\\\/blog.matusz-vad.hu\\\/#organization\"},\"potentialAction\":[{\"@type\":\"SearchAction\",\"target\":{\"@type\":\"EntryPoint\",\"urlTemplate\":\"https:\\\/\\\/blog.matusz-vad.hu\\\/?s={search_term_string}\"},\"query-input\":{\"@type\":\"PropertyValueSpecification\",\"valueRequired\":true,\"valueName\":\"search_term_string\"}}],\"inLanguage\":\"de-AT\"},{\"@type\":\"Organization\",\"@id\":\"https:\\\/\\\/blog.matusz-vad.hu\\\/#organization\",\"name\":\"Matusz-Vad Blog\",\"url\":\"https:\\\/\\\/blog.matusz-vad.hu\\\/\",\"logo\":{\"@type\":\"ImageObject\",\"inLanguage\":\"de-AT\",\"@id\":\"https:\\\/\\\/blog.matusz-vad.hu\\\/#\\\/schema\\\/logo\\\/image\\\/\",\"url\":\"https:\\\/\\\/blog.matusz-vad.hu\\\/wp-content\\\/uploads\\\/2021\\\/09\\\/cropped-Matusz_logo_teljes.jpg\",\"contentUrl\":\"https:\\\/\\\/blog.matusz-vad.hu\\\/wp-content\\\/uploads\\\/2021\\\/09\\\/cropped-Matusz_logo_teljes.jpg\",\"width\":801,\"height\":338,\"caption\":\"Matusz-Vad Blog\"},\"image\":{\"@id\":\"https:\\\/\\\/blog.matusz-vad.hu\\\/#\\\/schema\\\/logo\\\/image\\\/\"},\"sameAs\":[\"https:\\\/\\\/www.facebook.com\\\/MatuszVad\",\"https:\\\/\\\/www.linkedin.com\\\/company\\\/14790524\\\/admin\\\/\",\"https:\\\/\\\/www.facebook.com\\\/GourmetMarketPoweredByMatusz\"]}]}<\/script>\n<!-- \/ Yoast SEO Premium plugin. -->","yoast_head_json":{"title":"Impresszum - Matusz-Vad Blog","robots":{"index":"index","follow":"follow","max-snippet":"max-snippet:-1","max-image-preview":"max-image-preview:large","max-video-preview":"max-video-preview:-1"},"canonical":"https:\/\/blog.matusz-vad.hu\/de\/impresszum-2\/","og_locale":"de_DE","og_type":"article","og_title":"Impresszum","og_description":"Impresszum A Magazint szerkeszti \u00e9s kiadja: Matusz-Vad Zrt. Sz\u00e9khelye: 1103 Budapest K\u0151\u00e9r u 3\/a. A kiad\u00e1s\u00e9rt felel\u0151s: Matusz Bal\u00e1zs eln\u00f6k-vez\u00e9rigazgat\u00f3 Szerkeszt\u00e9s\u00e9rt felel\u0151s: Matusz Patrik +36703707071\u00a0MatuszPatrik@matusz-vad.hu\u00a0 ad\u00f3sz\u00e1m: HU 14651245-2-42 C\u00e9gjegyz\u00e9k sz\u00e1m: Gy\u0151ri C\u00e9gb\u00edr\u00f3s\u00e1g 01-10-048495\u00a0 Nyilv\u00e1ntart\u00e1sba vev\u0151 MNHH \u00fcgyiratsz\u00e1m: CE\/15781\/2021. Lapozzon bele \u00fajs\u00e1gunkba Megn\u00e9zem Receptjeink Roz\u00e9 kacsamell \u00e9desburgonya t\u00f3csnival, kacsab\u0151r ropog\u00f3ssal, erdei gombam\u00e1rt\u00e1ssal V\u00f6r\u00f6sboros szarvasragu varg\u00e1ny\u00e1val \u00e9s","og_url":"https:\/\/blog.matusz-vad.hu\/de\/impresszum-2\/","og_site_name":"Matusz-Vad Blog","article_publisher":"https:\/\/www.facebook.com\/MatuszVad","article_modified_time":"2021-10-31T07:45:48+00:00","og_image":[{"url":"https:\/\/blog.matusz-vad.hu\/wp-content\/uploads\/2021\/10\/Videohoz-kacsamell-scaled-1-300x169.jpg","type":"","width":"","height":""}],"twitter_card":"summary_large_image","twitter_misc":{"Gesch\u00e4tzte Lesezeit":"3 Minuten"},"schema":{"@context":"https:\/\/schema.org","@graph":[{"@type":"WebPage","@id":"https:\/\/blog.matusz-vad.hu\/impresszum-2\/","url":"https:\/\/blog.matusz-vad.hu\/impresszum-2\/","name":"Impresszum - Matusz-Vad Blog","isPartOf":{"@id":"https:\/\/blog.matusz-vad.hu\/#website"},"primaryImageOfPage":{"@id":"https:\/\/blog.matusz-vad.hu\/impresszum-2\/#primaryimage"},"image":{"@id":"https:\/\/blog.matusz-vad.hu\/impresszum-2\/#primaryimage"},"thumbnailUrl":"https:\/\/blog.matusz-vad.hu\/wp-content\/uploads\/2021\/10\/Videohoz-kacsamell-scaled-1-300x169.jpg","datePublished":"2021-10-31T07:41:06+00:00","dateModified":"2021-10-31T07:45:48+00:00","breadcrumb":{"@id":"https:\/\/blog.matusz-vad.hu\/impresszum-2\/#breadcrumb"},"inLanguage":"de-AT","potentialAction":[{"@type":"ReadAction","target":["https:\/\/blog.matusz-vad.hu\/impresszum-2\/"]}]},{"@type":"ImageObject","inLanguage":"de-AT","@id":"https:\/\/blog.matusz-vad.hu\/impresszum-2\/#primaryimage","url":"https:\/\/blog.matusz-vad.hu\/wp-content\/uploads\/2021\/10\/Videohoz-kacsamell-scaled-1-300x169.jpg","contentUrl":"https:\/\/blog.matusz-vad.hu\/wp-content\/uploads\/2021\/10\/Videohoz-kacsamell-scaled-1-300x169.jpg"},{"@type":"BreadcrumbList","@id":"https:\/\/blog.matusz-vad.hu\/impresszum-2\/#breadcrumb","itemListElement":[{"@type":"ListItem","position":1,"name":"Kezd\u0151lap","item":"https:\/\/blog.matusz-vad.hu\/"},{"@type":"ListItem","position":2,"name":"Impresszum"}]},{"@type":"WebSite","@id":"https:\/\/blog.matusz-vad.hu\/#website","url":"https:\/\/blog.matusz-vad.hu\/","name":"Matusz-Vad Blog","description":"Inspirierendes Magazin f\u00fcr Gastronomie-Profis","publisher":{"@id":"https:\/\/blog.matusz-vad.hu\/#organization"},"potentialAction":[{"@type":"SearchAction","target":{"@type":"EntryPoint","urlTemplate":"https:\/\/blog.matusz-vad.hu\/?s={search_term_string}"},"query-input":{"@type":"PropertyValueSpecification","valueRequired":true,"valueName":"search_term_string"}}],"inLanguage":"de-AT"},{"@type":"Organization","@id":"https:\/\/blog.matusz-vad.hu\/#organization","name":"Matusz-Vad Blog","url":"https:\/\/blog.matusz-vad.hu\/","logo":{"@type":"ImageObject","inLanguage":"de-AT","@id":"https:\/\/blog.matusz-vad.hu\/#\/schema\/logo\/image\/","url":"https:\/\/blog.matusz-vad.hu\/wp-content\/uploads\/2021\/09\/cropped-Matusz_logo_teljes.jpg","contentUrl":"https:\/\/blog.matusz-vad.hu\/wp-content\/uploads\/2021\/09\/cropped-Matusz_logo_teljes.jpg","width":801,"height":338,"caption":"Matusz-Vad Blog"},"image":{"@id":"https:\/\/blog.matusz-vad.hu\/#\/schema\/logo\/image\/"},"sameAs":["https:\/\/www.facebook.com\/MatuszVad","https:\/\/www.linkedin.com\/company\/14790524\/admin\/","https:\/\/www.facebook.com\/GourmetMarketPoweredByMatusz"]}]}},"jetpack-related-posts":[],"jetpack_sharing_enabled":true,"_links":{"self":[{"href":"https:\/\/blog.matusz-vad.hu\/de\/wp-json\/wp\/v2\/pages\/7319","targetHints":{"allow":["GET"]}}],"collection":[{"href":"https:\/\/blog.matusz-vad.hu\/de\/wp-json\/wp\/v2\/pages"}],"about":[{"href":"https:\/\/blog.matusz-vad.hu\/de\/wp-json\/wp\/v2\/types\/page"}],"author":[{"embeddable":true,"href":"https:\/\/blog.matusz-vad.hu\/de\/wp-json\/wp\/v2\/users\/14"}],"replies":[{"embeddable":true,"href":"https:\/\/blog.matusz-vad.hu\/de\/wp-json\/wp\/v2\/comments?post=7319"}],"version-history":[{"count":4,"href":"https:\/\/blog.matusz-vad.hu\/de\/wp-json\/wp\/v2\/pages\/7319\/revisions"}],"predecessor-version":[{"id":7325,"href":"https:\/\/blog.matusz-vad.hu\/de\/wp-json\/wp\/v2\/pages\/7319\/revisions\/7325"}],"wp:attachment":[{"href":"https:\/\/blog.matusz-vad.hu\/de\/wp-json\/wp\/v2\/media?parent=7319"}],"curies":[{"name":"wp","href":"https:\/\/api.w.org\/{rel}","templated":true}]}}