{"id":19630,"date":"2021-09-25T05:03:07","date_gmt":"2021-09-25T05:03:07","guid":{"rendered":"https:\/\/blog.matusz-vad.hu\/nachrichten\/"},"modified":"2022-04-01T12:41:54","modified_gmt":"2022-04-01T12:41:54","slug":"nachrichten","status":"publish","type":"page","link":"https:\/\/blog.matusz-vad.hu\/en\/nachrichten\/","title":{"rendered":"News"},"content":{"rendered":"<div class=\"matus-fooldal-1 matus-entity-placement\" id=\"matus-382087417\"><div id=\"matus-3353981706\" style=\"margin-bottom: 30px;\"><a href=\"https:\/\/shop.matusz-vad.hu\/hu\/tag\/6216?utm_source=blog&#038;utm_medium=banner&#038;utm_campaign=mccain_2026_04&#038;ref=blog\" aria-label=\"1383\u00d7438\"><img loading=\"lazy\" decoding=\"async\" src=\"https:\/\/blog.matusz-vad.hu\/wp-content\/uploads\/2023\/01\/1383x438-1.jpg\" alt=\"\"  srcset=\"https:\/\/blog.matusz-vad.hu\/wp-content\/uploads\/2023\/01\/1383x438-1.jpg 1383w, https:\/\/blog.matusz-vad.hu\/wp-content\/uploads\/2023\/01\/1383x438-1-300x95.jpg 300w, https:\/\/blog.matusz-vad.hu\/wp-content\/uploads\/2023\/01\/1383x438-1-1024x324.jpg 1024w, https:\/\/blog.matusz-vad.hu\/wp-content\/uploads\/2023\/01\/1383x438-1-768x243.jpg 768w, https:\/\/blog.matusz-vad.hu\/wp-content\/uploads\/2023\/01\/1383x438-1-18x6.jpg 18w, https:\/\/blog.matusz-vad.hu\/wp-content\/uploads\/2023\/01\/1383x438-1-500x158.jpg 500w, https:\/\/blog.matusz-vad.hu\/wp-content\/uploads\/2023\/01\/1383x438-1-1000x317.jpg 1000w, https:\/\/blog.matusz-vad.hu\/wp-content\/uploads\/2023\/01\/1383x438-1-800x253.jpg 800w\" sizes=\"(max-width: 1383px) 100vw, 1383px\" width=\"1383\" height=\"438\"   \/><\/a><\/div><\/div><p>News\t\t\t\t<\/p>\n<h2>\n\t\t\t\t\t\tGastro-Genius\t\t\t\t\t<\/h2>\n<p>\t\t\t\t\t\tPartner f\u00fcr erfolgreiche Gastronomie<br \/>\n<br \/>tiefgek\u00fchlte Lebensmittel Gro\u00dfhandel<br \/>\n\t\t\t\t\t<a><br \/>\n\t\t\t\t\t\tanschauen\t\t\t\t\t<\/a><br \/>\n\t\t\t\tDas kann auch interessiert sein\t\t\t\t<\/p>\n<article>\n                        <a href=\"https:\/\/blog.matusz-vad.hu\/en\/vacsoraestekben-oromfozesekben-a-jovo\/\"><\/a><br \/>\n                            <img decoding=\"async\" src=\"https:\/\/blog.matusz-vad.hu\/wp-content\/uploads\/2022\/03\/DSC_3028-300x200.jpeg\" alt=\"\"><\/p>\n<header>\n<h2><a href=\"https:\/\/blog.matusz-vad.hu\/en\/vacsoraestekben-oromfozesekben-a-jovo\/\" title=\"The future is in baking - B\u00e1rtfai Bistro\">The future is in baking - B\u00e1rtfai Bistro<\/a><\/h2>\n<\/header>\n<\/article>\n<article>\n                        <a href=\"https:\/\/blog.matusz-vad.hu\/en\/kulonleges-sef-ikerpar-akikre-buszkek-lehetunk\/\"><\/a><br \/>\n                            <img decoding=\"async\" src=\"https:\/\/blog.matusz-vad.hu\/wp-content\/uploads\/2022\/03\/Antal-Attila-Stuttgart-300x200.jpg\" alt=\"\"><\/p>\n<header>\n<h2><a href=\"https:\/\/blog.matusz-vad.hu\/en\/kulonleges-sef-ikerpar-akikre-buszkek-lehetunk\/\" title=\"A special pair of chefs to be proud of\">A special pair of chefs to be proud of<\/a><\/h2>\n<\/header>\n<\/article>\n<p>\t\t\t\tBl\u00e4ttern Sie unsere Zeitung<br \/>\n\t\t\t\t\t<a href=\"https:\/\/shop.matusz-vad.hu\/hu\/online-panorama\" target=\"_blank\" rel=\"noopener\"><br \/>\n\t\t\t\t\t\t\t\t<\/a><\/p>\n<h3>unsere Rezepte<\/h3>\n<article>\n        <a href=\"https:\/\/blog.matusz-vad.hu\/en\/fish-and-chips\/\"><\/a><br \/>\n                    <img decoding=\"async\" src=\"https:\/\/blog.matusz-vad.hu\/wp-content\/uploads\/2022\/03\/fish-and-chips_2-300x237.jpg\" alt=\"\"><br \/>\n                    <a href=\"https:\/\/blog.matusz-vad.hu\/en\/fish-and-chips\/\"><\/a><\/p>\n<header>\n<h2><a href=\"https:\/\/blog.matusz-vad.hu\/en\/fish-and-chips\/\" title=\"Fish and chips\">Fish and chips<\/a><\/h2>\n<\/header>\n<p>            <a href=\"https:\/\/blog.matusz-vad.hu\/en\/fish-and-chips\/\"><\/a><br \/>\n        <\/article>\n<article>\n        <a href=\"https:\/\/blog.matusz-vad.hu\/en\/grillezett-fogasfile-kuszkusszal-hollandi-martassal\/\"><\/a><br \/>\n                    <img decoding=\"async\" src=\"https:\/\/blog.matusz-vad.hu\/wp-content\/uploads\/2022\/03\/fogas-300x200.jpg\" alt=\"\"><br \/>\n                    <a href=\"https:\/\/blog.matusz-vad.hu\/en\/grillezett-fogasfile-kuszkusszal-hollandi-martassal\/\"><\/a><\/p>\n<header>\n<h2><a href=\"https:\/\/blog.matusz-vad.hu\/en\/grillezett-fogasfile-kuszkusszal-hollandi-martassal\/\" title=\"Grilled fillet of tooth with couscous and hollandaise sauce\">Grilled fillet of tooth with couscous and hollandaise sauce<\/a><\/h2>\n<\/header>\n<p>            <a href=\"https:\/\/blog.matusz-vad.hu\/en\/grillezett-fogasfile-kuszkusszal-hollandi-martassal\/\"><\/a><br \/>\n        <\/article>\n<article>\n        <a href=\"https:\/\/blog.matusz-vad.hu\/en\/a-tokeletes-rib-eye-steak-sutes-titka\/\"><\/a><br \/>\n                    <img decoding=\"async\" src=\"https:\/\/blog.matusz-vad.hu\/wp-content\/uploads\/2022\/03\/rib-eye-2-300x199.jpg\" alt=\"\"><br \/>\n                    <a href=\"https:\/\/blog.matusz-vad.hu\/en\/a-tokeletes-rib-eye-steak-sutes-titka\/\"><\/a><\/p>\n<header>\n<h2><a href=\"https:\/\/blog.matusz-vad.hu\/en\/a-tokeletes-rib-eye-steak-sutes-titka\/\" title=\"The secret to a perfect steak!\">The secret to a perfect steak!<\/a><\/h2>\n<\/header>\n<p>            <a href=\"https:\/\/blog.matusz-vad.hu\/en\/a-tokeletes-rib-eye-steak-sutes-titka\/\"><\/a><br \/>\n        <\/article>\n<article>\n        <a href=\"https:\/\/blog.matusz-vad.hu\/en\/tenger-gyumolcsei-spagetti-recept\/\"><\/a><br \/>\n                    <img decoding=\"async\" src=\"https:\/\/blog.matusz-vad.hu\/wp-content\/uploads\/2022\/03\/tenger-gyu\u0308mo\u0308lcsei-300x200.jpg\" alt=\"\"><br \/>\n                    <a href=\"https:\/\/blog.matusz-vad.hu\/en\/tenger-gyumolcsei-spagetti-recept\/\"><\/a><\/p>\n<header>\n<h2><a href=\"https:\/\/blog.matusz-vad.hu\/en\/tenger-gyumolcsei-spagetti-recept\/\" title=\"Seafood spaghetti\">Seafood spaghetti<\/a><\/h2>\n<\/header>\n<p>            <a href=\"https:\/\/blog.matusz-vad.hu\/en\/tenger-gyumolcsei-spagetti-recept\/\"><\/a><br \/>\n        <\/article>\n<article>\n        <a href=\"https:\/\/blog.matusz-vad.hu\/en\/az-etel-amelyre-mindenki-eskuszik-hogy-csak-az-ove-az-igazi-recept\/\"><\/a><br \/>\n                    <img decoding=\"async\" src=\"https:\/\/blog.matusz-vad.hu\/wp-content\/uploads\/2022\/03\/lead-300x146.jpg\" alt=\"\"><br \/>\n                    <a href=\"https:\/\/blog.matusz-vad.hu\/en\/az-etel-amelyre-mindenki-eskuszik-hogy-csak-az-ove-az-igazi-recept\/\"><\/a><\/p>\n<header>\n<h2><a href=\"https:\/\/blog.matusz-vad.hu\/en\/az-etel-amelyre-mindenki-eskuszik-hogy-csak-az-ove-az-igazi-recept\/\" title=\"THE FOOD that everyone swears is the only real recipe!\">THE FOOD that everyone swears is the only real recipe!<\/a><\/h2>\n<\/header>\n<p>            <a href=\"https:\/\/blog.matusz-vad.hu\/en\/az-etel-amelyre-mindenki-eskuszik-hogy-csak-az-ove-az-igazi-recept\/\"><\/a><br \/>\n        <\/article>\n<p>                        <!-- Add Pagination --><\/p>\n<h2>\n\t\t\t\tneueste Eintr\u00e4ge\t\t\t\t<\/h2>\n<article data-id=\"19759\">\n<header>\n<h2><a\n                        href=\"https:\/\/blog.matusz-vad.hu\/en\/a-flambirozas-kiralynoi\/\"\n                        title=\"Who are the queens of flamb\u00e9?\">Who are the queens of flamb\u00e9?<\/a><\/h2>\n<\/header>\n<\/article>\n<article data-id=\"12231\">\n<header>\n<h2><a\n                        href=\"https:\/\/blog.matusz-vad.hu\/en\/fish-and-chips\/\"\n                        title=\"Fish and chips\">Fish and chips<\/a><\/h2>\n<\/header>\n<\/article>\n<article data-id=\"12255\">\n<header>\n<h2><a\n                        href=\"https:\/\/blog.matusz-vad.hu\/en\/grillezett-fogasfile-kuszkusszal-hollandi-martassal\/\"\n                        title=\"Grilled fillet of tooth with couscous and hollandaise sauce\">Grilled fillet of tooth with couscous and hollandaise sauce<\/a><\/h2>\n<\/header>\n<\/article>\n<article data-id=\"19578\">\n<header>\n<h2><a\n                        href=\"https:\/\/blog.matusz-vad.hu\/en\/vacsoraestekben-oromfozesekben-a-jovo\/\"\n                        title=\"The future is in baking - B\u00e1rtfai Bistro\">The future is in baking - B\u00e1rtfai Bistro<\/a><\/h2>\n<\/header>\n<\/article>\n<h2>\n\t\t\t\tArchiv\t\t\t\t<\/h2>\n<div class=\"matus-fooldal-3 matus-entity-placement\" id=\"matus-3844319606\"><div id=\"matus-1466617919\" style=\"margin-bottom: 30px;\"><a href=\"https:\/\/shop.matusz-vad.hu\/hu\/tag\/6216?utm_source=blog&#038;utm_medium=banner&#038;utm_campaign=mccain_2026_04&#038;ref=blog\" aria-label=\"1383\u00d7438\"><img loading=\"lazy\" decoding=\"async\" src=\"https:\/\/blog.matusz-vad.hu\/wp-content\/uploads\/2023\/01\/1383x438-1.jpg\" alt=\"\"  srcset=\"https:\/\/blog.matusz-vad.hu\/wp-content\/uploads\/2023\/01\/1383x438-1.jpg 1383w, https:\/\/blog.matusz-vad.hu\/wp-content\/uploads\/2023\/01\/1383x438-1-300x95.jpg 300w, https:\/\/blog.matusz-vad.hu\/wp-content\/uploads\/2023\/01\/1383x438-1-1024x324.jpg 1024w, https:\/\/blog.matusz-vad.hu\/wp-content\/uploads\/2023\/01\/1383x438-1-768x243.jpg 768w, https:\/\/blog.matusz-vad.hu\/wp-content\/uploads\/2023\/01\/1383x438-1-18x6.jpg 18w, https:\/\/blog.matusz-vad.hu\/wp-content\/uploads\/2023\/01\/1383x438-1-500x158.jpg 500w, https:\/\/blog.matusz-vad.hu\/wp-content\/uploads\/2023\/01\/1383x438-1-1000x317.jpg 1000w, https:\/\/blog.matusz-vad.hu\/wp-content\/uploads\/2023\/01\/1383x438-1-800x253.jpg 800w\" sizes=\"(max-width: 1383px) 100vw, 1383px\" width=\"1383\" height=\"438\"   \/><\/a><\/div><\/div>","protected":false},"excerpt":{"rendered":"<p>Nachrichten Gastro-Genius Partner f\u00fcr erfolgreiche Gastronomie tiefgek\u00fchlte Lebensmittel Gro\u00dfhandel anschauen Das kann auch interessiert sein \u00d6r\u00f6mf\u0151z\u00e9sekben van a j\u00f6v\u0151 \u2013 B\u00e1rtfai Bisztro K\u00fcl\u00f6nleges s\u00e9fikerp\u00e1r, akikre b\u00fcszk\u00e9k lehet\u00fcnk Bl\u00e4ttern Sie unsere Zeitung unsere Rezepte Fish And Chips Grillezett fogasfil\u00e9 kuszkusszal, hollandi m\u00e1rt\u00e1ssal Ez a titok, amit\u0151l t\u00f6k\u00e9letes lesz a steak! Tenger gy\u00fcm\u00f6lcsei spagetti AZ \u00c9TEL, amelyre<a class=\"article-read-more\" href=\"https:\/\/blog.matusz-vad.hu\/en\/nachrichten\/\"><i class=\"flownewsicon fa-angle-double-right\"><\/i><\/a><\/p>","protected":false},"author":14,"featured_media":0,"parent":0,"menu_order":0,"comment_status":"closed","ping_status":"closed","template":"elementor_header_footer","meta":{"footnotes":""},"class_list":["post-19630","page","type-page","status-publish","hentry"],"yoast_head":"<!-- This site is optimized with the Yoast SEO Premium plugin v27.3 (Yoast SEO v27.3) - https:\/\/yoast.com\/product\/yoast-seo-premium-wordpress\/ -->\n<title>Nachrichten - Matusz-Vad Blog<\/title>\n<meta name=\"robots\" content=\"index, follow, max-snippet:-1, max-image-preview:large, max-video-preview:-1\" \/>\n<link rel=\"canonical\" href=\"https:\/\/blog.matusz-vad.hu\/en\/nachrichten\/\" \/>\n<meta property=\"og:locale\" content=\"en_GB\" \/>\n<meta property=\"og:type\" content=\"article\" \/>\n<meta property=\"og:title\" content=\"Nachrichten\" \/>\n<meta property=\"og:description\" content=\"Nachrichten Gastro-Genius Partner f\u00fcr erfolgreiche Gastronomie tiefgek\u00fchlte Lebensmittel Gro\u00dfhandel anschauen Das kann auch interessiert sein \u00d6r\u00f6mf\u0151z\u00e9sekben van a j\u00f6v\u0151 \u2013 B\u00e1rtfai Bisztro K\u00fcl\u00f6nleges s\u00e9fikerp\u00e1r, akikre b\u00fcszk\u00e9k lehet\u00fcnk Bl\u00e4ttern Sie unsere Zeitung unsere Rezepte Fish And Chips Grillezett fogasfil\u00e9 kuszkusszal, hollandi m\u00e1rt\u00e1ssal Ez a titok, amit\u0151l t\u00f6k\u00e9letes lesz a steak! Tenger gy\u00fcm\u00f6lcsei spagetti AZ \u00c9TEL, amelyre\" \/>\n<meta property=\"og:url\" content=\"https:\/\/blog.matusz-vad.hu\/en\/nachrichten\/\" \/>\n<meta property=\"og:site_name\" content=\"Matusz-Vad Blog\" \/>\n<meta property=\"article:publisher\" content=\"https:\/\/www.facebook.com\/MatuszVad\" \/>\n<meta property=\"article:modified_time\" content=\"2022-04-01T12:41:54+00:00\" \/>\n<meta property=\"og:image\" content=\"https:\/\/blog.matusz-vad.hu\/wp-content\/uploads\/2022\/03\/DSC_3028-300x200.jpeg\" \/>\n<meta name=\"twitter:card\" content=\"summary_large_image\" \/>\n<meta name=\"twitter:label1\" content=\"Estimated reading time\" \/>\n\t<meta name=\"twitter:data1\" content=\"1 minute\" \/>\n<script type=\"application\/ld+json\" class=\"yoast-schema-graph\">{\"@context\":\"https:\\\/\\\/schema.org\",\"@graph\":[{\"@type\":\"WebPage\",\"@id\":\"https:\\\/\\\/blog.matusz-vad.hu\\\/nachrichten\\\/\",\"url\":\"https:\\\/\\\/blog.matusz-vad.hu\\\/nachrichten\\\/\",\"name\":\"Nachrichten - Matusz-Vad Blog\",\"isPartOf\":{\"@id\":\"https:\\\/\\\/blog.matusz-vad.hu\\\/#website\"},\"primaryImageOfPage\":{\"@id\":\"https:\\\/\\\/blog.matusz-vad.hu\\\/nachrichten\\\/#primaryimage\"},\"image\":{\"@id\":\"https:\\\/\\\/blog.matusz-vad.hu\\\/nachrichten\\\/#primaryimage\"},\"thumbnailUrl\":\"https:\\\/\\\/blog.matusz-vad.hu\\\/wp-content\\\/uploads\\\/2022\\\/03\\\/DSC_3028-300x200.jpeg\",\"datePublished\":\"2021-09-25T05:03:07+00:00\",\"dateModified\":\"2022-04-01T12:41:54+00:00\",\"breadcrumb\":{\"@id\":\"https:\\\/\\\/blog.matusz-vad.hu\\\/nachrichten\\\/#breadcrumb\"},\"inLanguage\":\"en-GB\",\"potentialAction\":[{\"@type\":\"ReadAction\",\"target\":[\"https:\\\/\\\/blog.matusz-vad.hu\\\/nachrichten\\\/\"]}]},{\"@type\":\"ImageObject\",\"inLanguage\":\"en-GB\",\"@id\":\"https:\\\/\\\/blog.matusz-vad.hu\\\/nachrichten\\\/#primaryimage\",\"url\":\"https:\\\/\\\/blog.matusz-vad.hu\\\/wp-content\\\/uploads\\\/2022\\\/03\\\/DSC_3028-300x200.jpeg\",\"contentUrl\":\"https:\\\/\\\/blog.matusz-vad.hu\\\/wp-content\\\/uploads\\\/2022\\\/03\\\/DSC_3028-300x200.jpeg\"},{\"@type\":\"BreadcrumbList\",\"@id\":\"https:\\\/\\\/blog.matusz-vad.hu\\\/nachrichten\\\/#breadcrumb\",\"itemListElement\":[{\"@type\":\"ListItem\",\"position\":1,\"name\":\"Kezd\u0151lap\",\"item\":\"https:\\\/\\\/blog.matusz-vad.hu\\\/\"},{\"@type\":\"ListItem\",\"position\":2,\"name\":\"Nachrichten\"}]},{\"@type\":\"WebSite\",\"@id\":\"https:\\\/\\\/blog.matusz-vad.hu\\\/#website\",\"url\":\"https:\\\/\\\/blog.matusz-vad.hu\\\/\",\"name\":\"Matusz-Vad Blog\",\"description\":\"Inspir\u00e1ci\u00f3s magazin a gasztron\u00f3mia szerepl\u0151i r\u00e9sz\u00e9re\",\"publisher\":{\"@id\":\"https:\\\/\\\/blog.matusz-vad.hu\\\/#organization\"},\"potentialAction\":[{\"@type\":\"SearchAction\",\"target\":{\"@type\":\"EntryPoint\",\"urlTemplate\":\"https:\\\/\\\/blog.matusz-vad.hu\\\/?s={search_term_string}\"},\"query-input\":{\"@type\":\"PropertyValueSpecification\",\"valueRequired\":true,\"valueName\":\"search_term_string\"}}],\"inLanguage\":\"en-GB\"},{\"@type\":\"Organization\",\"@id\":\"https:\\\/\\\/blog.matusz-vad.hu\\\/#organization\",\"name\":\"Matusz-Vad Blog\",\"url\":\"https:\\\/\\\/blog.matusz-vad.hu\\\/\",\"logo\":{\"@type\":\"ImageObject\",\"inLanguage\":\"en-GB\",\"@id\":\"https:\\\/\\\/blog.matusz-vad.hu\\\/#\\\/schema\\\/logo\\\/image\\\/\",\"url\":\"https:\\\/\\\/blog.matusz-vad.hu\\\/wp-content\\\/uploads\\\/2021\\\/09\\\/cropped-Matusz_logo_teljes.jpg\",\"contentUrl\":\"https:\\\/\\\/blog.matusz-vad.hu\\\/wp-content\\\/uploads\\\/2021\\\/09\\\/cropped-Matusz_logo_teljes.jpg\",\"width\":801,\"height\":338,\"caption\":\"Matusz-Vad Blog\"},\"image\":{\"@id\":\"https:\\\/\\\/blog.matusz-vad.hu\\\/#\\\/schema\\\/logo\\\/image\\\/\"},\"sameAs\":[\"https:\\\/\\\/www.facebook.com\\\/MatuszVad\",\"https:\\\/\\\/www.linkedin.com\\\/company\\\/14790524\\\/admin\\\/\",\"https:\\\/\\\/www.facebook.com\\\/GourmetMarketPoweredByMatusz\"]}]}<\/script>\n<!-- \/ Yoast SEO Premium plugin. -->","yoast_head_json":{"title":"Nachrichten - Matusz-Vad Blog","robots":{"index":"index","follow":"follow","max-snippet":"max-snippet:-1","max-image-preview":"max-image-preview:large","max-video-preview":"max-video-preview:-1"},"canonical":"https:\/\/blog.matusz-vad.hu\/en\/nachrichten\/","og_locale":"en_GB","og_type":"article","og_title":"Nachrichten","og_description":"Nachrichten Gastro-Genius Partner f\u00fcr erfolgreiche Gastronomie tiefgek\u00fchlte Lebensmittel Gro\u00dfhandel anschauen Das kann auch interessiert sein \u00d6r\u00f6mf\u0151z\u00e9sekben van a j\u00f6v\u0151 \u2013 B\u00e1rtfai Bisztro K\u00fcl\u00f6nleges s\u00e9fikerp\u00e1r, akikre b\u00fcszk\u00e9k lehet\u00fcnk Bl\u00e4ttern Sie unsere Zeitung unsere Rezepte Fish And Chips Grillezett fogasfil\u00e9 kuszkusszal, hollandi m\u00e1rt\u00e1ssal Ez a titok, amit\u0151l t\u00f6k\u00e9letes lesz a steak! Tenger gy\u00fcm\u00f6lcsei spagetti AZ \u00c9TEL, amelyre","og_url":"https:\/\/blog.matusz-vad.hu\/en\/nachrichten\/","og_site_name":"Matusz-Vad Blog","article_publisher":"https:\/\/www.facebook.com\/MatuszVad","article_modified_time":"2022-04-01T12:41:54+00:00","og_image":[{"url":"https:\/\/blog.matusz-vad.hu\/wp-content\/uploads\/2022\/03\/DSC_3028-300x200.jpeg","type":"","width":"","height":""}],"twitter_card":"summary_large_image","twitter_misc":{"Estimated reading time":"1 minute"},"schema":{"@context":"https:\/\/schema.org","@graph":[{"@type":"WebPage","@id":"https:\/\/blog.matusz-vad.hu\/nachrichten\/","url":"https:\/\/blog.matusz-vad.hu\/nachrichten\/","name":"Nachrichten - Matusz-Vad Blog","isPartOf":{"@id":"https:\/\/blog.matusz-vad.hu\/#website"},"primaryImageOfPage":{"@id":"https:\/\/blog.matusz-vad.hu\/nachrichten\/#primaryimage"},"image":{"@id":"https:\/\/blog.matusz-vad.hu\/nachrichten\/#primaryimage"},"thumbnailUrl":"https:\/\/blog.matusz-vad.hu\/wp-content\/uploads\/2022\/03\/DSC_3028-300x200.jpeg","datePublished":"2021-09-25T05:03:07+00:00","dateModified":"2022-04-01T12:41:54+00:00","breadcrumb":{"@id":"https:\/\/blog.matusz-vad.hu\/nachrichten\/#breadcrumb"},"inLanguage":"en-GB","potentialAction":[{"@type":"ReadAction","target":["https:\/\/blog.matusz-vad.hu\/nachrichten\/"]}]},{"@type":"ImageObject","inLanguage":"en-GB","@id":"https:\/\/blog.matusz-vad.hu\/nachrichten\/#primaryimage","url":"https:\/\/blog.matusz-vad.hu\/wp-content\/uploads\/2022\/03\/DSC_3028-300x200.jpeg","contentUrl":"https:\/\/blog.matusz-vad.hu\/wp-content\/uploads\/2022\/03\/DSC_3028-300x200.jpeg"},{"@type":"BreadcrumbList","@id":"https:\/\/blog.matusz-vad.hu\/nachrichten\/#breadcrumb","itemListElement":[{"@type":"ListItem","position":1,"name":"Kezd\u0151lap","item":"https:\/\/blog.matusz-vad.hu\/"},{"@type":"ListItem","position":2,"name":"Nachrichten"}]},{"@type":"WebSite","@id":"https:\/\/blog.matusz-vad.hu\/#website","url":"https:\/\/blog.matusz-vad.hu\/","name":"Matusz-Vad Blog","description":"Inspirational magazine for gastronomy professionals","publisher":{"@id":"https:\/\/blog.matusz-vad.hu\/#organization"},"potentialAction":[{"@type":"SearchAction","target":{"@type":"EntryPoint","urlTemplate":"https:\/\/blog.matusz-vad.hu\/?s={search_term_string}"},"query-input":{"@type":"PropertyValueSpecification","valueRequired":true,"valueName":"search_term_string"}}],"inLanguage":"en-GB"},{"@type":"Organization","@id":"https:\/\/blog.matusz-vad.hu\/#organization","name":"Matusz-Vad Blog","url":"https:\/\/blog.matusz-vad.hu\/","logo":{"@type":"ImageObject","inLanguage":"en-GB","@id":"https:\/\/blog.matusz-vad.hu\/#\/schema\/logo\/image\/","url":"https:\/\/blog.matusz-vad.hu\/wp-content\/uploads\/2021\/09\/cropped-Matusz_logo_teljes.jpg","contentUrl":"https:\/\/blog.matusz-vad.hu\/wp-content\/uploads\/2021\/09\/cropped-Matusz_logo_teljes.jpg","width":801,"height":338,"caption":"Matusz-Vad Blog"},"image":{"@id":"https:\/\/blog.matusz-vad.hu\/#\/schema\/logo\/image\/"},"sameAs":["https:\/\/www.facebook.com\/MatuszVad","https:\/\/www.linkedin.com\/company\/14790524\/admin\/","https:\/\/www.facebook.com\/GourmetMarketPoweredByMatusz"]}]}},"jetpack-related-posts":[],"jetpack_sharing_enabled":true,"_links":{"self":[{"href":"https:\/\/blog.matusz-vad.hu\/en\/wp-json\/wp\/v2\/pages\/19630","targetHints":{"allow":["GET"]}}],"collection":[{"href":"https:\/\/blog.matusz-vad.hu\/en\/wp-json\/wp\/v2\/pages"}],"about":[{"href":"https:\/\/blog.matusz-vad.hu\/en\/wp-json\/wp\/v2\/types\/page"}],"author":[{"embeddable":true,"href":"https:\/\/blog.matusz-vad.hu\/en\/wp-json\/wp\/v2\/users\/14"}],"replies":[{"embeddable":true,"href":"https:\/\/blog.matusz-vad.hu\/en\/wp-json\/wp\/v2\/comments?post=19630"}],"version-history":[{"count":7,"href":"https:\/\/blog.matusz-vad.hu\/en\/wp-json\/wp\/v2\/pages\/19630\/revisions"}],"predecessor-version":[{"id":19858,"href":"https:\/\/blog.matusz-vad.hu\/en\/wp-json\/wp\/v2\/pages\/19630\/revisions\/19858"}],"wp:attachment":[{"href":"https:\/\/blog.matusz-vad.hu\/en\/wp-json\/wp\/v2\/media?parent=19630"}],"curies":[{"name":"wp","href":"https:\/\/api.w.org\/{rel}","templated":true}]}}