{"id":19642,"date":"2021-09-24T18:29:10","date_gmt":"2021-09-24T18:29:10","guid":{"rendered":"https:\/\/blog.matusz-vad.hu\/ueber-uns\/"},"modified":"2022-04-22T12:25:45","modified_gmt":"2022-04-22T12:25:45","slug":"ueber-uns","status":"publish","type":"page","link":"https:\/\/blog.matusz-vad.hu\/en\/ueber-uns\/","title":{"rendered":"About us"},"content":{"rendered":"<div class=\"matus-fooldal-1 matus-entity-placement\" id=\"matus-4122758668\"><div id=\"matus-2338174210\" style=\"margin-bottom: 30px;\"><a href=\"https:\/\/shop.matusz-vad.hu\/hu\/brand\/12315?utm_source=blog&#038;utm_medium=banner&#038;utm_campaign=heinz_2026_04&#038;ref=blog\" aria-label=\"Matusz-Vad_slider_Heinz_v2\"><img loading=\"lazy\" decoding=\"async\" src=\"https:\/\/blog.matusz-vad.hu\/wp-content\/uploads\/2023\/01\/Matusz-Vad_slider_Heinz_v2.jpg\" alt=\"\"  srcset=\"https:\/\/blog.matusz-vad.hu\/wp-content\/uploads\/2023\/01\/Matusz-Vad_slider_Heinz_v2.jpg 1383w, https:\/\/blog.matusz-vad.hu\/wp-content\/uploads\/2023\/01\/Matusz-Vad_slider_Heinz_v2-300x95.jpg 300w, https:\/\/blog.matusz-vad.hu\/wp-content\/uploads\/2023\/01\/Matusz-Vad_slider_Heinz_v2-1024x324.jpg 1024w, https:\/\/blog.matusz-vad.hu\/wp-content\/uploads\/2023\/01\/Matusz-Vad_slider_Heinz_v2-768x243.jpg 768w, https:\/\/blog.matusz-vad.hu\/wp-content\/uploads\/2023\/01\/Matusz-Vad_slider_Heinz_v2-18x6.jpg 18w, https:\/\/blog.matusz-vad.hu\/wp-content\/uploads\/2023\/01\/Matusz-Vad_slider_Heinz_v2-500x158.jpg 500w, https:\/\/blog.matusz-vad.hu\/wp-content\/uploads\/2023\/01\/Matusz-Vad_slider_Heinz_v2-1000x317.jpg 1000w, https:\/\/blog.matusz-vad.hu\/wp-content\/uploads\/2023\/01\/Matusz-Vad_slider_Heinz_v2-800x253.jpg 800w\" sizes=\"(max-width: 1383px) 100vw, 1383px\" width=\"1383\" height=\"438\"   \/><\/a><\/div><\/div><p><img decoding=\"async\" width=\"1000\" height=\"666\" src=\"https:\/\/blog.matusz-vad.hu\/wp-content\/uploads\/2021\/09\/matusz-vad.png\" alt=\"\" loading=\"lazy\" srcset=\"https:\/\/blog.matusz-vad.hu\/wp-content\/uploads\/2021\/09\/matusz-vad.png 1000w, https:\/\/blog.matusz-vad.hu\/wp-content\/uploads\/2021\/09\/matusz-vad-300x200.png 300w, https:\/\/blog.matusz-vad.hu\/wp-content\/uploads\/2021\/09\/matusz-vad-768x511.png 768w\" sizes=\"auto, (max-width: 1000px) 100vw, 1000px\" \/><br \/>\n\t\t\t<a href=\"https:\/\/www.youtube.com\/watch?v=ci8O0_rpI1A\" target=\"_blank\" role=\"button\" rel=\"noopener\"><br \/>\n\t\t\t\t\t\twatch the video<br \/>\n\t\t\t\t\t<\/a><\/p>\n<h2>About our company<\/h2>\n<p>\t\t\t\tAbout the magazine:\t\t\t\t<\/p>\n<p style=\"text-align: justify;\">Chef Inspiration is a web-based magazine supporting the art of cooking, launched in 2019 by Matusz-Vad Zrt. of the previous Chalkboard blog and the successor to Panorama magazine, which ran for 12 years.\u00a0<br \/>\u00a0<br \/>The aim is to bring together those involved in the culinary arts, to inspire them and to tell them about their successes, which can motivate them.\u00a0<br \/>\u00a0<br \/>The profession of chef reached a new dimension on 11 October 2011 when the Hungarian Bocuse d'Or Ve event took place. This gave a huge inspiration to agile chefs who saw their work as a vocation, while at the same time tourists began to flock to Budapest in growing numbers on \u201ceconomy class flights\u201d. The resulting stable income or stable pay created a firm foundation for a creative and motivated chef society. One by one, the better and better restaurants opened and our chefs entered a new dimension. Star chefs started to compete in their profession and the bar was raised higher and higher by the participants. A true gastronomic revolution took place, which ended the COVID in one fell swoop. Tourism has disappeared from the country and in Budapest people have tightened their belts. During the summer of 2020, TOP gastronomy tried to find solutions for the remaining 30% of Hungarian customers, but this was not really successful. The star chefs left the city or even went abroad, only a few survived in Budapest. Even the 2021 relaunch brought only half a success. Unfortunately, TOP-Gastro is still only a shadow of its former self. In such an environment, our magazine tries to address and help the players of the cooking profession.\u00a0<\/p>\n<p style=\"text-align: justify;\">The professional leader of the blog is the founding owner of Matusz-Vad Zrt, Mr Bal\u00e1zs Matusz Master Chef, who is a dedicated patriot of the culinary arts.\u00a0<br \/>\u00a0<br \/>Members of the editorial team:<\/p>\n<ul>\n<li>Ms Edit Beregi-Nagy - Editor-in-Chief<\/li>\n<li>Ms Zs\u00f3fia Szarka - Gastro blogger<\/li>\n<li>Mr David Horseshoe - Creative Chef<\/li>\n<li>Mrs Henriett Smicz - Gastroblogger<\/li>\n<li>Ms Anna Szekeres - Gastroblogger<\/li>\n<li>Mr Ferenc Kiss - Food Photographer<\/li>\n<\/ul>\n<h2>More than 25 years of experience<\/h2>\n<p><strong>Interview with Mr Bal\u00e1zs Matusz - from start to 20 billion turnover<\/strong><\/p>\n<p style=\"text-align: justify;\">Since childhood he wanted to be a chef and for at least as long he wanted to own his own restaurant. Nothing shows his determination better than his perseverance and determination and the fact that at the age of 21 he became Hungary's youngest landlord. The owner of Matusz-Vad Zrt, which celebrates its quarter-century anniversary this year, has an interesting journey behind him.\u00a0<\/p>\n<p>\t\t\t\t\t\t\t\t\t\t\t\t\t\t\t<img decoding=\"async\" width=\"1020\" height=\"678\" src=\"https:\/\/blog.matusz-vad.hu\/wp-content\/uploads\/2021\/09\/Matusz_Balazs_portre-1024x681-1.jpg\" alt=\"\" loading=\"lazy\" srcset=\"https:\/\/blog.matusz-vad.hu\/wp-content\/uploads\/2021\/09\/Matusz_Balazs_portre-1024x681-1.jpg 1024w, https:\/\/blog.matusz-vad.hu\/wp-content\/uploads\/2021\/09\/Matusz_Balazs_portre-1024x681-1-300x200.jpg 300w, https:\/\/blog.matusz-vad.hu\/wp-content\/uploads\/2021\/09\/Matusz_Balazs_portre-1024x681-1-768x511.jpg 768w\" sizes=\"auto, (max-width: 1020px) 100vw, 1020px\" \/>\t\t\t\t\t\t\t\t\t\t\t\t\t\t\t<\/p>\n<h2>I took my objective very seriously<\/h2>\n<p style=\"text-align: justify;\">- Mr Bal\u00e1zs Matusz, President and CEO of Zrt., recalled the early days. \u201eI borrowed seventy thousand forints from my parents in 1992 - at the time - it was a lot of money - I created the rest to rent a neglected restaurant in Gy\u0151r, which I turned into a very popular French restaurant at the time. It was unique in the city that guests would queue in front of Pierot in the evening to get a table. I soon realized that I was limited to the thirty-five tables that were in the restaurant. Then I realized that no matter how hard I tried to do my best, I couldn't get more than that. My parents had a wholesaler friend who became my role model when I was a kid, he traveled the world to work, shared a lot of his experiences with us, and in the meantime, I liked the opportunity, what wholesaling gave me.\u201d<\/p>\n<h2 id=\"h-az-tteremt-l-a-vadh-sfeldolgoz-ig\">From restaurants to game processing<\/h2>\n<p style=\"text-align: justify;\">I started my new company in 1994, also in Gy\u0151r. I decided to start it because I had noticed in the past, as a chef in the catering trade and of course as a restaurant owner, that the supply of game meat was very poor. At that time there was only one game processing company on the market and only the cheapest products were available from them. There was no really good and properly processed game meat available for the catering trade in Gy\u0151r. However, there was another reason for starting the company. The currency crisis had just arrived, and in 1994 the exchange rate of the Swiss franc had multiplied, and I had to pay the rent for my restaurant. So I made a decision and founded Matusz-Vad Zrt.<\/p>\n<h2 id=\"h-nagykereskedelem-s-h-t-h-zak\">Wholesale and cold stores<\/h2>\n<p style=\"text-align: justify;\">The growth was incredible, we multiplied our turnover year on year, and then when the numbers got more serious, the growth slowed down accordingly, but it certainly remained intense. The company was constantly being reorganised, developed, then started wholesaling and new products were added. Meanwhile, manufacturing was completely driven out of the company. The first cold store was a serious milestone, from then on the partners started to take me more seriously, and then we turned around the then 3 billion worth company with an external company and started to work on a big group structure. Different departments were put together and serious directors were involved in the organisation. The successes did not stop either: in 2011 I received a Bold Innovation Award from Ernst and Young for having built up an industry in Hungary, and was also honoured with many other important awards: Prestige Award, Entrepreneur of the Year, Businessman of the Year. Setting up the company in Austria eight years ago and entering the market in Slovakia six years ago was a serious step, and finally five years ago we bought our 26,000 square metre cold store in Budapest, which is now the engine of the business.<\/p>\n<p>\t\t\t\t\t\t\t\t\t\t\t\t\t\t\t<img decoding=\"async\" width=\"1020\" height=\"484\" src=\"https:\/\/blog.matusz-vad.hu\/wp-content\/uploads\/2021\/09\/budapest_matusz_vad_raktar-1140x541-1-1024x486.jpg\" alt=\"\" loading=\"lazy\" srcset=\"https:\/\/blog.matusz-vad.hu\/wp-content\/uploads\/2021\/09\/budapest_matusz_vad_raktar-1140x541-1-1024x486.jpg 1024w, https:\/\/blog.matusz-vad.hu\/wp-content\/uploads\/2021\/09\/budapest_matusz_vad_raktar-1140x541-1-300x142.jpg 300w, https:\/\/blog.matusz-vad.hu\/wp-content\/uploads\/2021\/09\/budapest_matusz_vad_raktar-1140x541-1-768x364.jpg 768w, https:\/\/blog.matusz-vad.hu\/wp-content\/uploads\/2021\/09\/budapest_matusz_vad_raktar-1140x541-1.jpg 1140w\" sizes=\"auto, (max-width: 1020px) 100vw, 1020px\" \/>\t\t\t\t\t\t\t\t\t\t\t\t\t\t\t<\/p>\n<h2 id=\"h-25-v-20-milli-rdos-ves-forgalom\">25 years - 20 billion annual turnover<\/h2>\n<p style=\"text-align: justify;\">The company is celebrating its 25th anniversary this year at a deservedly prestigious venue at the Gourmet Festival, Millenaris. Our turnover is expected to exceed HUF 20 billion this year and I employ more than 260 colleagues in the parent company! All this is accompanied by growing problems. Our biggest challenge at the moment is to retain and develop our workforce, my staff are highly valued, but nowadays we are competing not only for the best people, but also for the constant supply of our available products.<\/p>\n<p>\t\t\t\t\t\t\t\t\t\t\t\t\t\t\t<img decoding=\"async\" width=\"1020\" height=\"693\" src=\"https:\/\/blog.matusz-vad.hu\/wp-content\/uploads\/2021\/09\/matusz_balazs_matusz_patrik-1140x775-1-1024x696.jpg\" alt=\"\" loading=\"lazy\" srcset=\"https:\/\/blog.matusz-vad.hu\/wp-content\/uploads\/2021\/09\/matusz_balazs_matusz_patrik-1140x775-1-1024x696.jpg 1024w, https:\/\/blog.matusz-vad.hu\/wp-content\/uploads\/2021\/09\/matusz_balazs_matusz_patrik-1140x775-1-300x204.jpg 300w, https:\/\/blog.matusz-vad.hu\/wp-content\/uploads\/2021\/09\/matusz_balazs_matusz_patrik-1140x775-1-768x522.jpg 768w, https:\/\/blog.matusz-vad.hu\/wp-content\/uploads\/2021\/09\/matusz_balazs_matusz_patrik-1140x775-1.jpg 1140w\" sizes=\"auto, (max-width: 1020px) 100vw, 1020px\" \/>\t\t\t\t\t\t\t\t\t\t\t\t\t\t\t<\/p>\n<h2>In addition to Bal\u00e1zs Matusz, President and CEO, his son Patrik Matusz has also been working at Matusz-Vad Zrt. since 2017.<\/h2>\n<h2 id=\"h-j-technol-gi-k-pr-mium-lelmiszerek\">New technologies - Premium food<\/h2>\n<p style=\"text-align: justify;\">We are also always trying to come up with new ideas. Our target groups are mid-range and high-end restaurants as well as high-end catering. For them and for catering to people with labour shortages, we have developed our family of \u201econvenience products\u201c, which help our partners to work much more efficiently. These are highly prepared meat products that can be used quickly and consistently in good quality, such as \u201eSouse Vide\u201c - when the leg of goose is vacuum packed at low temperature, the meat is tenderised, all you have to do is fry it and it's ready to serve on the plate! This kind of finishing can even be entrusted to an unskilled worker. We are planning further developments in the import of high-end steaks, and we already import and distribute Special Steaks from all over the world - from Argentina to New Zealand. Our latest speciality is that for the last two weeks we have been offering zebra, camel, llama and bison meat, which can be used to prepare very tasty dishes. We offer camel burgers made from camel meat, and from the other specialities you can prepare an unexpected but very tasty surprise for your guests using a very traditional cooking technique. For chefs we offer Chef - Inspiration.<\/p>\n<div class=\"matus-fooldal-3 matus-entity-placement\" id=\"matus-802625\"><div id=\"matus-3093118467\" style=\"margin-bottom: 30px;\"><a href=\"https:\/\/shop.matusz-vad.hu\/hu\/brand\/12315?utm_source=blog&#038;utm_medium=banner&#038;utm_campaign=heinz_2026_04&#038;ref=blog\" aria-label=\"Matusz-Vad_slider_Heinz_v2\"><img loading=\"lazy\" decoding=\"async\" src=\"https:\/\/blog.matusz-vad.hu\/wp-content\/uploads\/2023\/01\/Matusz-Vad_slider_Heinz_v2.jpg\" alt=\"\"  srcset=\"https:\/\/blog.matusz-vad.hu\/wp-content\/uploads\/2023\/01\/Matusz-Vad_slider_Heinz_v2.jpg 1383w, https:\/\/blog.matusz-vad.hu\/wp-content\/uploads\/2023\/01\/Matusz-Vad_slider_Heinz_v2-300x95.jpg 300w, https:\/\/blog.matusz-vad.hu\/wp-content\/uploads\/2023\/01\/Matusz-Vad_slider_Heinz_v2-1024x324.jpg 1024w, https:\/\/blog.matusz-vad.hu\/wp-content\/uploads\/2023\/01\/Matusz-Vad_slider_Heinz_v2-768x243.jpg 768w, https:\/\/blog.matusz-vad.hu\/wp-content\/uploads\/2023\/01\/Matusz-Vad_slider_Heinz_v2-18x6.jpg 18w, https:\/\/blog.matusz-vad.hu\/wp-content\/uploads\/2023\/01\/Matusz-Vad_slider_Heinz_v2-500x158.jpg 500w, https:\/\/blog.matusz-vad.hu\/wp-content\/uploads\/2023\/01\/Matusz-Vad_slider_Heinz_v2-1000x317.jpg 1000w, https:\/\/blog.matusz-vad.hu\/wp-content\/uploads\/2023\/01\/Matusz-Vad_slider_Heinz_v2-800x253.jpg 800w\" sizes=\"(max-width: 1383px) 100vw, 1383px\" width=\"1383\" height=\"438\"   \/><\/a><\/div><\/div>","protected":false},"excerpt":{"rendered":"<p>das Video anschauen \u00dcber unsere Firma \u00dcber das Magazin: Chef Inspiration ist ein webbasiertes Magazin, welches die Kunst des Kochens unterst\u00fctzt. Es wurde 2019 von Matusz-Vad Zrt. des vorherigen Kreide-Tafel-Blogs und der Nachfolger des Panorama-Magazins, welches 12 Jahre lang erschien.\u00a0\u00a0Ziel ist es, die Akteure der Kochkunst zusammenzubringen, sie zu inspirieren und von ihren Erfolgen zu<a class=\"article-read-more\" href=\"https:\/\/blog.matusz-vad.hu\/en\/ueber-uns\/\"><i class=\"flownewsicon fa-angle-double-right\"><\/i><\/a><\/p>","protected":false},"author":14,"featured_media":0,"parent":0,"menu_order":0,"comment_status":"closed","ping_status":"closed","template":"elementor_header_footer","meta":{"footnotes":""},"class_list":["post-19642","page","type-page","status-publish","hentry"],"yoast_head":"<!-- This site is optimized with the Yoast SEO Premium plugin v27.5 (Yoast SEO v27.5) - https:\/\/yoast.com\/product\/yoast-seo-premium-wordpress\/ -->\n<title>\u00dcber uns - Matusz-Vad Blog<\/title>\n<meta name=\"robots\" content=\"index, follow, max-snippet:-1, max-image-preview:large, max-video-preview:-1\" \/>\n<link rel=\"canonical\" href=\"https:\/\/blog.matusz-vad.hu\/en\/ueber-uns\/\" \/>\n<meta property=\"og:locale\" content=\"en_GB\" \/>\n<meta property=\"og:type\" content=\"article\" \/>\n<meta property=\"og:title\" content=\"\u00dcber uns\" \/>\n<meta property=\"og:description\" content=\"das Video anschauen \u00dcber unsere Firma \u00dcber das Magazin: Chef Inspiration ist ein webbasiertes Magazin, welches die Kunst des Kochens unterst\u00fctzt. Es wurde 2019 von Matusz-Vad Zrt. des vorherigen Kreide-Tafel-Blogs und der Nachfolger des Panorama-Magazins, welches 12 Jahre lang erschien.\u00a0\u00a0Ziel ist es, die Akteure der Kochkunst zusammenzubringen, sie zu inspirieren und von ihren Erfolgen zu\" \/>\n<meta property=\"og:url\" content=\"https:\/\/blog.matusz-vad.hu\/en\/ueber-uns\/\" \/>\n<meta property=\"og:site_name\" content=\"Matusz-Vad Blog\" \/>\n<meta property=\"article:publisher\" content=\"https:\/\/www.facebook.com\/MatuszVad\" \/>\n<meta property=\"article:modified_time\" content=\"2022-04-22T12:25:45+00:00\" \/>\n<meta property=\"og:image\" content=\"https:\/\/blog.matusz-vad.hu\/wp-content\/uploads\/2021\/09\/matusz-vad.png\" \/>\n<meta name=\"twitter:card\" content=\"summary_large_image\" \/>\n<meta name=\"twitter:label1\" content=\"Estimated reading time\" \/>\n\t<meta name=\"twitter:data1\" content=\"6 minutes\" \/>\n<script type=\"application\/ld+json\" class=\"yoast-schema-graph\">{\"@context\":\"https:\\\/\\\/schema.org\",\"@graph\":[{\"@type\":\"WebPage\",\"@id\":\"https:\\\/\\\/blog.matusz-vad.hu\\\/ueber-uns\\\/\",\"url\":\"https:\\\/\\\/blog.matusz-vad.hu\\\/ueber-uns\\\/\",\"name\":\"\u00dcber uns - Matusz-Vad Blog\",\"isPartOf\":{\"@id\":\"https:\\\/\\\/blog.matusz-vad.hu\\\/#website\"},\"primaryImageOfPage\":{\"@id\":\"https:\\\/\\\/blog.matusz-vad.hu\\\/ueber-uns\\\/#primaryimage\"},\"image\":{\"@id\":\"https:\\\/\\\/blog.matusz-vad.hu\\\/ueber-uns\\\/#primaryimage\"},\"thumbnailUrl\":\"https:\\\/\\\/blog.matusz-vad.hu\\\/wp-content\\\/uploads\\\/2021\\\/09\\\/matusz-vad.png\",\"datePublished\":\"2021-09-24T18:29:10+00:00\",\"dateModified\":\"2022-04-22T12:25:45+00:00\",\"breadcrumb\":{\"@id\":\"https:\\\/\\\/blog.matusz-vad.hu\\\/ueber-uns\\\/#breadcrumb\"},\"inLanguage\":\"en-GB\",\"potentialAction\":[{\"@type\":\"ReadAction\",\"target\":[\"https:\\\/\\\/blog.matusz-vad.hu\\\/ueber-uns\\\/\"]}]},{\"@type\":\"ImageObject\",\"inLanguage\":\"en-GB\",\"@id\":\"https:\\\/\\\/blog.matusz-vad.hu\\\/ueber-uns\\\/#primaryimage\",\"url\":\"https:\\\/\\\/blog.matusz-vad.hu\\\/wp-content\\\/uploads\\\/2021\\\/09\\\/matusz-vad.png\",\"contentUrl\":\"https:\\\/\\\/blog.matusz-vad.hu\\\/wp-content\\\/uploads\\\/2021\\\/09\\\/matusz-vad.png\"},{\"@type\":\"BreadcrumbList\",\"@id\":\"https:\\\/\\\/blog.matusz-vad.hu\\\/ueber-uns\\\/#breadcrumb\",\"itemListElement\":[{\"@type\":\"ListItem\",\"position\":1,\"name\":\"Kezd\u0151lap\",\"item\":\"https:\\\/\\\/blog.matusz-vad.hu\\\/\"},{\"@type\":\"ListItem\",\"position\":2,\"name\":\"\u00dcber uns\"}]},{\"@type\":\"WebSite\",\"@id\":\"https:\\\/\\\/blog.matusz-vad.hu\\\/#website\",\"url\":\"https:\\\/\\\/blog.matusz-vad.hu\\\/\",\"name\":\"Matusz-Vad Blog\",\"description\":\"Inspir\u00e1ci\u00f3s magazin a gasztron\u00f3mia szerepl\u0151i r\u00e9sz\u00e9re\",\"publisher\":{\"@id\":\"https:\\\/\\\/blog.matusz-vad.hu\\\/#organization\"},\"potentialAction\":[{\"@type\":\"SearchAction\",\"target\":{\"@type\":\"EntryPoint\",\"urlTemplate\":\"https:\\\/\\\/blog.matusz-vad.hu\\\/?s={search_term_string}\"},\"query-input\":{\"@type\":\"PropertyValueSpecification\",\"valueRequired\":true,\"valueName\":\"search_term_string\"}}],\"inLanguage\":\"en-GB\"},{\"@type\":\"Organization\",\"@id\":\"https:\\\/\\\/blog.matusz-vad.hu\\\/#organization\",\"name\":\"Matusz-Vad Blog\",\"url\":\"https:\\\/\\\/blog.matusz-vad.hu\\\/\",\"logo\":{\"@type\":\"ImageObject\",\"inLanguage\":\"en-GB\",\"@id\":\"https:\\\/\\\/blog.matusz-vad.hu\\\/#\\\/schema\\\/logo\\\/image\\\/\",\"url\":\"https:\\\/\\\/blog.matusz-vad.hu\\\/wp-content\\\/uploads\\\/2021\\\/09\\\/cropped-Matusz_logo_teljes.jpg\",\"contentUrl\":\"https:\\\/\\\/blog.matusz-vad.hu\\\/wp-content\\\/uploads\\\/2021\\\/09\\\/cropped-Matusz_logo_teljes.jpg\",\"width\":801,\"height\":338,\"caption\":\"Matusz-Vad Blog\"},\"image\":{\"@id\":\"https:\\\/\\\/blog.matusz-vad.hu\\\/#\\\/schema\\\/logo\\\/image\\\/\"},\"sameAs\":[\"https:\\\/\\\/www.facebook.com\\\/MatuszVad\",\"https:\\\/\\\/www.linkedin.com\\\/company\\\/14790524\\\/admin\\\/\",\"https:\\\/\\\/www.facebook.com\\\/GourmetMarketPoweredByMatusz\"]}]}<\/script>\n<!-- \/ Yoast SEO Premium plugin. -->","yoast_head_json":{"title":"\u00dcber uns - Matusz-Vad Blog","robots":{"index":"index","follow":"follow","max-snippet":"max-snippet:-1","max-image-preview":"max-image-preview:large","max-video-preview":"max-video-preview:-1"},"canonical":"https:\/\/blog.matusz-vad.hu\/en\/ueber-uns\/","og_locale":"en_GB","og_type":"article","og_title":"\u00dcber uns","og_description":"das Video anschauen \u00dcber unsere Firma \u00dcber das Magazin: Chef Inspiration ist ein webbasiertes Magazin, welches die Kunst des Kochens unterst\u00fctzt. Es wurde 2019 von Matusz-Vad Zrt. des vorherigen Kreide-Tafel-Blogs und der Nachfolger des Panorama-Magazins, welches 12 Jahre lang erschien.\u00a0\u00a0Ziel ist es, die Akteure der Kochkunst zusammenzubringen, sie zu inspirieren und von ihren Erfolgen zu","og_url":"https:\/\/blog.matusz-vad.hu\/en\/ueber-uns\/","og_site_name":"Matusz-Vad Blog","article_publisher":"https:\/\/www.facebook.com\/MatuszVad","article_modified_time":"2022-04-22T12:25:45+00:00","og_image":[{"url":"https:\/\/blog.matusz-vad.hu\/wp-content\/uploads\/2021\/09\/matusz-vad.png","type":"","width":"","height":""}],"twitter_card":"summary_large_image","twitter_misc":{"Estimated reading time":"6 minutes"},"schema":{"@context":"https:\/\/schema.org","@graph":[{"@type":"WebPage","@id":"https:\/\/blog.matusz-vad.hu\/ueber-uns\/","url":"https:\/\/blog.matusz-vad.hu\/ueber-uns\/","name":"\u00dcber uns - Matusz-Vad Blog","isPartOf":{"@id":"https:\/\/blog.matusz-vad.hu\/#website"},"primaryImageOfPage":{"@id":"https:\/\/blog.matusz-vad.hu\/ueber-uns\/#primaryimage"},"image":{"@id":"https:\/\/blog.matusz-vad.hu\/ueber-uns\/#primaryimage"},"thumbnailUrl":"https:\/\/blog.matusz-vad.hu\/wp-content\/uploads\/2021\/09\/matusz-vad.png","datePublished":"2021-09-24T18:29:10+00:00","dateModified":"2022-04-22T12:25:45+00:00","breadcrumb":{"@id":"https:\/\/blog.matusz-vad.hu\/ueber-uns\/#breadcrumb"},"inLanguage":"en-GB","potentialAction":[{"@type":"ReadAction","target":["https:\/\/blog.matusz-vad.hu\/ueber-uns\/"]}]},{"@type":"ImageObject","inLanguage":"en-GB","@id":"https:\/\/blog.matusz-vad.hu\/ueber-uns\/#primaryimage","url":"https:\/\/blog.matusz-vad.hu\/wp-content\/uploads\/2021\/09\/matusz-vad.png","contentUrl":"https:\/\/blog.matusz-vad.hu\/wp-content\/uploads\/2021\/09\/matusz-vad.png"},{"@type":"BreadcrumbList","@id":"https:\/\/blog.matusz-vad.hu\/ueber-uns\/#breadcrumb","itemListElement":[{"@type":"ListItem","position":1,"name":"Kezd\u0151lap","item":"https:\/\/blog.matusz-vad.hu\/"},{"@type":"ListItem","position":2,"name":"\u00dcber uns"}]},{"@type":"WebSite","@id":"https:\/\/blog.matusz-vad.hu\/#website","url":"https:\/\/blog.matusz-vad.hu\/","name":"Matusz-Vad Blog","description":"Inspirational magazine for gastronomy professionals","publisher":{"@id":"https:\/\/blog.matusz-vad.hu\/#organization"},"potentialAction":[{"@type":"SearchAction","target":{"@type":"EntryPoint","urlTemplate":"https:\/\/blog.matusz-vad.hu\/?s={search_term_string}"},"query-input":{"@type":"PropertyValueSpecification","valueRequired":true,"valueName":"search_term_string"}}],"inLanguage":"en-GB"},{"@type":"Organization","@id":"https:\/\/blog.matusz-vad.hu\/#organization","name":"Matusz-Vad Blog","url":"https:\/\/blog.matusz-vad.hu\/","logo":{"@type":"ImageObject","inLanguage":"en-GB","@id":"https:\/\/blog.matusz-vad.hu\/#\/schema\/logo\/image\/","url":"https:\/\/blog.matusz-vad.hu\/wp-content\/uploads\/2021\/09\/cropped-Matusz_logo_teljes.jpg","contentUrl":"https:\/\/blog.matusz-vad.hu\/wp-content\/uploads\/2021\/09\/cropped-Matusz_logo_teljes.jpg","width":801,"height":338,"caption":"Matusz-Vad Blog"},"image":{"@id":"https:\/\/blog.matusz-vad.hu\/#\/schema\/logo\/image\/"},"sameAs":["https:\/\/www.facebook.com\/MatuszVad","https:\/\/www.linkedin.com\/company\/14790524\/admin\/","https:\/\/www.facebook.com\/GourmetMarketPoweredByMatusz"]}]}},"jetpack-related-posts":[],"jetpack_sharing_enabled":true,"_links":{"self":[{"href":"https:\/\/blog.matusz-vad.hu\/en\/wp-json\/wp\/v2\/pages\/19642","targetHints":{"allow":["GET"]}}],"collection":[{"href":"https:\/\/blog.matusz-vad.hu\/en\/wp-json\/wp\/v2\/pages"}],"about":[{"href":"https:\/\/blog.matusz-vad.hu\/en\/wp-json\/wp\/v2\/types\/page"}],"author":[{"embeddable":true,"href":"https:\/\/blog.matusz-vad.hu\/en\/wp-json\/wp\/v2\/users\/14"}],"replies":[{"embeddable":true,"href":"https:\/\/blog.matusz-vad.hu\/en\/wp-json\/wp\/v2\/comments?post=19642"}],"version-history":[{"count":21,"href":"https:\/\/blog.matusz-vad.hu\/en\/wp-json\/wp\/v2\/pages\/19642\/revisions"}],"predecessor-version":[{"id":20686,"href":"https:\/\/blog.matusz-vad.hu\/en\/wp-json\/wp\/v2\/pages\/19642\/revisions\/20686"}],"wp:attachment":[{"href":"https:\/\/blog.matusz-vad.hu\/en\/wp-json\/wp\/v2\/media?parent=19642"}],"curies":[{"name":"wp","href":"https:\/\/api.w.org\/{rel}","templated":true}]}}