{"id":19652,"date":"2021-09-25T05:03:07","date_gmt":"2021-09-25T05:03:07","guid":{"rendered":"https:\/\/blog.matusz-vad.hu\/spravy\/"},"modified":"2022-05-03T06:51:17","modified_gmt":"2022-05-03T06:51:17","slug":"spravy","status":"publish","type":"page","link":"https:\/\/blog.matusz-vad.hu\/en\/spravy\/","title":{"rendered":"Spr\u00e1vy"},"content":{"rendered":"<div class=\"matus-fooldal-1 matus-entity-placement\" id=\"matus-927364889\"><div id=\"matus-2277527528\" style=\"margin-bottom: 30px;\"><a href=\"https:\/\/shop.matusz-vad.hu\/hu\/brand\/12315?utm_source=blog&#038;utm_medium=banner&#038;utm_campaign=heinz_2026_04&#038;ref=blog\" aria-label=\"Matusz-Vad_slider_Heinz_v2\"><img loading=\"lazy\" decoding=\"async\" src=\"https:\/\/blog.matusz-vad.hu\/wp-content\/uploads\/2023\/01\/Matusz-Vad_slider_Heinz_v2.jpg\" alt=\"\"  srcset=\"https:\/\/blog.matusz-vad.hu\/wp-content\/uploads\/2023\/01\/Matusz-Vad_slider_Heinz_v2.jpg 1383w, https:\/\/blog.matusz-vad.hu\/wp-content\/uploads\/2023\/01\/Matusz-Vad_slider_Heinz_v2-300x95.jpg 300w, https:\/\/blog.matusz-vad.hu\/wp-content\/uploads\/2023\/01\/Matusz-Vad_slider_Heinz_v2-1024x324.jpg 1024w, https:\/\/blog.matusz-vad.hu\/wp-content\/uploads\/2023\/01\/Matusz-Vad_slider_Heinz_v2-768x243.jpg 768w, https:\/\/blog.matusz-vad.hu\/wp-content\/uploads\/2023\/01\/Matusz-Vad_slider_Heinz_v2-18x6.jpg 18w, https:\/\/blog.matusz-vad.hu\/wp-content\/uploads\/2023\/01\/Matusz-Vad_slider_Heinz_v2-500x158.jpg 500w, https:\/\/blog.matusz-vad.hu\/wp-content\/uploads\/2023\/01\/Matusz-Vad_slider_Heinz_v2-1000x317.jpg 1000w, https:\/\/blog.matusz-vad.hu\/wp-content\/uploads\/2023\/01\/Matusz-Vad_slider_Heinz_v2-800x253.jpg 800w\" sizes=\"(max-width: 1383px) 100vw, 1383px\" width=\"1383\" height=\"438\"   \/><\/a><\/div><\/div><p>Spr\u00e1vy\t\t\t\t<\/p>\n<h2>\n\t\t\t\t\t\tMatusz-vad\t\t\t\t\t<\/h2>\n<p>\t\t\t\t\t\tV\u00e1\u0161 dod\u00e1vate\u013e potrav\u00edn!<br \/>\n<br \/>Ve\u013ekoobchod s potravinami.<br \/>\n\t\t\t\t\t<a><br \/>\n\t\t\t\t\t\tPozrie\u0165\t\t\t\t\t<\/a><br \/>\n\t\t\t\tAj toto by V\u00e1s mohlo zauj\u00edma\u0165\t\t\t\t<\/p>\n<article>\n                        <a href=\"https:\/\/blog.matusz-vad.hu\/en\/tudod-melyik-konyha-nepszerubb-naprol-napra\/\"><\/a><br \/>\n                            <img decoding=\"async\" src=\"https:\/\/blog.matusz-vad.hu\/wp-content\/uploads\/2022\/04\/petruska-kezdo-300x111.jpg\" alt=\"\"><\/p>\n<header>\n<h2><a href=\"https:\/\/blog.matusz-vad.hu\/en\/tudod-melyik-konyha-nepszerubb-naprol-napra\/\" title=\"Do you know which cuisine is more popular every day?\">Do you know which cuisine is more popular every day?<\/a><\/h2>\n<\/header>\n<\/article>\n<article>\n                        <a href=\"https:\/\/blog.matusz-vad.hu\/en\/megnyit-a-centra-kavehaz\/\"><\/a><br \/>\n                            <img decoding=\"async\" src=\"https:\/\/blog.matusz-vad.hu\/wp-content\/uploads\/2022\/04\/DSC_3412-1-copy_V1-1-scaled-e1649429552269-287x300.jpg\" alt=\"\"><\/p>\n<header>\n<h2><a href=\"https:\/\/blog.matusz-vad.hu\/en\/megnyit-a-centra-kavehaz\/\" title=\"Sipping black coffee in the iconic caf\u00e9 again\">Sipping black coffee in the iconic caf\u00e9 again<\/a><\/h2>\n<\/header>\n<\/article>\n<p>\t\t\t\tPrelistujte si n\u00e1\u0161 \u010dasopis<br \/>\n\t\t\t\t\t<a href=\"https:\/\/shop.matusz-vad.hu\/hu\/online-panorama\" target=\"_blank\" rel=\"noopener\"><br \/>\n\t\t\t\t\t\t\t\t<\/a><\/p>\n<h3>Recipe<\/h3>\n<article>\n        <a href=\"https:\/\/blog.matusz-vad.hu\/en\/igazan-omlos-hatszinsteak\/\"><\/a><br \/>\n                    <img decoding=\"async\" src=\"https:\/\/blog.matusz-vad.hu\/wp-content\/uploads\/2022\/04\/Ha\u0301tszi\u0301n-300x199.jpg\" alt=\"\"><br \/>\n                    <a href=\"https:\/\/blog.matusz-vad.hu\/en\/igazan-omlos-hatszinsteak\/\"><\/a><\/p>\n<header>\n<h2><a href=\"https:\/\/blog.matusz-vad.hu\/en\/igazan-omlos-hatszinsteak\/\" title=\"Really crunchy sirloin steaks\">Really crunchy sirloin steaks<\/a><\/h2>\n<\/header>\n<p>            <a href=\"https:\/\/blog.matusz-vad.hu\/en\/igazan-omlos-hatszinsteak\/\"><\/a><br \/>\n        <\/article>\n<article>\n        <a href=\"https:\/\/blog.matusz-vad.hu\/en\/fokhagymas-garnelanyars\/\"><\/a><br \/>\n                    <img decoding=\"async\" src=\"https:\/\/blog.matusz-vad.hu\/wp-content\/uploads\/2022\/04\/Garne\u0301la-nya\u0301rs-300x200.jpg\" alt=\"\"><br \/>\n                    <a href=\"https:\/\/blog.matusz-vad.hu\/en\/fokhagymas-garnelanyars\/\"><\/a><\/p>\n<header>\n<h2><a href=\"https:\/\/blog.matusz-vad.hu\/en\/fokhagymas-garnelanyars\/\" title=\"Shrimp skewers with garlic\">Shrimp skewers with garlic<\/a><\/h2>\n<\/header>\n<p>            <a href=\"https:\/\/blog.matusz-vad.hu\/en\/fokhagymas-garnelanyars\/\"><\/a><br \/>\n        <\/article>\n<article>\n        <a href=\"https:\/\/blog.matusz-vad.hu\/en\/miert-arany-a-durbincs\/\"><\/a><br \/>\n                    <img decoding=\"async\" src=\"https:\/\/blog.matusz-vad.hu\/wp-content\/uploads\/2022\/04\/3956261477_25a2f5caea_3k-300x166.jpg\" alt=\"\"><br \/>\n                    <a href=\"https:\/\/blog.matusz-vad.hu\/en\/miert-arany-a-durbincs\/\"><\/a><\/p>\n<header>\n<h2><a href=\"https:\/\/blog.matusz-vad.hu\/en\/miert-arany-a-durbincs\/\" title=\"Why gold is the durbin\">Why gold is the durbin<\/a><\/h2>\n<\/header>\n<p>            <a href=\"https:\/\/blog.matusz-vad.hu\/en\/miert-arany-a-durbincs\/\"><\/a><br \/>\n        <\/article>\n<article>\n        <a href=\"https:\/\/blog.matusz-vad.hu\/en\/szarvas-porkolt-varganyaval-bogracsban-keszitve\/\"><\/a><br \/>\n                    <img decoding=\"async\" src=\"https:\/\/blog.matusz-vad.hu\/wp-content\/uploads\/2022\/04\/szarvas-pori-300x225.jpg\" alt=\"\"><br \/>\n                    <a href=\"https:\/\/blog.matusz-vad.hu\/en\/szarvas-porkolt-varganyaval-bogracsban-keszitve\/\"><\/a><\/p>\n<header>\n<h2><a href=\"https:\/\/blog.matusz-vad.hu\/en\/szarvas-porkolt-varganyaval-bogracsban-keszitve\/\" title=\"Deer stew with warthogs cooked in a pot\">Deer stew with warthogs cooked in a pot<\/a><\/h2>\n<\/header>\n<p>            <a href=\"https:\/\/blog.matusz-vad.hu\/en\/szarvas-porkolt-varganyaval-bogracsban-keszitve\/\"><\/a><br \/>\n        <\/article>\n<article>\n        <a href=\"https:\/\/blog.matusz-vad.hu\/en\/grillezett-pisztrang-chimichurrival-hazias-burgonya-kockaval\/\"><\/a><br \/>\n                    <img decoding=\"async\" src=\"https:\/\/blog.matusz-vad.hu\/wp-content\/uploads\/2022\/04\/pisztrang-300x200.jpg\" alt=\"\"><br \/>\n                    <a href=\"https:\/\/blog.matusz-vad.hu\/en\/grillezett-pisztrang-chimichurrival-hazias-burgonya-kockaval\/\"><\/a><\/p>\n<header>\n<h2><a href=\"https:\/\/blog.matusz-vad.hu\/en\/grillezett-pisztrang-chimichurrival-hazias-burgonya-kockaval\/\" title=\"Grilled trout with Chimichurri and home-made potato cubes\">Grilled trout with Chimichurri and home-made potato cubes<\/a><\/h2>\n<\/header>\n<p>            <a href=\"https:\/\/blog.matusz-vad.hu\/en\/grillezett-pisztrang-chimichurrival-hazias-burgonya-kockaval\/\"><\/a><br \/>\n        <\/article>\n<p>                        <!-- Add Pagination --><\/p>\n<h2>\n\t\t\t\tPosledn\u00e9 pr\u00edspevky\t\t\t\t<\/h2>\n<article data-id=\"21064\">\n<header>\n<h2><a\n                        href=\"https:\/\/blog.matusz-vad.hu\/en\/az-olvado-arany-az-alapanyag-ami-nem-hianyozhat-egyetlen-konyharol-sem\/\"\n                        title=\"Melting GOLD - the ingredient that no kitchen should be without!\">Melting GOLD - the ingredient that no kitchen should be without!<\/a><\/h2>\n<\/header>\n<\/article>\n<article data-id=\"21105\">\n<header>\n<h2><a\n                        href=\"https:\/\/blog.matusz-vad.hu\/en\/a-tokeletes-es-gyors-edesseg-anyak-napjara-rebarbara-szelet\/\"\n                        title=\"The perfect and quick dessert for ANY DAY: rhubarb bars.\">The perfect and quick dessert for ANY DAY: rhubarb bars.<\/a><\/h2>\n<\/header>\n<\/article>\n<article data-id=\"11683\">\n<header>\n<h2><a\n                        href=\"https:\/\/blog.matusz-vad.hu\/en\/miert-kulonleges-a-gomba\/\"\n                        title=\"Why mushrooms are so special\">Why mushrooms are so special<\/a><\/h2>\n<\/header>\n<\/article>\n<article data-id=\"20304\">\n<header>\n<h2><a\n                        href=\"https:\/\/blog.matusz-vad.hu\/en\/jo-a-dekli-borju-csemege\/\"\n                        title=\"Surprisingly good for the dekli... - if you know what we&#039;re talking about\">Surprisingly good for the dekli... - if you know what we're talking about<\/a><\/h2>\n<\/header>\n<\/article>\n<h2>\n\t\t\t\tArchive\t\t\t\t<\/h2>\n<div class=\"matus-fooldal-3 matus-entity-placement\" id=\"matus-4004416946\"><div id=\"matus-3837633899\" style=\"margin-bottom: 30px;\"><a href=\"https:\/\/shop.matusz-vad.hu\/hu\/brand\/12315?utm_source=blog&#038;utm_medium=banner&#038;utm_campaign=heinz_2026_04&#038;ref=blog\" aria-label=\"Matusz-Vad_slider_Heinz_v2\"><img loading=\"lazy\" decoding=\"async\" src=\"https:\/\/blog.matusz-vad.hu\/wp-content\/uploads\/2023\/01\/Matusz-Vad_slider_Heinz_v2.jpg\" alt=\"\"  srcset=\"https:\/\/blog.matusz-vad.hu\/wp-content\/uploads\/2023\/01\/Matusz-Vad_slider_Heinz_v2.jpg 1383w, https:\/\/blog.matusz-vad.hu\/wp-content\/uploads\/2023\/01\/Matusz-Vad_slider_Heinz_v2-300x95.jpg 300w, https:\/\/blog.matusz-vad.hu\/wp-content\/uploads\/2023\/01\/Matusz-Vad_slider_Heinz_v2-1024x324.jpg 1024w, https:\/\/blog.matusz-vad.hu\/wp-content\/uploads\/2023\/01\/Matusz-Vad_slider_Heinz_v2-768x243.jpg 768w, https:\/\/blog.matusz-vad.hu\/wp-content\/uploads\/2023\/01\/Matusz-Vad_slider_Heinz_v2-18x6.jpg 18w, https:\/\/blog.matusz-vad.hu\/wp-content\/uploads\/2023\/01\/Matusz-Vad_slider_Heinz_v2-500x158.jpg 500w, https:\/\/blog.matusz-vad.hu\/wp-content\/uploads\/2023\/01\/Matusz-Vad_slider_Heinz_v2-1000x317.jpg 1000w, https:\/\/blog.matusz-vad.hu\/wp-content\/uploads\/2023\/01\/Matusz-Vad_slider_Heinz_v2-800x253.jpg 800w\" sizes=\"(max-width: 1383px) 100vw, 1383px\" width=\"1383\" height=\"438\"   \/><\/a><\/div><\/div>","protected":false},"excerpt":{"rendered":"<p>Spr\u00e1vy Matusz-vad V\u00e1\u0161 dod\u00e1vate\u013e potrav\u00edn! Ve\u013ekoobchod s potravinami. Pozrie\u0165 Aj toto by V\u00e1s mohlo zauj\u00edma\u0165 Tudod, melyik konyha n\u00e9pszer\u0171bb napr\u00f3l napra? \u00dajra az ikonikus k\u00e1v\u00e9h\u00e1zban sz\u00fcrcs\u00f6lhetj\u00fck a feket\u00e9t Prelistujte si n\u00e1\u0161 \u010dasopis Recepty Igaz\u00e1n oml\u00f3s h\u00e1tsz\u00ednsteak Fokhagym\u00e1s garn\u00e9lany\u00e1rs Mi\u00e9rt arany a durbincs Szarvas p\u00f6rk\u00f6lt varg\u00e1ny\u00e1val bogr\u00e1csban k\u00e9sz\u00edtve Grillezett pisztr\u00e1ng Chimichurrival, h\u00e1zias burgonyakock\u00e1val Posledn\u00e9 pr\u00edspevky Az<a class=\"article-read-more\" href=\"https:\/\/blog.matusz-vad.hu\/en\/spravy\/\"><i class=\"flownewsicon fa-angle-double-right\"><\/i><\/a><\/p>","protected":false},"author":14,"featured_media":0,"parent":0,"menu_order":0,"comment_status":"closed","ping_status":"closed","template":"elementor_header_footer","meta":{"footnotes":""},"class_list":["post-19652","page","type-page","status-publish","hentry"],"yoast_head":"<!-- This site is optimized with the Yoast SEO Premium plugin v27.4 (Yoast SEO v27.4) - https:\/\/yoast.com\/product\/yoast-seo-premium-wordpress\/ -->\n<title>Spr\u00e1vy - Matusz-Vad Blog<\/title>\n<meta name=\"robots\" content=\"index, follow, max-snippet:-1, max-image-preview:large, max-video-preview:-1\" \/>\n<link rel=\"canonical\" href=\"https:\/\/blog.matusz-vad.hu\/en\/spravy\/\" \/>\n<meta property=\"og:locale\" content=\"en_GB\" \/>\n<meta property=\"og:type\" content=\"article\" \/>\n<meta property=\"og:title\" content=\"Spr\u00e1vy\" \/>\n<meta property=\"og:description\" content=\"Spr\u00e1vy Matusz-vad V\u00e1\u0161 dod\u00e1vate\u013e potrav\u00edn! Ve\u013ekoobchod s potravinami. Pozrie\u0165 Aj toto by V\u00e1s mohlo zauj\u00edma\u0165 Tudod, melyik konyha n\u00e9pszer\u0171bb napr\u00f3l napra? \u00dajra az ikonikus k\u00e1v\u00e9h\u00e1zban sz\u00fcrcs\u00f6lhetj\u00fck a feket\u00e9t Prelistujte si n\u00e1\u0161 \u010dasopis Recepty Igaz\u00e1n oml\u00f3s h\u00e1tsz\u00ednsteak Fokhagym\u00e1s garn\u00e9lany\u00e1rs Mi\u00e9rt arany a durbincs Szarvas p\u00f6rk\u00f6lt varg\u00e1ny\u00e1val bogr\u00e1csban k\u00e9sz\u00edtve Grillezett pisztr\u00e1ng Chimichurrival, h\u00e1zias burgonyakock\u00e1val Posledn\u00e9 pr\u00edspevky Az\" \/>\n<meta property=\"og:url\" content=\"https:\/\/blog.matusz-vad.hu\/en\/spravy\/\" \/>\n<meta property=\"og:site_name\" content=\"Matusz-Vad Blog\" \/>\n<meta property=\"article:publisher\" content=\"https:\/\/www.facebook.com\/MatuszVad\" \/>\n<meta property=\"article:modified_time\" content=\"2022-05-03T06:51:17+00:00\" \/>\n<meta property=\"og:image\" content=\"https:\/\/blog.matusz-vad.hu\/wp-content\/uploads\/2022\/04\/petruska-kezdo-300x111.jpg\" \/>\n<meta name=\"twitter:card\" content=\"summary_large_image\" \/>\n<meta name=\"twitter:label1\" content=\"Estimated reading time\" \/>\n\t<meta name=\"twitter:data1\" content=\"1 minute\" \/>\n<script type=\"application\/ld+json\" class=\"yoast-schema-graph\">{\"@context\":\"https:\\\/\\\/schema.org\",\"@graph\":[{\"@type\":\"WebPage\",\"@id\":\"https:\\\/\\\/blog.matusz-vad.hu\\\/spravy\\\/\",\"url\":\"https:\\\/\\\/blog.matusz-vad.hu\\\/spravy\\\/\",\"name\":\"Spr\u00e1vy - Matusz-Vad Blog\",\"isPartOf\":{\"@id\":\"https:\\\/\\\/blog.matusz-vad.hu\\\/#website\"},\"primaryImageOfPage\":{\"@id\":\"https:\\\/\\\/blog.matusz-vad.hu\\\/spravy\\\/#primaryimage\"},\"image\":{\"@id\":\"https:\\\/\\\/blog.matusz-vad.hu\\\/spravy\\\/#primaryimage\"},\"thumbnailUrl\":\"https:\\\/\\\/blog.matusz-vad.hu\\\/wp-content\\\/uploads\\\/2022\\\/04\\\/petruska-kezdo-300x111.jpg\",\"datePublished\":\"2021-09-25T05:03:07+00:00\",\"dateModified\":\"2022-05-03T06:51:17+00:00\",\"breadcrumb\":{\"@id\":\"https:\\\/\\\/blog.matusz-vad.hu\\\/spravy\\\/#breadcrumb\"},\"inLanguage\":\"en-GB\",\"potentialAction\":[{\"@type\":\"ReadAction\",\"target\":[\"https:\\\/\\\/blog.matusz-vad.hu\\\/spravy\\\/\"]}]},{\"@type\":\"ImageObject\",\"inLanguage\":\"en-GB\",\"@id\":\"https:\\\/\\\/blog.matusz-vad.hu\\\/spravy\\\/#primaryimage\",\"url\":\"https:\\\/\\\/blog.matusz-vad.hu\\\/wp-content\\\/uploads\\\/2022\\\/04\\\/petruska-kezdo-300x111.jpg\",\"contentUrl\":\"https:\\\/\\\/blog.matusz-vad.hu\\\/wp-content\\\/uploads\\\/2022\\\/04\\\/petruska-kezdo-300x111.jpg\"},{\"@type\":\"BreadcrumbList\",\"@id\":\"https:\\\/\\\/blog.matusz-vad.hu\\\/spravy\\\/#breadcrumb\",\"itemListElement\":[{\"@type\":\"ListItem\",\"position\":1,\"name\":\"Kezd\u0151lap\",\"item\":\"https:\\\/\\\/blog.matusz-vad.hu\\\/\"},{\"@type\":\"ListItem\",\"position\":2,\"name\":\"Spr\u00e1vy\"}]},{\"@type\":\"WebSite\",\"@id\":\"https:\\\/\\\/blog.matusz-vad.hu\\\/#website\",\"url\":\"https:\\\/\\\/blog.matusz-vad.hu\\\/\",\"name\":\"Matusz-Vad Blog\",\"description\":\"Inspir\u00e1ci\u00f3s magazin a gasztron\u00f3mia szerepl\u0151i r\u00e9sz\u00e9re\",\"publisher\":{\"@id\":\"https:\\\/\\\/blog.matusz-vad.hu\\\/#organization\"},\"potentialAction\":[{\"@type\":\"SearchAction\",\"target\":{\"@type\":\"EntryPoint\",\"urlTemplate\":\"https:\\\/\\\/blog.matusz-vad.hu\\\/?s={search_term_string}\"},\"query-input\":{\"@type\":\"PropertyValueSpecification\",\"valueRequired\":true,\"valueName\":\"search_term_string\"}}],\"inLanguage\":\"en-GB\"},{\"@type\":\"Organization\",\"@id\":\"https:\\\/\\\/blog.matusz-vad.hu\\\/#organization\",\"name\":\"Matusz-Vad Blog\",\"url\":\"https:\\\/\\\/blog.matusz-vad.hu\\\/\",\"logo\":{\"@type\":\"ImageObject\",\"inLanguage\":\"en-GB\",\"@id\":\"https:\\\/\\\/blog.matusz-vad.hu\\\/#\\\/schema\\\/logo\\\/image\\\/\",\"url\":\"https:\\\/\\\/blog.matusz-vad.hu\\\/wp-content\\\/uploads\\\/2021\\\/09\\\/cropped-Matusz_logo_teljes.jpg\",\"contentUrl\":\"https:\\\/\\\/blog.matusz-vad.hu\\\/wp-content\\\/uploads\\\/2021\\\/09\\\/cropped-Matusz_logo_teljes.jpg\",\"width\":801,\"height\":338,\"caption\":\"Matusz-Vad Blog\"},\"image\":{\"@id\":\"https:\\\/\\\/blog.matusz-vad.hu\\\/#\\\/schema\\\/logo\\\/image\\\/\"},\"sameAs\":[\"https:\\\/\\\/www.facebook.com\\\/MatuszVad\",\"https:\\\/\\\/www.linkedin.com\\\/company\\\/14790524\\\/admin\\\/\",\"https:\\\/\\\/www.facebook.com\\\/GourmetMarketPoweredByMatusz\"]}]}<\/script>\n<!-- \/ Yoast SEO Premium plugin. -->","yoast_head_json":{"title":"Spr\u00e1vy - Matusz-Vad Blog","robots":{"index":"index","follow":"follow","max-snippet":"max-snippet:-1","max-image-preview":"max-image-preview:large","max-video-preview":"max-video-preview:-1"},"canonical":"https:\/\/blog.matusz-vad.hu\/en\/spravy\/","og_locale":"en_GB","og_type":"article","og_title":"Spr\u00e1vy","og_description":"Spr\u00e1vy Matusz-vad V\u00e1\u0161 dod\u00e1vate\u013e potrav\u00edn! Ve\u013ekoobchod s potravinami. Pozrie\u0165 Aj toto by V\u00e1s mohlo zauj\u00edma\u0165 Tudod, melyik konyha n\u00e9pszer\u0171bb napr\u00f3l napra? \u00dajra az ikonikus k\u00e1v\u00e9h\u00e1zban sz\u00fcrcs\u00f6lhetj\u00fck a feket\u00e9t Prelistujte si n\u00e1\u0161 \u010dasopis Recepty Igaz\u00e1n oml\u00f3s h\u00e1tsz\u00ednsteak Fokhagym\u00e1s garn\u00e9lany\u00e1rs Mi\u00e9rt arany a durbincs Szarvas p\u00f6rk\u00f6lt varg\u00e1ny\u00e1val bogr\u00e1csban k\u00e9sz\u00edtve Grillezett pisztr\u00e1ng Chimichurrival, h\u00e1zias burgonyakock\u00e1val Posledn\u00e9 pr\u00edspevky Az","og_url":"https:\/\/blog.matusz-vad.hu\/en\/spravy\/","og_site_name":"Matusz-Vad Blog","article_publisher":"https:\/\/www.facebook.com\/MatuszVad","article_modified_time":"2022-05-03T06:51:17+00:00","og_image":[{"url":"https:\/\/blog.matusz-vad.hu\/wp-content\/uploads\/2022\/04\/petruska-kezdo-300x111.jpg","type":"","width":"","height":""}],"twitter_card":"summary_large_image","twitter_misc":{"Estimated reading time":"1 minute"},"schema":{"@context":"https:\/\/schema.org","@graph":[{"@type":"WebPage","@id":"https:\/\/blog.matusz-vad.hu\/spravy\/","url":"https:\/\/blog.matusz-vad.hu\/spravy\/","name":"Spr\u00e1vy - Matusz-Vad Blog","isPartOf":{"@id":"https:\/\/blog.matusz-vad.hu\/#website"},"primaryImageOfPage":{"@id":"https:\/\/blog.matusz-vad.hu\/spravy\/#primaryimage"},"image":{"@id":"https:\/\/blog.matusz-vad.hu\/spravy\/#primaryimage"},"thumbnailUrl":"https:\/\/blog.matusz-vad.hu\/wp-content\/uploads\/2022\/04\/petruska-kezdo-300x111.jpg","datePublished":"2021-09-25T05:03:07+00:00","dateModified":"2022-05-03T06:51:17+00:00","breadcrumb":{"@id":"https:\/\/blog.matusz-vad.hu\/spravy\/#breadcrumb"},"inLanguage":"en-GB","potentialAction":[{"@type":"ReadAction","target":["https:\/\/blog.matusz-vad.hu\/spravy\/"]}]},{"@type":"ImageObject","inLanguage":"en-GB","@id":"https:\/\/blog.matusz-vad.hu\/spravy\/#primaryimage","url":"https:\/\/blog.matusz-vad.hu\/wp-content\/uploads\/2022\/04\/petruska-kezdo-300x111.jpg","contentUrl":"https:\/\/blog.matusz-vad.hu\/wp-content\/uploads\/2022\/04\/petruska-kezdo-300x111.jpg"},{"@type":"BreadcrumbList","@id":"https:\/\/blog.matusz-vad.hu\/spravy\/#breadcrumb","itemListElement":[{"@type":"ListItem","position":1,"name":"Kezd\u0151lap","item":"https:\/\/blog.matusz-vad.hu\/"},{"@type":"ListItem","position":2,"name":"Spr\u00e1vy"}]},{"@type":"WebSite","@id":"https:\/\/blog.matusz-vad.hu\/#website","url":"https:\/\/blog.matusz-vad.hu\/","name":"Matusz-Vad Blog","description":"Inspirational magazine for gastronomy professionals","publisher":{"@id":"https:\/\/blog.matusz-vad.hu\/#organization"},"potentialAction":[{"@type":"SearchAction","target":{"@type":"EntryPoint","urlTemplate":"https:\/\/blog.matusz-vad.hu\/?s={search_term_string}"},"query-input":{"@type":"PropertyValueSpecification","valueRequired":true,"valueName":"search_term_string"}}],"inLanguage":"en-GB"},{"@type":"Organization","@id":"https:\/\/blog.matusz-vad.hu\/#organization","name":"Matusz-Vad Blog","url":"https:\/\/blog.matusz-vad.hu\/","logo":{"@type":"ImageObject","inLanguage":"en-GB","@id":"https:\/\/blog.matusz-vad.hu\/#\/schema\/logo\/image\/","url":"https:\/\/blog.matusz-vad.hu\/wp-content\/uploads\/2021\/09\/cropped-Matusz_logo_teljes.jpg","contentUrl":"https:\/\/blog.matusz-vad.hu\/wp-content\/uploads\/2021\/09\/cropped-Matusz_logo_teljes.jpg","width":801,"height":338,"caption":"Matusz-Vad Blog"},"image":{"@id":"https:\/\/blog.matusz-vad.hu\/#\/schema\/logo\/image\/"},"sameAs":["https:\/\/www.facebook.com\/MatuszVad","https:\/\/www.linkedin.com\/company\/14790524\/admin\/","https:\/\/www.facebook.com\/GourmetMarketPoweredByMatusz"]}]}},"jetpack-related-posts":[],"jetpack_sharing_enabled":true,"_links":{"self":[{"href":"https:\/\/blog.matusz-vad.hu\/en\/wp-json\/wp\/v2\/pages\/19652","targetHints":{"allow":["GET"]}}],"collection":[{"href":"https:\/\/blog.matusz-vad.hu\/en\/wp-json\/wp\/v2\/pages"}],"about":[{"href":"https:\/\/blog.matusz-vad.hu\/en\/wp-json\/wp\/v2\/types\/page"}],"author":[{"embeddable":true,"href":"https:\/\/blog.matusz-vad.hu\/en\/wp-json\/wp\/v2\/users\/14"}],"replies":[{"embeddable":true,"href":"https:\/\/blog.matusz-vad.hu\/en\/wp-json\/wp\/v2\/comments?post=19652"}],"version-history":[{"count":9,"href":"https:\/\/blog.matusz-vad.hu\/en\/wp-json\/wp\/v2\/pages\/19652\/revisions"}],"predecessor-version":[{"id":21186,"href":"https:\/\/blog.matusz-vad.hu\/en\/wp-json\/wp\/v2\/pages\/19652\/revisions\/21186"}],"wp:attachment":[{"href":"https:\/\/blog.matusz-vad.hu\/en\/wp-json\/wp\/v2\/media?parent=19652"}],"curies":[{"name":"wp","href":"https:\/\/api.w.org\/{rel}","templated":true}]}}