{"id":6108,"date":"2021-09-25T05:39:59","date_gmt":"2021-09-25T05:39:59","guid":{"rendered":"https:\/\/blog.matusz-vad.hu\/?page_id=6108"},"modified":"2022-03-09T17:16:37","modified_gmt":"2022-03-09T17:16:37","slug":"chefek-ettermek","status":"publish","type":"page","link":"https:\/\/blog.matusz-vad.hu\/en\/chefek-ettermek\/","title":{"rendered":"Chefs-Restaurants"},"content":{"rendered":"<div class=\"matus-fooldal-1 matus-entity-placement\" id=\"matus-305967820\"><div id=\"matus-2034594533\" style=\"margin-bottom: 30px;\"><a href=\"https:\/\/shop.matusz-vad.hu\/hu\/brand\/12315?utm_source=blog&#038;utm_medium=banner&#038;utm_campaign=heinz_2026_04&#038;ref=blog\" aria-label=\"Matusz-Vad_slider_Heinz_v2\"><img loading=\"lazy\" decoding=\"async\" src=\"https:\/\/blog.matusz-vad.hu\/wp-content\/uploads\/2023\/01\/Matusz-Vad_slider_Heinz_v2.jpg\" alt=\"\"  srcset=\"https:\/\/blog.matusz-vad.hu\/wp-content\/uploads\/2023\/01\/Matusz-Vad_slider_Heinz_v2.jpg 1383w, https:\/\/blog.matusz-vad.hu\/wp-content\/uploads\/2023\/01\/Matusz-Vad_slider_Heinz_v2-300x95.jpg 300w, https:\/\/blog.matusz-vad.hu\/wp-content\/uploads\/2023\/01\/Matusz-Vad_slider_Heinz_v2-1024x324.jpg 1024w, https:\/\/blog.matusz-vad.hu\/wp-content\/uploads\/2023\/01\/Matusz-Vad_slider_Heinz_v2-768x243.jpg 768w, https:\/\/blog.matusz-vad.hu\/wp-content\/uploads\/2023\/01\/Matusz-Vad_slider_Heinz_v2-18x6.jpg 18w, https:\/\/blog.matusz-vad.hu\/wp-content\/uploads\/2023\/01\/Matusz-Vad_slider_Heinz_v2-500x158.jpg 500w, https:\/\/blog.matusz-vad.hu\/wp-content\/uploads\/2023\/01\/Matusz-Vad_slider_Heinz_v2-1000x317.jpg 1000w, https:\/\/blog.matusz-vad.hu\/wp-content\/uploads\/2023\/01\/Matusz-Vad_slider_Heinz_v2-800x253.jpg 800w\" sizes=\"(max-width: 1383px) 100vw, 1383px\" width=\"1383\" height=\"438\"   \/><\/a><\/div><\/div><p>Chefs-Restaurants\t\t\t\t<\/p>\n<h2>\n\t\t\t\t\t\tMatusz-vad\t\t\t\t\t<\/h2>\n<p>\t\t\t\t\t\tPartner for successful hospitality!<br \/>\n<br \/>Frozen food wholesale.<br \/>\n\t\t\t\t\t<a><br \/>\n\t\t\t\t\t\tI will check\t\t\t\t\t<\/a><br \/>\n\t\t\t\tThis could also be interesting\t\t\t\t<\/p>\n<article>\n                        <a href=\"https:\/\/blog.matusz-vad.hu\/en\/sushi-japanika-etterem-azsiai-konyha\/\"><\/a><br \/>\n                            <img decoding=\"async\" src=\"https:\/\/blog.matusz-vad.hu\/wp-content\/uploads\/2022\/03\/1014_28-300x300.jpeg\" alt=\"\"><\/p>\n<header>\n<h2><a href=\"https:\/\/blog.matusz-vad.hu\/en\/sushi-japanika-etterem-azsiai-konyha\/\" title=\"This is why sushi and Asian traditional dishes have become fashionable - Japanika\">This is why sushi and Asian traditional dishes have become fashionable - Japanika<\/a><\/h2>\n<\/header>\n<\/article>\n<article>\n                        <a href=\"https:\/\/blog.matusz-vad.hu\/en\/mi-a-csudatol-fut-ennyire-a-fricska-etteremlakas-%ef%bf%bc\/\"><\/a><br \/>\n                            <img decoding=\"async\" src=\"https:\/\/blog.matusz-vad.hu\/wp-content\/uploads\/2022\/02\/image_50416897-300x205.jpg\" alt=\"\"><\/p>\n<header>\n<h2><a href=\"https:\/\/blog.matusz-vad.hu\/en\/mi-a-csudatol-fut-ennyire-a-fricska-etteremlakas-%ef%bf%bc\/\" title=\"Why on earth is the Fricska restaurant apartment running so well? \ufffc\">Why on earth is the Fricska restaurant apartment running so well? \ufffc<\/a><\/h2>\n<\/header>\n<\/article>\n<p>\t\t\t\tTake a look at our newspaper<br \/>\n\t\t\t\t\t<a href=\"https:\/\/shop.matusz-vad.hu\/hu\/online-panorama\" target=\"_blank\" rel=\"noopener\"><br \/>\n\t\t\t\t\t\t\t\t<\/a><\/p>\n<h3>Our recipes<\/h3>\n<article>\n        <a href=\"https:\/\/blog.matusz-vad.hu\/en\/borjulabszar-krumplipurevel-recept-borju-osso-bucco\/\"><\/a><br \/>\n                    <img decoding=\"async\" src=\"https:\/\/blog.matusz-vad.hu\/wp-content\/uploads\/2022\/03\/Occo-Bucco-300x200.jpg\" alt=\"\"><br \/>\n                    <a href=\"https:\/\/blog.matusz-vad.hu\/en\/borjulabszar-krumplipurevel-recept-borju-osso-bucco\/\"><\/a><\/p>\n<header>\n<h2><a href=\"https:\/\/blog.matusz-vad.hu\/en\/borjulabszar-krumplipurevel-recept-borju-osso-bucco\/\" title=\"Beef shank (osso bucco) with creamy parmesan mashed potatoes\">Beef shank (osso bucco) with creamy parmesan mashed potatoes<\/a><\/h2>\n<\/header>\n<p>            <a href=\"https:\/\/blog.matusz-vad.hu\/en\/borjulabszar-krumplipurevel-recept-borju-osso-bucco\/\"><\/a><br \/>\n        <\/article>\n<article>\n        <a href=\"https:\/\/blog.matusz-vad.hu\/en\/tokeletes-nonapi-fogas-prisztoka-tibortol\/\"><\/a><br \/>\n                    <img decoding=\"async\" src=\"https:\/\/blog.matusz-vad.hu\/wp-content\/uploads\/2022\/03\/bejgliben-facanmell-Prisztoka-300x271.jpg\" alt=\"\"><br \/>\n                    <a href=\"https:\/\/blog.matusz-vad.hu\/en\/tokeletes-nonapi-fogas-prisztoka-tibortol\/\"><\/a><\/p>\n<header>\n<h2><a href=\"https:\/\/blog.matusz-vad.hu\/en\/tokeletes-nonapi-fogas-prisztoka-tibortol\/\" title=\"The perfect WOMEN&#039;S DAY BREAK from Tibor Prist\u00f3ka\">The perfect WOMEN'S DAY BREAK from Tibor Prist\u00f3ka<\/a><\/h2>\n<\/header>\n<p>            <a href=\"https:\/\/blog.matusz-vad.hu\/en\/tokeletes-nonapi-fogas-prisztoka-tibortol\/\"><\/a><br \/>\n        <\/article>\n<article>\n        <a href=\"https:\/\/blog.matusz-vad.hu\/en\/rantott-bekacomb-recept\/\"><\/a><br \/>\n                    <img decoding=\"async\" src=\"https:\/\/blog.matusz-vad.hu\/wp-content\/uploads\/2022\/03\/rantott_bekacomb-300x200.jpg\" alt=\"\"><br \/>\n                    <a href=\"https:\/\/blog.matusz-vad.hu\/en\/rantott-bekacomb-recept\/\"><\/a><\/p>\n<header>\n<h2><a href=\"https:\/\/blog.matusz-vad.hu\/en\/rantott-bekacomb-recept\/\" title=\"Fried frogs&#039; legs with dipping sauce\">Fried frogs' legs with dipping sauce<\/a><\/h2>\n<\/header>\n<p>            <a href=\"https:\/\/blog.matusz-vad.hu\/en\/rantott-bekacomb-recept\/\"><\/a><br \/>\n        <\/article>\n<article>\n        <a href=\"https:\/\/blog.matusz-vad.hu\/en\/tokeletes-bableves-fustolt-csulokkel-recept\/\"><\/a><br \/>\n                    <img decoding=\"async\" src=\"https:\/\/blog.matusz-vad.hu\/wp-content\/uploads\/2022\/03\/image0-4-300x200.jpeg\" alt=\"\"><br \/>\n                    <a href=\"https:\/\/blog.matusz-vad.hu\/en\/tokeletes-bableves-fustolt-csulokkel-recept\/\"><\/a><\/p>\n<header>\n<h2><a href=\"https:\/\/blog.matusz-vad.hu\/en\/tokeletes-bableves-fustolt-csulokkel-recept\/\" title=\"The perfect bean soup with smoked legs\">The perfect bean soup with smoked legs<\/a><\/h2>\n<\/header>\n<p>            <a href=\"https:\/\/blog.matusz-vad.hu\/en\/tokeletes-bableves-fustolt-csulokkel-recept\/\"><\/a><br \/>\n        <\/article>\n<article>\n        <a href=\"https:\/\/blog.matusz-vad.hu\/en\/igazi-szalagos-fank-receptje-tortenete-naphagyomany\/\"><\/a><br \/>\n                    <img decoding=\"async\" src=\"https:\/\/blog.matusz-vad.hu\/wp-content\/uploads\/2022\/02\/fa\u0301nk-300x150.jpg\" alt=\"\"><br \/>\n                    <a href=\"https:\/\/blog.matusz-vad.hu\/en\/igazi-szalagos-fank-receptje-tortenete-naphagyomany\/\"><\/a><\/p>\n<header>\n<h2><a href=\"https:\/\/blog.matusz-vad.hu\/en\/igazi-szalagos-fank-receptje-tortenete-naphagyomany\/\" title=\"The real doughnut - recipe and history\">The real doughnut - recipe and history<\/a><\/h2>\n<\/header>\n<p>            <a href=\"https:\/\/blog.matusz-vad.hu\/en\/igazi-szalagos-fank-receptje-tortenete-naphagyomany\/\"><\/a><br \/>\n        <\/article>\n<p>                        <!-- Add Pagination --><\/p>\n<h2>\n\t\t\t\tLatest posts\t\t\t\t<\/h2>\n<article data-id=\"12040\">\n<header>\n<h2><a\n                        href=\"https:\/\/blog.matusz-vad.hu\/en\/husfeldolgozas-vezir-hus-bakony-zirc-sikeres-elelmiszergyartas\/\"\n                        title=\"What makes a meat processor successful where there has never been a tradition of food production?\ufffc\">What makes a meat processor successful where there has never been a tradition of food production?\ufffc<\/a><\/h2>\n<\/header>\n<\/article>\n<article data-id=\"11778\">\n<header>\n<h2><a\n                        href=\"https:\/\/blog.matusz-vad.hu\/en\/borjulabszar-krumplipurevel-recept-borju-osso-bucco\/\"\n                        title=\"Beef shank (osso bucco) with creamy parmesan mashed potatoes\">Beef shank (osso bucco) with creamy parmesan mashed potatoes<\/a><\/h2>\n<\/header>\n<\/article>\n<article data-id=\"11960\">\n<header>\n<h2><a\n                        href=\"https:\/\/blog.matusz-vad.hu\/en\/homar-inyencseg-de-nem-volt-mindig-az\/\"\n                        title=\"Lobster - a delicacy, but not always\">Lobster - a delicacy, but not always<\/a><\/h2>\n<\/header>\n<\/article>\n<article data-id=\"11926\">\n<header>\n<h2><a\n                        href=\"https:\/\/blog.matusz-vad.hu\/en\/keke-peneszes-sajtok-egeszsegesek\/\"\n                        title=\"Which is the mould that breeds?\">Which is the mould that breeds?<\/a><\/h2>\n<\/header>\n<\/article>\n<h2>\n\t\t\t\tArchive at\t\t\t\t<\/h2>\n<div class=\"matus-fooldal-3 matus-entity-placement\" id=\"matus-1218027133\"><div id=\"matus-3468371423\" style=\"margin-bottom: 30px;\"><a href=\"https:\/\/shop.matusz-vad.hu\/hu\/brand\/12315?utm_source=blog&#038;utm_medium=banner&#038;utm_campaign=heinz_2026_04&#038;ref=blog\" aria-label=\"Matusz-Vad_slider_Heinz_v2\"><img loading=\"lazy\" decoding=\"async\" src=\"https:\/\/blog.matusz-vad.hu\/wp-content\/uploads\/2023\/01\/Matusz-Vad_slider_Heinz_v2.jpg\" alt=\"\"  srcset=\"https:\/\/blog.matusz-vad.hu\/wp-content\/uploads\/2023\/01\/Matusz-Vad_slider_Heinz_v2.jpg 1383w, https:\/\/blog.matusz-vad.hu\/wp-content\/uploads\/2023\/01\/Matusz-Vad_slider_Heinz_v2-300x95.jpg 300w, https:\/\/blog.matusz-vad.hu\/wp-content\/uploads\/2023\/01\/Matusz-Vad_slider_Heinz_v2-1024x324.jpg 1024w, https:\/\/blog.matusz-vad.hu\/wp-content\/uploads\/2023\/01\/Matusz-Vad_slider_Heinz_v2-768x243.jpg 768w, https:\/\/blog.matusz-vad.hu\/wp-content\/uploads\/2023\/01\/Matusz-Vad_slider_Heinz_v2-18x6.jpg 18w, https:\/\/blog.matusz-vad.hu\/wp-content\/uploads\/2023\/01\/Matusz-Vad_slider_Heinz_v2-500x158.jpg 500w, https:\/\/blog.matusz-vad.hu\/wp-content\/uploads\/2023\/01\/Matusz-Vad_slider_Heinz_v2-1000x317.jpg 1000w, https:\/\/blog.matusz-vad.hu\/wp-content\/uploads\/2023\/01\/Matusz-Vad_slider_Heinz_v2-800x253.jpg 800w\" sizes=\"(max-width: 1383px) 100vw, 1383px\" width=\"1383\" height=\"438\"   \/><\/a><\/div><\/div>","protected":false},"excerpt":{"rendered":"<p>Chefek-\u00c9ttermek Matusz-vad Partner a sikeres vend\u00e9gl\u00e1t\u00e1sban! Fagyasztott \u00e9lelmiszer nagykereskedelem. Megn\u00e9zem Ez is \u00e9rdekes lehet Ez\u00e9rt lett divat a sushi \u00e9s az \u00e1zsiai trad\u00edci\u00f3k szerint k\u00e9sz\u00edtett \u00e9telek &#8211; Japanika Mi a csud\u00e1t\u00f3l fut ennyire a Fricska \u00e9tteremlak\u00e1s? \ufffc Lapozzon bele \u00fajs\u00e1gunkba Receptjeink Borj\u00fal\u00e1bsz\u00e1r (osso bucco) kr\u00e9mes, parmez\u00e1nos krumplip\u00fcr\u00e9vel T\u00f6k\u00e9letes N\u0150NAPI FOG\u00c1S Priszt\u00f3ka Tibort\u00f3l R\u00e1ntott b\u00e9kacomb m\u00e1rtogat\u00f3ssal<a class=\"article-read-more\" href=\"https:\/\/blog.matusz-vad.hu\/en\/chefek-ettermek\/\"><i class=\"flownewsicon fa-angle-double-right\"><\/i><\/a><\/p>","protected":false},"author":14,"featured_media":0,"parent":0,"menu_order":0,"comment_status":"closed","ping_status":"closed","template":"elementor_header_footer","meta":{"footnotes":""},"class_list":["post-6108","page","type-page","status-publish","hentry"],"yoast_head":"<!-- This site is optimized with the Yoast SEO Premium plugin v27.5 (Yoast SEO v27.5) - https:\/\/yoast.com\/product\/yoast-seo-premium-wordpress\/ -->\n<title>Chefek-\u00c9ttermek - Matusz-Vad Blog<\/title>\n<meta name=\"robots\" content=\"index, follow, max-snippet:-1, max-image-preview:large, max-video-preview:-1\" \/>\n<link rel=\"canonical\" href=\"https:\/\/blog.matusz-vad.hu\/en\/chefek-ettermek\/\" \/>\n<meta property=\"og:locale\" content=\"en_GB\" \/>\n<meta property=\"og:type\" content=\"article\" \/>\n<meta property=\"og:title\" content=\"Chefek-\u00c9ttermek\" \/>\n<meta property=\"og:description\" content=\"Chefek-\u00c9ttermek Matusz-vad Partner a sikeres vend\u00e9gl\u00e1t\u00e1sban! Fagyasztott \u00e9lelmiszer nagykereskedelem. Megn\u00e9zem Ez is \u00e9rdekes lehet Ez\u00e9rt lett divat a sushi \u00e9s az \u00e1zsiai trad\u00edci\u00f3k szerint k\u00e9sz\u00edtett \u00e9telek &#8211; Japanika Mi a csud\u00e1t\u00f3l fut ennyire a Fricska \u00e9tteremlak\u00e1s? \ufffc Lapozzon bele \u00fajs\u00e1gunkba Receptjeink Borj\u00fal\u00e1bsz\u00e1r (osso bucco) kr\u00e9mes, parmez\u00e1nos krumplip\u00fcr\u00e9vel T\u00f6k\u00e9letes N\u0150NAPI FOG\u00c1S Priszt\u00f3ka Tibort\u00f3l R\u00e1ntott b\u00e9kacomb m\u00e1rtogat\u00f3ssal\" \/>\n<meta property=\"og:url\" content=\"https:\/\/blog.matusz-vad.hu\/en\/chefek-ettermek\/\" \/>\n<meta property=\"og:site_name\" content=\"Matusz-Vad Blog\" \/>\n<meta property=\"article:publisher\" content=\"https:\/\/www.facebook.com\/MatuszVad\" \/>\n<meta property=\"article:modified_time\" content=\"2022-03-09T17:16:37+00:00\" \/>\n<meta property=\"og:image\" content=\"https:\/\/blog.matusz-vad.hu\/wp-content\/uploads\/2022\/03\/1014_28-300x300.jpeg\" \/>\n<meta name=\"twitter:card\" content=\"summary_large_image\" \/>\n<meta name=\"twitter:label1\" content=\"Estimated reading time\" \/>\n\t<meta name=\"twitter:data1\" content=\"5 minutes\" \/>\n<script type=\"application\/ld+json\" class=\"yoast-schema-graph\">{\"@context\":\"https:\\\/\\\/schema.org\",\"@graph\":[{\"@type\":\"WebPage\",\"@id\":\"https:\\\/\\\/blog.matusz-vad.hu\\\/chefek-ettermek\\\/\",\"url\":\"https:\\\/\\\/blog.matusz-vad.hu\\\/chefek-ettermek\\\/\",\"name\":\"Chefek-\u00c9ttermek - Matusz-Vad Blog\",\"isPartOf\":{\"@id\":\"https:\\\/\\\/blog.matusz-vad.hu\\\/#website\"},\"primaryImageOfPage\":{\"@id\":\"https:\\\/\\\/blog.matusz-vad.hu\\\/chefek-ettermek\\\/#primaryimage\"},\"image\":{\"@id\":\"https:\\\/\\\/blog.matusz-vad.hu\\\/chefek-ettermek\\\/#primaryimage\"},\"thumbnailUrl\":\"https:\\\/\\\/blog.matusz-vad.hu\\\/wp-content\\\/uploads\\\/2022\\\/03\\\/1014_28-300x300.jpeg\",\"datePublished\":\"2021-09-25T05:39:59+00:00\",\"dateModified\":\"2022-03-09T17:16:37+00:00\",\"breadcrumb\":{\"@id\":\"https:\\\/\\\/blog.matusz-vad.hu\\\/chefek-ettermek\\\/#breadcrumb\"},\"inLanguage\":\"en-GB\",\"potentialAction\":[{\"@type\":\"ReadAction\",\"target\":[\"https:\\\/\\\/blog.matusz-vad.hu\\\/chefek-ettermek\\\/\"]}]},{\"@type\":\"ImageObject\",\"inLanguage\":\"en-GB\",\"@id\":\"https:\\\/\\\/blog.matusz-vad.hu\\\/chefek-ettermek\\\/#primaryimage\",\"url\":\"https:\\\/\\\/blog.matusz-vad.hu\\\/wp-content\\\/uploads\\\/2022\\\/03\\\/1014_28-300x300.jpeg\",\"contentUrl\":\"https:\\\/\\\/blog.matusz-vad.hu\\\/wp-content\\\/uploads\\\/2022\\\/03\\\/1014_28-300x300.jpeg\"},{\"@type\":\"BreadcrumbList\",\"@id\":\"https:\\\/\\\/blog.matusz-vad.hu\\\/chefek-ettermek\\\/#breadcrumb\",\"itemListElement\":[{\"@type\":\"ListItem\",\"position\":1,\"name\":\"Kezd\u0151lap\",\"item\":\"https:\\\/\\\/blog.matusz-vad.hu\\\/\"},{\"@type\":\"ListItem\",\"position\":2,\"name\":\"Chefek-\u00c9ttermek\"}]},{\"@type\":\"WebSite\",\"@id\":\"https:\\\/\\\/blog.matusz-vad.hu\\\/#website\",\"url\":\"https:\\\/\\\/blog.matusz-vad.hu\\\/\",\"name\":\"Matusz-Vad Blog\",\"description\":\"Inspir\u00e1ci\u00f3s magazin a gasztron\u00f3mia szerepl\u0151i r\u00e9sz\u00e9re\",\"publisher\":{\"@id\":\"https:\\\/\\\/blog.matusz-vad.hu\\\/#organization\"},\"potentialAction\":[{\"@type\":\"SearchAction\",\"target\":{\"@type\":\"EntryPoint\",\"urlTemplate\":\"https:\\\/\\\/blog.matusz-vad.hu\\\/?s={search_term_string}\"},\"query-input\":{\"@type\":\"PropertyValueSpecification\",\"valueRequired\":true,\"valueName\":\"search_term_string\"}}],\"inLanguage\":\"en-GB\"},{\"@type\":\"Organization\",\"@id\":\"https:\\\/\\\/blog.matusz-vad.hu\\\/#organization\",\"name\":\"Matusz-Vad Blog\",\"url\":\"https:\\\/\\\/blog.matusz-vad.hu\\\/\",\"logo\":{\"@type\":\"ImageObject\",\"inLanguage\":\"en-GB\",\"@id\":\"https:\\\/\\\/blog.matusz-vad.hu\\\/#\\\/schema\\\/logo\\\/image\\\/\",\"url\":\"https:\\\/\\\/blog.matusz-vad.hu\\\/wp-content\\\/uploads\\\/2021\\\/09\\\/cropped-Matusz_logo_teljes.jpg\",\"contentUrl\":\"https:\\\/\\\/blog.matusz-vad.hu\\\/wp-content\\\/uploads\\\/2021\\\/09\\\/cropped-Matusz_logo_teljes.jpg\",\"width\":801,\"height\":338,\"caption\":\"Matusz-Vad Blog\"},\"image\":{\"@id\":\"https:\\\/\\\/blog.matusz-vad.hu\\\/#\\\/schema\\\/logo\\\/image\\\/\"},\"sameAs\":[\"https:\\\/\\\/www.facebook.com\\\/MatuszVad\",\"https:\\\/\\\/www.linkedin.com\\\/company\\\/14790524\\\/admin\\\/\",\"https:\\\/\\\/www.facebook.com\\\/GourmetMarketPoweredByMatusz\"]}]}<\/script>\n<!-- \/ Yoast SEO Premium plugin. -->","yoast_head_json":{"title":"Chefek-\u00c9ttermek - Matusz-Vad Blog","robots":{"index":"index","follow":"follow","max-snippet":"max-snippet:-1","max-image-preview":"max-image-preview:large","max-video-preview":"max-video-preview:-1"},"canonical":"https:\/\/blog.matusz-vad.hu\/en\/chefek-ettermek\/","og_locale":"en_GB","og_type":"article","og_title":"Chefek-\u00c9ttermek","og_description":"Chefek-\u00c9ttermek Matusz-vad Partner a sikeres vend\u00e9gl\u00e1t\u00e1sban! Fagyasztott \u00e9lelmiszer nagykereskedelem. Megn\u00e9zem Ez is \u00e9rdekes lehet Ez\u00e9rt lett divat a sushi \u00e9s az \u00e1zsiai trad\u00edci\u00f3k szerint k\u00e9sz\u00edtett \u00e9telek &#8211; Japanika Mi a csud\u00e1t\u00f3l fut ennyire a Fricska \u00e9tteremlak\u00e1s? \ufffc Lapozzon bele \u00fajs\u00e1gunkba Receptjeink Borj\u00fal\u00e1bsz\u00e1r (osso bucco) kr\u00e9mes, parmez\u00e1nos krumplip\u00fcr\u00e9vel T\u00f6k\u00e9letes N\u0150NAPI FOG\u00c1S Priszt\u00f3ka Tibort\u00f3l R\u00e1ntott b\u00e9kacomb m\u00e1rtogat\u00f3ssal","og_url":"https:\/\/blog.matusz-vad.hu\/en\/chefek-ettermek\/","og_site_name":"Matusz-Vad Blog","article_publisher":"https:\/\/www.facebook.com\/MatuszVad","article_modified_time":"2022-03-09T17:16:37+00:00","og_image":[{"url":"https:\/\/blog.matusz-vad.hu\/wp-content\/uploads\/2022\/03\/1014_28-300x300.jpeg","type":"","width":"","height":""}],"twitter_card":"summary_large_image","twitter_misc":{"Estimated reading time":"5 minutes"},"schema":{"@context":"https:\/\/schema.org","@graph":[{"@type":"WebPage","@id":"https:\/\/blog.matusz-vad.hu\/chefek-ettermek\/","url":"https:\/\/blog.matusz-vad.hu\/chefek-ettermek\/","name":"Chefek-\u00c9ttermek - Matusz-Vad Blog","isPartOf":{"@id":"https:\/\/blog.matusz-vad.hu\/#website"},"primaryImageOfPage":{"@id":"https:\/\/blog.matusz-vad.hu\/chefek-ettermek\/#primaryimage"},"image":{"@id":"https:\/\/blog.matusz-vad.hu\/chefek-ettermek\/#primaryimage"},"thumbnailUrl":"https:\/\/blog.matusz-vad.hu\/wp-content\/uploads\/2022\/03\/1014_28-300x300.jpeg","datePublished":"2021-09-25T05:39:59+00:00","dateModified":"2022-03-09T17:16:37+00:00","breadcrumb":{"@id":"https:\/\/blog.matusz-vad.hu\/chefek-ettermek\/#breadcrumb"},"inLanguage":"en-GB","potentialAction":[{"@type":"ReadAction","target":["https:\/\/blog.matusz-vad.hu\/chefek-ettermek\/"]}]},{"@type":"ImageObject","inLanguage":"en-GB","@id":"https:\/\/blog.matusz-vad.hu\/chefek-ettermek\/#primaryimage","url":"https:\/\/blog.matusz-vad.hu\/wp-content\/uploads\/2022\/03\/1014_28-300x300.jpeg","contentUrl":"https:\/\/blog.matusz-vad.hu\/wp-content\/uploads\/2022\/03\/1014_28-300x300.jpeg"},{"@type":"BreadcrumbList","@id":"https:\/\/blog.matusz-vad.hu\/chefek-ettermek\/#breadcrumb","itemListElement":[{"@type":"ListItem","position":1,"name":"Kezd\u0151lap","item":"https:\/\/blog.matusz-vad.hu\/"},{"@type":"ListItem","position":2,"name":"Chefek-\u00c9ttermek"}]},{"@type":"WebSite","@id":"https:\/\/blog.matusz-vad.hu\/#website","url":"https:\/\/blog.matusz-vad.hu\/","name":"Matusz-Vad Blog","description":"Inspirational magazine for gastronomy professionals","publisher":{"@id":"https:\/\/blog.matusz-vad.hu\/#organization"},"potentialAction":[{"@type":"SearchAction","target":{"@type":"EntryPoint","urlTemplate":"https:\/\/blog.matusz-vad.hu\/?s={search_term_string}"},"query-input":{"@type":"PropertyValueSpecification","valueRequired":true,"valueName":"search_term_string"}}],"inLanguage":"en-GB"},{"@type":"Organization","@id":"https:\/\/blog.matusz-vad.hu\/#organization","name":"Matusz-Vad Blog","url":"https:\/\/blog.matusz-vad.hu\/","logo":{"@type":"ImageObject","inLanguage":"en-GB","@id":"https:\/\/blog.matusz-vad.hu\/#\/schema\/logo\/image\/","url":"https:\/\/blog.matusz-vad.hu\/wp-content\/uploads\/2021\/09\/cropped-Matusz_logo_teljes.jpg","contentUrl":"https:\/\/blog.matusz-vad.hu\/wp-content\/uploads\/2021\/09\/cropped-Matusz_logo_teljes.jpg","width":801,"height":338,"caption":"Matusz-Vad Blog"},"image":{"@id":"https:\/\/blog.matusz-vad.hu\/#\/schema\/logo\/image\/"},"sameAs":["https:\/\/www.facebook.com\/MatuszVad","https:\/\/www.linkedin.com\/company\/14790524\/admin\/","https:\/\/www.facebook.com\/GourmetMarketPoweredByMatusz"]}]}},"jetpack-related-posts":[],"jetpack_sharing_enabled":true,"_links":{"self":[{"href":"https:\/\/blog.matusz-vad.hu\/en\/wp-json\/wp\/v2\/pages\/6108","targetHints":{"allow":["GET"]}}],"collection":[{"href":"https:\/\/blog.matusz-vad.hu\/en\/wp-json\/wp\/v2\/pages"}],"about":[{"href":"https:\/\/blog.matusz-vad.hu\/en\/wp-json\/wp\/v2\/types\/page"}],"author":[{"embeddable":true,"href":"https:\/\/blog.matusz-vad.hu\/en\/wp-json\/wp\/v2\/users\/14"}],"replies":[{"embeddable":true,"href":"https:\/\/blog.matusz-vad.hu\/en\/wp-json\/wp\/v2\/comments?post=6108"}],"version-history":[{"count":40,"href":"https:\/\/blog.matusz-vad.hu\/en\/wp-json\/wp\/v2\/pages\/6108\/revisions"}],"predecessor-version":[{"id":12122,"href":"https:\/\/blog.matusz-vad.hu\/en\/wp-json\/wp\/v2\/pages\/6108\/revisions\/12122"}],"wp:attachment":[{"href":"https:\/\/blog.matusz-vad.hu\/en\/wp-json\/wp\/v2\/media?parent=6108"}],"curies":[{"name":"wp","href":"https:\/\/api.w.org\/{rel}","templated":true}]}}