{"id":6687,"date":"2021-09-27T18:14:36","date_gmt":"2021-09-27T18:14:36","guid":{"rendered":"https:\/\/blog.matusz-vad.hu\/?page_id=6687"},"modified":"2021-11-08T19:58:40","modified_gmt":"2021-11-08T19:58:40","slug":"kapcsolat","status":"publish","type":"page","link":"https:\/\/blog.matusz-vad.hu\/en\/kapcsolat\/","title":{"rendered":"Kapcsolat"},"content":{"rendered":"<div class=\"matus-fooldal-1 matus-entity-placement\" id=\"matus-2890092972\"><div id=\"matus-278728528\" style=\"margin-bottom: 30px;\"><a href=\"https:\/\/shop.matusz-vad.hu\/hu\/brand\/12315?utm_source=blog&#038;utm_medium=banner&#038;utm_campaign=heinz_2026_04&#038;ref=blog\" aria-label=\"Matusz-Vad_slider_Heinz_v2\"><img loading=\"lazy\" decoding=\"async\" src=\"https:\/\/blog.matusz-vad.hu\/wp-content\/uploads\/2023\/01\/Matusz-Vad_slider_Heinz_v2.jpg\" alt=\"\"  srcset=\"https:\/\/blog.matusz-vad.hu\/wp-content\/uploads\/2023\/01\/Matusz-Vad_slider_Heinz_v2.jpg 1383w, https:\/\/blog.matusz-vad.hu\/wp-content\/uploads\/2023\/01\/Matusz-Vad_slider_Heinz_v2-300x95.jpg 300w, https:\/\/blog.matusz-vad.hu\/wp-content\/uploads\/2023\/01\/Matusz-Vad_slider_Heinz_v2-1024x324.jpg 1024w, https:\/\/blog.matusz-vad.hu\/wp-content\/uploads\/2023\/01\/Matusz-Vad_slider_Heinz_v2-768x243.jpg 768w, https:\/\/blog.matusz-vad.hu\/wp-content\/uploads\/2023\/01\/Matusz-Vad_slider_Heinz_v2-18x6.jpg 18w, https:\/\/blog.matusz-vad.hu\/wp-content\/uploads\/2023\/01\/Matusz-Vad_slider_Heinz_v2-500x158.jpg 500w, https:\/\/blog.matusz-vad.hu\/wp-content\/uploads\/2023\/01\/Matusz-Vad_slider_Heinz_v2-1000x317.jpg 1000w, https:\/\/blog.matusz-vad.hu\/wp-content\/uploads\/2023\/01\/Matusz-Vad_slider_Heinz_v2-800x253.jpg 800w\" sizes=\"(max-width: 1383px) 100vw, 1383px\" width=\"1383\" height=\"438\"   \/><\/a><\/div><\/div><p><img decoding=\"async\" width=\"1742\" height=\"736\" src=\"https:\/\/blog.matusz-vad.hu\/wp-content\/uploads\/2021\/09\/Logo.png\" alt=\"\" loading=\"lazy\" srcset=\"https:\/\/blog.matusz-vad.hu\/wp-content\/uploads\/2021\/09\/Logo.png 1742w, https:\/\/blog.matusz-vad.hu\/wp-content\/uploads\/2021\/09\/Logo-300x127.png 300w, https:\/\/blog.matusz-vad.hu\/wp-content\/uploads\/2021\/09\/Logo-1024x433.png 1024w, https:\/\/blog.matusz-vad.hu\/wp-content\/uploads\/2021\/09\/Logo-768x324.png 768w, https:\/\/blog.matusz-vad.hu\/wp-content\/uploads\/2021\/09\/Logo-1536x649.png 1536w, https:\/\/blog.matusz-vad.hu\/wp-content\/uploads\/2021\/09\/Logo-1568x662.png 1568w\" sizes=\"auto, (max-width: 1742px) 100vw, 1742px\" \/>\t\t\t\t\t\t\t\t\t\t\t\t\t\t\t<\/p>\n<h2>Vegye fel vel\u00fcnk a kapcsolatot<\/h2>\n<h2>\u00cdrjon nek\u00fcnk<\/h2>\n<p>Koll\u00e9g\u00e1nk hamarosan v\u00e1laszol k\u00e9rd\u00e9sedre<\/p>\n<div class=\"matus-fooldal-3 matus-entity-placement\" id=\"matus-1190273247\"><div id=\"matus-2564926710\" style=\"margin-bottom: 30px;\"><a href=\"https:\/\/shop.matusz-vad.hu\/hu\/brand\/12315?utm_source=blog&#038;utm_medium=banner&#038;utm_campaign=heinz_2026_04&#038;ref=blog\" aria-label=\"Matusz-Vad_slider_Heinz_v2\"><img loading=\"lazy\" decoding=\"async\" src=\"https:\/\/blog.matusz-vad.hu\/wp-content\/uploads\/2023\/01\/Matusz-Vad_slider_Heinz_v2.jpg\" alt=\"\"  srcset=\"https:\/\/blog.matusz-vad.hu\/wp-content\/uploads\/2023\/01\/Matusz-Vad_slider_Heinz_v2.jpg 1383w, https:\/\/blog.matusz-vad.hu\/wp-content\/uploads\/2023\/01\/Matusz-Vad_slider_Heinz_v2-300x95.jpg 300w, https:\/\/blog.matusz-vad.hu\/wp-content\/uploads\/2023\/01\/Matusz-Vad_slider_Heinz_v2-1024x324.jpg 1024w, https:\/\/blog.matusz-vad.hu\/wp-content\/uploads\/2023\/01\/Matusz-Vad_slider_Heinz_v2-768x243.jpg 768w, https:\/\/blog.matusz-vad.hu\/wp-content\/uploads\/2023\/01\/Matusz-Vad_slider_Heinz_v2-18x6.jpg 18w, https:\/\/blog.matusz-vad.hu\/wp-content\/uploads\/2023\/01\/Matusz-Vad_slider_Heinz_v2-500x158.jpg 500w, https:\/\/blog.matusz-vad.hu\/wp-content\/uploads\/2023\/01\/Matusz-Vad_slider_Heinz_v2-1000x317.jpg 1000w, https:\/\/blog.matusz-vad.hu\/wp-content\/uploads\/2023\/01\/Matusz-Vad_slider_Heinz_v2-800x253.jpg 800w\" sizes=\"(max-width: 1383px) 100vw, 1383px\" width=\"1383\" height=\"438\"   \/><\/a><\/div><\/div>","protected":false},"excerpt":{"rendered":"<p>Vegye fel vel\u00fcnk a kapcsolatot \u00cdrjon nek\u00fcnk Koll\u00e9g\u00e1nk hamarosan v\u00e1laszol k\u00e9rd\u00e9sedre<\/p>","protected":false},"author":14,"featured_media":0,"parent":0,"menu_order":0,"comment_status":"closed","ping_status":"closed","template":"elementor_header_footer","meta":{"footnotes":""},"class_list":["post-6687","page","type-page","status-publish","hentry"],"yoast_head":"<!-- This site is optimized with the Yoast SEO Premium plugin v27.4 (Yoast SEO v27.4) - https:\/\/yoast.com\/product\/yoast-seo-premium-wordpress\/ -->\n<title>Kapcsolat - Matusz-Vad Blog<\/title>\n<meta name=\"robots\" content=\"index, follow, max-snippet:-1, max-image-preview:large, max-video-preview:-1\" \/>\n<link rel=\"canonical\" href=\"https:\/\/blog.matusz-vad.hu\/en\/kapcsolat\/\" \/>\n<meta property=\"og:locale\" content=\"en_GB\" \/>\n<meta property=\"og:type\" content=\"article\" \/>\n<meta property=\"og:title\" content=\"Kapcsolat\" \/>\n<meta property=\"og:description\" content=\"Vegye fel vel\u00fcnk a kapcsolatot \u00cdrjon nek\u00fcnk Koll\u00e9g\u00e1nk hamarosan v\u00e1laszol k\u00e9rd\u00e9sedre\" \/>\n<meta property=\"og:url\" content=\"https:\/\/blog.matusz-vad.hu\/en\/kapcsolat\/\" \/>\n<meta property=\"og:site_name\" content=\"Matusz-Vad Blog\" \/>\n<meta property=\"article:publisher\" content=\"https:\/\/www.facebook.com\/MatuszVad\" \/>\n<meta property=\"article:modified_time\" content=\"2021-11-08T19:58:40+00:00\" \/>\n<meta property=\"og:image\" content=\"https:\/\/blog.matusz-vad.hu\/wp-content\/uploads\/2021\/09\/Logo.png\" \/>\n<meta name=\"twitter:card\" content=\"summary_large_image\" \/>\n<meta name=\"twitter:label1\" content=\"Estimated reading time\" \/>\n\t<meta name=\"twitter:data1\" content=\"1 minute\" \/>\n<script type=\"application\/ld+json\" class=\"yoast-schema-graph\">{\"@context\":\"https:\\\/\\\/schema.org\",\"@graph\":[{\"@type\":\"WebPage\",\"@id\":\"https:\\\/\\\/blog.matusz-vad.hu\\\/kapcsolat\\\/\",\"url\":\"https:\\\/\\\/blog.matusz-vad.hu\\\/kapcsolat\\\/\",\"name\":\"Kapcsolat - Matusz-Vad Blog\",\"isPartOf\":{\"@id\":\"https:\\\/\\\/blog.matusz-vad.hu\\\/#website\"},\"primaryImageOfPage\":{\"@id\":\"https:\\\/\\\/blog.matusz-vad.hu\\\/kapcsolat\\\/#primaryimage\"},\"image\":{\"@id\":\"https:\\\/\\\/blog.matusz-vad.hu\\\/kapcsolat\\\/#primaryimage\"},\"thumbnailUrl\":\"https:\\\/\\\/blog.matusz-vad.hu\\\/wp-content\\\/uploads\\\/2021\\\/09\\\/Logo.png\",\"datePublished\":\"2021-09-27T18:14:36+00:00\",\"dateModified\":\"2021-11-08T19:58:40+00:00\",\"breadcrumb\":{\"@id\":\"https:\\\/\\\/blog.matusz-vad.hu\\\/kapcsolat\\\/#breadcrumb\"},\"inLanguage\":\"en-GB\",\"potentialAction\":[{\"@type\":\"ReadAction\",\"target\":[\"https:\\\/\\\/blog.matusz-vad.hu\\\/kapcsolat\\\/\"]}]},{\"@type\":\"ImageObject\",\"inLanguage\":\"en-GB\",\"@id\":\"https:\\\/\\\/blog.matusz-vad.hu\\\/kapcsolat\\\/#primaryimage\",\"url\":\"https:\\\/\\\/blog.matusz-vad.hu\\\/wp-content\\\/uploads\\\/2021\\\/09\\\/Logo.png\",\"contentUrl\":\"https:\\\/\\\/blog.matusz-vad.hu\\\/wp-content\\\/uploads\\\/2021\\\/09\\\/Logo.png\"},{\"@type\":\"BreadcrumbList\",\"@id\":\"https:\\\/\\\/blog.matusz-vad.hu\\\/kapcsolat\\\/#breadcrumb\",\"itemListElement\":[{\"@type\":\"ListItem\",\"position\":1,\"name\":\"Kezd\u0151lap\",\"item\":\"https:\\\/\\\/blog.matusz-vad.hu\\\/\"},{\"@type\":\"ListItem\",\"position\":2,\"name\":\"Kapcsolat\"}]},{\"@type\":\"WebSite\",\"@id\":\"https:\\\/\\\/blog.matusz-vad.hu\\\/#website\",\"url\":\"https:\\\/\\\/blog.matusz-vad.hu\\\/\",\"name\":\"Matusz-Vad Blog\",\"description\":\"Inspir\u00e1ci\u00f3s magazin a gasztron\u00f3mia szerepl\u0151i r\u00e9sz\u00e9re\",\"publisher\":{\"@id\":\"https:\\\/\\\/blog.matusz-vad.hu\\\/#organization\"},\"potentialAction\":[{\"@type\":\"SearchAction\",\"target\":{\"@type\":\"EntryPoint\",\"urlTemplate\":\"https:\\\/\\\/blog.matusz-vad.hu\\\/?s={search_term_string}\"},\"query-input\":{\"@type\":\"PropertyValueSpecification\",\"valueRequired\":true,\"valueName\":\"search_term_string\"}}],\"inLanguage\":\"en-GB\"},{\"@type\":\"Organization\",\"@id\":\"https:\\\/\\\/blog.matusz-vad.hu\\\/#organization\",\"name\":\"Matusz-Vad Blog\",\"url\":\"https:\\\/\\\/blog.matusz-vad.hu\\\/\",\"logo\":{\"@type\":\"ImageObject\",\"inLanguage\":\"en-GB\",\"@id\":\"https:\\\/\\\/blog.matusz-vad.hu\\\/#\\\/schema\\\/logo\\\/image\\\/\",\"url\":\"https:\\\/\\\/blog.matusz-vad.hu\\\/wp-content\\\/uploads\\\/2021\\\/09\\\/cropped-Matusz_logo_teljes.jpg\",\"contentUrl\":\"https:\\\/\\\/blog.matusz-vad.hu\\\/wp-content\\\/uploads\\\/2021\\\/09\\\/cropped-Matusz_logo_teljes.jpg\",\"width\":801,\"height\":338,\"caption\":\"Matusz-Vad Blog\"},\"image\":{\"@id\":\"https:\\\/\\\/blog.matusz-vad.hu\\\/#\\\/schema\\\/logo\\\/image\\\/\"},\"sameAs\":[\"https:\\\/\\\/www.facebook.com\\\/MatuszVad\",\"https:\\\/\\\/www.linkedin.com\\\/company\\\/14790524\\\/admin\\\/\",\"https:\\\/\\\/www.facebook.com\\\/GourmetMarketPoweredByMatusz\"]}]}<\/script>\n<!-- \/ Yoast SEO Premium plugin. -->","yoast_head_json":{"title":"Kapcsolat - Matusz-Vad Blog","robots":{"index":"index","follow":"follow","max-snippet":"max-snippet:-1","max-image-preview":"max-image-preview:large","max-video-preview":"max-video-preview:-1"},"canonical":"https:\/\/blog.matusz-vad.hu\/en\/kapcsolat\/","og_locale":"en_GB","og_type":"article","og_title":"Kapcsolat","og_description":"Vegye fel vel\u00fcnk a kapcsolatot \u00cdrjon nek\u00fcnk Koll\u00e9g\u00e1nk hamarosan v\u00e1laszol k\u00e9rd\u00e9sedre","og_url":"https:\/\/blog.matusz-vad.hu\/en\/kapcsolat\/","og_site_name":"Matusz-Vad Blog","article_publisher":"https:\/\/www.facebook.com\/MatuszVad","article_modified_time":"2021-11-08T19:58:40+00:00","og_image":[{"url":"https:\/\/blog.matusz-vad.hu\/wp-content\/uploads\/2021\/09\/Logo.png","type":"","width":"","height":""}],"twitter_card":"summary_large_image","twitter_misc":{"Estimated reading time":"1 minute"},"schema":{"@context":"https:\/\/schema.org","@graph":[{"@type":"WebPage","@id":"https:\/\/blog.matusz-vad.hu\/kapcsolat\/","url":"https:\/\/blog.matusz-vad.hu\/kapcsolat\/","name":"Kapcsolat - Matusz-Vad Blog","isPartOf":{"@id":"https:\/\/blog.matusz-vad.hu\/#website"},"primaryImageOfPage":{"@id":"https:\/\/blog.matusz-vad.hu\/kapcsolat\/#primaryimage"},"image":{"@id":"https:\/\/blog.matusz-vad.hu\/kapcsolat\/#primaryimage"},"thumbnailUrl":"https:\/\/blog.matusz-vad.hu\/wp-content\/uploads\/2021\/09\/Logo.png","datePublished":"2021-09-27T18:14:36+00:00","dateModified":"2021-11-08T19:58:40+00:00","breadcrumb":{"@id":"https:\/\/blog.matusz-vad.hu\/kapcsolat\/#breadcrumb"},"inLanguage":"en-GB","potentialAction":[{"@type":"ReadAction","target":["https:\/\/blog.matusz-vad.hu\/kapcsolat\/"]}]},{"@type":"ImageObject","inLanguage":"en-GB","@id":"https:\/\/blog.matusz-vad.hu\/kapcsolat\/#primaryimage","url":"https:\/\/blog.matusz-vad.hu\/wp-content\/uploads\/2021\/09\/Logo.png","contentUrl":"https:\/\/blog.matusz-vad.hu\/wp-content\/uploads\/2021\/09\/Logo.png"},{"@type":"BreadcrumbList","@id":"https:\/\/blog.matusz-vad.hu\/kapcsolat\/#breadcrumb","itemListElement":[{"@type":"ListItem","position":1,"name":"Kezd\u0151lap","item":"https:\/\/blog.matusz-vad.hu\/"},{"@type":"ListItem","position":2,"name":"Kapcsolat"}]},{"@type":"WebSite","@id":"https:\/\/blog.matusz-vad.hu\/#website","url":"https:\/\/blog.matusz-vad.hu\/","name":"Matusz-Vad Blog","description":"Inspirational magazine for gastronomy professionals","publisher":{"@id":"https:\/\/blog.matusz-vad.hu\/#organization"},"potentialAction":[{"@type":"SearchAction","target":{"@type":"EntryPoint","urlTemplate":"https:\/\/blog.matusz-vad.hu\/?s={search_term_string}"},"query-input":{"@type":"PropertyValueSpecification","valueRequired":true,"valueName":"search_term_string"}}],"inLanguage":"en-GB"},{"@type":"Organization","@id":"https:\/\/blog.matusz-vad.hu\/#organization","name":"Matusz-Vad Blog","url":"https:\/\/blog.matusz-vad.hu\/","logo":{"@type":"ImageObject","inLanguage":"en-GB","@id":"https:\/\/blog.matusz-vad.hu\/#\/schema\/logo\/image\/","url":"https:\/\/blog.matusz-vad.hu\/wp-content\/uploads\/2021\/09\/cropped-Matusz_logo_teljes.jpg","contentUrl":"https:\/\/blog.matusz-vad.hu\/wp-content\/uploads\/2021\/09\/cropped-Matusz_logo_teljes.jpg","width":801,"height":338,"caption":"Matusz-Vad Blog"},"image":{"@id":"https:\/\/blog.matusz-vad.hu\/#\/schema\/logo\/image\/"},"sameAs":["https:\/\/www.facebook.com\/MatuszVad","https:\/\/www.linkedin.com\/company\/14790524\/admin\/","https:\/\/www.facebook.com\/GourmetMarketPoweredByMatusz"]}]}},"jetpack-related-posts":[],"jetpack_sharing_enabled":true,"_links":{"self":[{"href":"https:\/\/blog.matusz-vad.hu\/en\/wp-json\/wp\/v2\/pages\/6687","targetHints":{"allow":["GET"]}}],"collection":[{"href":"https:\/\/blog.matusz-vad.hu\/en\/wp-json\/wp\/v2\/pages"}],"about":[{"href":"https:\/\/blog.matusz-vad.hu\/en\/wp-json\/wp\/v2\/types\/page"}],"author":[{"embeddable":true,"href":"https:\/\/blog.matusz-vad.hu\/en\/wp-json\/wp\/v2\/users\/14"}],"replies":[{"embeddable":true,"href":"https:\/\/blog.matusz-vad.hu\/en\/wp-json\/wp\/v2\/comments?post=6687"}],"version-history":[{"count":13,"href":"https:\/\/blog.matusz-vad.hu\/en\/wp-json\/wp\/v2\/pages\/6687\/revisions"}],"predecessor-version":[{"id":7608,"href":"https:\/\/blog.matusz-vad.hu\/en\/wp-json\/wp\/v2\/pages\/6687\/revisions\/7608"}],"wp:attachment":[{"href":"https:\/\/blog.matusz-vad.hu\/en\/wp-json\/wp\/v2\/media?parent=6687"}],"curies":[{"name":"wp","href":"https:\/\/api.w.org\/{rel}","templated":true}]}}